{"id":10640,"date":"2025-02-25T15:41:31","date_gmt":"2025-02-25T15:41:31","guid":{"rendered":"https:\/\/afcholland.com\/?page_id=10640"},"modified":"2025-02-27T01:49:53","modified_gmt":"2025-02-27T01:49:53","slug":"geraldine-calmon-coach-professionnelle-certifiee","status":"publish","type":"page","link":"https:\/\/afcholland.com\/en\/geraldine-calmon-coach-professionnelle-certifiee\/","title":{"rendered":"G\u00e9raldine Calmon, coach professionnelle certifi\u00e9e"},"content":{"rendered":"<div data-elementor-type=\"wp-page\" data-elementor-id=\"10640\" class=\"elementor elementor-10640\" data-elementor-post-type=\"page\">\n\t\t\t\t<div class=\"elementor-element elementor-element-6fe8bc53 e-flex e-con-boxed wpr-particle-no wpr-jarallax-no wpr-parallax-no wpr-sticky-section-no wpr-equal-height-no e-con e-parent\" data-id=\"6fe8bc53\" data-element_type=\"container\" data-e-type=\"container\">\n\t\t\t\t\t<div class=\"e-con-inner\">\n\t\t<div class=\"elementor-element elementor-element-4cd9fd0 e-con-full e-flex wpr-particle-no wpr-jarallax-no wpr-parallax-no wpr-sticky-section-no wpr-equal-height-no e-con e-child\" data-id=\"4cd9fd0\" data-element_type=\"container\" data-e-type=\"container\" data-settings=\"{&quot;background_background&quot;:&quot;classic&quot;}\">\n\t\t\t\t<div class=\"elementor-element elementor-element-31eb034d elementor-widget elementor-widget-text-editor\" data-id=\"31eb034d\" data-element_type=\"widget\" data-e-type=\"widget\" data-widget_type=\"text-editor.default\">\n\t\t\t\t\t\t\t\t\t<p>\u00ab<span style=\"font-style: inherit; font-weight: inherit; text-align: var(--text-align);\">I particularly enjoyed the one-day training course (European version)\non AFC Holland's RIASEC test, led by Bernadette Crepel, a highly skilled trainer.\nAlthough I was already familiar with the test, her clear and accessible explanations\nhelped me to better understand certain aspects and shed light on some gray areas.<\/span><\/p><p>The training was interactive and punctuated by numerous concrete cases and\nreal-life examples, thus facilitating the appropriation of the tool and the interpretation\nof the results. I didn't think that in a single day we could\nacquire such a precise and operational vision of the test!<o:p><\/o:p><\/p><p>\n\n\n\n<span style=\"font-style: inherit; font-weight: inherit; text-align: var(--text-align);\">Using AFC Holland's RIASEC test in my career counseling sessions with\nyoung people and adults undergoing career transitions, I am\nconvinced of its relevance as a basis for discussion to explore their\nmotivations and refine their choices. A big thank you to the whole team for this\nenriching training!<\/span>&nbsp;\u00bb<\/p>\n<p style=\"font-size: 14px; line-height: 18px; margin-left: 25px; margin-top: 20px;\"><strong>G\u00e9raldine Calmon<br>Career Counselor<br>France<\/strong><\/p>\t\t\t\t\t\t\t\t<\/div>\n\t\t\t\t<\/div>\n\t\t\t\t\t<\/div>\n\t\t\t\t<\/div>\n\t\t\t\t<\/div>","protected":false},"excerpt":{"rendered":"<p>\u00abJ\u2019ai particuli\u00e8rement appr\u00e9ci\u00e9 la formation d\u2019une journ\u00e9e (version Europe) sur le test RIASEC d&rsquo;AFC Holland, anim\u00e9e par Bernadette Crepel, une formatrice tr\u00e8s professionnelle. Bien que je connaissais d\u00e9j\u00e0 le test, ses explications claires et accessibles m\u2019ont permis de mieux en comprendre certains aspects et d\u2019\u00e9clairer des zones d\u2019ombre. La formation \u00e9tait interactive et rythm\u00e9e par de nombreux cas concrets et exemples v\u00e9cus, facilitant ainsi l\u2019appropriation de l\u2019outil et l\u2019interpr\u00e9tation des r\u00e9sultats. Je ne pensais pas qu\u2019en une seule journ\u00e9e, nous pourrions acqu\u00e9rir une vision aussi pr\u00e9cise et op\u00e9rationnelle du test ! Utilisant le test RIASEC d&rsquo;AFC Holland dans mes accompagnements en orientation aupr\u00e8s des jeunes et des adultes en reconversion, je suis convaincue de sa pertinence comme base d\u2019\u00e9change pour explorer leurs motivations et affiner leurs choix. Un grand merci \u00e0 toute l\u2019\u00e9quipe pour cette formation enrichissante !\u00a0\u00bb\u00a0\u00bb G\u00e9raldine Calmon Coach professionnelle certifi\u00e9e France<\/p>","protected":false},"author":2,"featured_media":0,"parent":0,"menu_order":0,"comment_status":"closed","ping_status":"closed","template":"","meta":{"_monsterinsights_skip_tracking":false,"_monsterinsights_sitenote_active":false,"_monsterinsights_sitenote_note":"","_monsterinsights_sitenote_category":0,"site-sidebar-layout":"default","site-content-layout":"","ast-site-content-layout":"default","site-content-style":"default","site-sidebar-style":"default","ast-global-header-display":"","ast-banner-title-visibility":"","ast-main-header-display":"","ast-hfb-above-header-display":"","ast-hfb-below-header-display":"","ast-hfb-mobile-header-display":"","site-post-title":"","ast-breadcrumbs-content":"","ast-featured-img":"","footer-sml-layout":"","ast-disable-related-posts":"","theme-transparent-header-meta":"default","adv-header-id-meta":"","stick-header-meta":"","header-above-stick-meta":"","header-main-stick-meta":"","header-below-stick-meta":"","astra-migrate-meta-layouts":"set","ast-page-background-enabled":"default","ast-page-background-meta":{"desktop":{"background-color":"var(--ast-global-color-4)","background-image":"","background-repeat":"repeat","background-position":"center center","background-size":"auto","background-attachment":"scroll","background-type":"","background-media":"","overlay-type":"","overlay-color":"","overlay-opacity":"","overlay-gradient":""},"tablet":{"background-color":"","background-image":"","background-repeat":"repeat","background-position":"center center","background-size":"auto","background-attachment":"scroll","background-type":"","background-media":"","overlay-type":"","overlay-color":"","overlay-opacity":"","overlay-gradient":""},"mobile":{"background-color":"","background-image":"","background-repeat":"repeat","background-position":"center center","background-size":"auto","background-attachment":"scroll","background-type":"","background-media":"","overlay-type":"","overlay-color":"","overlay-opacity":"","overlay-gradient":""}},"ast-content-background-meta":{"desktop":{"background-color":"var(--ast-global-color-5)","background-image":"","background-repeat":"repeat","background-position":"center center","background-size":"auto","background-attachment":"scroll","background-type":"","background-media":"","overlay-type":"","overlay-color":"","overlay-opacity":"","overlay-gradient":""},"tablet":{"background-color":"var(--ast-global-color-5)","background-image":"","background-repeat":"repeat","background-position":"center center","background-size":"auto","background-attachment":"scroll","background-type":"","background-media":"","overlay-type":"","overlay-color":"","overlay-opacity":"","overlay-gradient":""},"mobile":{"background-color":"var(--ast-global-color-5)","background-image":"","background-repeat":"repeat","background-position":"center center","background-size":"auto","background-attachment":"scroll","background-type":"","background-media":"","overlay-type":"","overlay-color":"","overlay-opacity":"","overlay-gradient":""}},"footnotes":""},"class_list":["post-10640","page","type-page","status-publish","hentry"],"_links":{"self":[{"href":"https:\/\/afcholland.com\/en\/wp-json\/wp\/v2\/pages\/10640","targetHints":{"allow":["GET"]}}],"collection":[{"href":"https:\/\/afcholland.com\/en\/wp-json\/wp\/v2\/pages"}],"about":[{"href":"https:\/\/afcholland.com\/en\/wp-json\/wp\/v2\/types\/page"}],"author":[{"embeddable":true,"href":"https:\/\/afcholland.com\/en\/wp-json\/wp\/v2\/users\/2"}],"replies":[{"embeddable":true,"href":"https:\/\/afcholland.com\/en\/wp-json\/wp\/v2\/comments?post=10640"}],"version-history":[{"count":0,"href":"https:\/\/afcholland.com\/en\/wp-json\/wp\/v2\/pages\/10640\/revisions"}],"wp:attachment":[{"href":"https:\/\/afcholland.com\/en\/wp-json\/wp\/v2\/media?parent=10640"}],"curies":[{"name":"wp","href":"https:\/\/api.w.org\/{rel}","templated":true}]}}