{"id":11563,"date":"2014-10-23T12:19:37","date_gmt":"2014-10-23T16:19:37","guid":{"rendered":"https:\/\/afcholland.com\/essai-du-test-psychometrique\/"},"modified":"2014-10-23T12:19:37","modified_gmt":"2014-10-23T16:19:37","slug":"essai-du-test-psychometrique","status":"publish","type":"page","link":"https:\/\/afcholland.com\/en\/essai-du-test-psychometrique\/","title":{"rendered":"Essai du test psychom\u00e9trique"},"content":{"rendered":"<p><!-- Google Analytics Content Experiment code --><br \/>\n<script>function utmx_section(){}function utmx(){}(function(){var\nk='45819162-1',d=document,l=d.location,c=d.cookie;\nif(l.search.indexOf('utm_expid='+k)>0)return;\nfunction f(n){if(c){var i=c.indexOf(n+'=');if(i>-1){var j=c.\nindexOf(';',i);return escape(c.substring(i+n.length+1,j<0?c.\nlength:j))}}}var x=f('__utmx'),xx=f('__utmxx'),h=l.hash;d.write(\n'<sc'+'ript src=\"'+'http'+(l.protocol=='https:'?'s:\/\/ssl': ':\/\/www')+'.google-analytics.com\/ga_exp.js?'+'utmxkey='+k+ '&#038;utmx='+(x?x:'')+'&#038;utmxx='+(xx?xx:'')+'&#038;utmxtime='+new Date(). valueOf()+(h?'&#038;utmxhash='+escape(h.substr(1)):'')+ '\" type=\"text\/javascript\" charset=\"utf-8\"><\\\/sc'+'ript>')})();\n<\/script><script>utmx('url','A\/B');<\/script><br \/>\n<!-- End of Google Analytics Content Experiment code --><br \/>\nSi vous vous qualifiez pour une utilisation autonome de notre test psychom\u00e9trique dans vos fonctions professionnelles, nous vous offrons d&#8217;essayer gratuitement notre test psychom\u00e9trique et ce, sans obligation de votre part. Vous recevrez vos rapports complets et, si vous le souhaitez, un support \u00e0 l&#8217;interpr\u00e9tation par t\u00e9l\u00e9phone ou en personne.<\/p>\n<p>Les qualifications requises sont les suivantes:<\/p>\n<p>S\u00e9lection et dotation de personnel: membres de l&#8217;Ordre des psychologues du Qu\u00e9bec, membres de l&#8217;Ordre des conseillers d&#8217;orientation du Qu\u00e9bec ou membres de l&#8217;Ordre des CRHA\/CRIA du Qu\u00e9bec. Pour les autres territoires, des \u00e9quivalences sont requises.<\/p>\n<p>Coaching de gestion: membres de l&#8217;Ordre des psychologues du Qu\u00e9bec, membres de l&#8217;Ordre des conseillers d&#8217;orientation du Qu\u00e9bec, membres de l&#8217;Ordre des CRHA\/CRIA du Qu\u00e9bec ou coachs certifi\u00e9s ICF. Pour les autres territoires, des \u00e9quivalences sont requises.<\/p>\n<p>D\u00e9veloppement de l&#8217;employabilit\u00e9: membres de l&#8217;Ordre des psychologues du Qu\u00e9bec, membres de l&#8217;Ordre des conseillers d&#8217;orientation du Qu\u00e9bec, membres de l&#8217;Ordre des CRHA\/CRIA ou conseillers en emploi qui travaillent dans des organisations partenaires \u00e0 Emploi Qu\u00e9bec ou autres entit\u00e9s gouvernementales provinciales ou f\u00e9d\u00e9rales. Pour les autres territoires, des \u00e9quivalences sont requises.<\/p>\n<h2>Contactez-nous pour obtenir votre essai.<\/h2>\n<p><iframe src=\"https:\/\/maps.google.com\/maps?oe=utf-8&amp;client=firefox-a&amp;channel=rcs&amp;q=2260,+rue+Demers,+bureau+240+Drummondville,+Qu%C3%A9bec+J2B+1L0&amp;ie=UTF8&amp;hq=&amp;hnear=2260+Rue Demers,+Drummondville,+Qu%C3%A9bec+J2B+1L0,+Canada&amp;t=m&amp;z=14&amp;ll=45.884352,-72.490468&amp;output=embed\" width=\"100%\" height=\"350\" frameborder=\"0\" marginwidth=\"0\" marginheight=\"0\" scrolling=\"no\"><\/iframe><br \/>\n<small><a style=\"color: #0000ff; text-align: left;\" href=\"https:\/\/maps.google.com\/maps?oe=utf-8&amp;client=firefox-a&amp;channel=rcs&amp;q=193,+rue+Lindsay,+bureau+202+Drummondville,+Qu%C3%A9bec+J2C+1N8&amp;ie=UTF8&amp;hq=&amp;hnear=193+Rue+Lindsay,+Drummondville,+Qu%C3%A9bec+J2C+1N9,+Canada&amp;t=m&amp;z=14&amp;ll=45.884352,-72.490468&amp;source=embed\" target=\"_blank\" rel=\"noopener\">View Larger Map<\/a><\/small><\/p>\n<dl class=\"address\">\n<dt><strong>Comp\u00e9tences G\u00e9n\u00e9riques AFC inc.<\/strong><br \/>\n2260, rue Demers<br \/>\nbureau 240<br \/>\nDrummondville (Qc)<br \/>\nJ2B 1L0<\/dt>\n<dd><strong>T\u00e9l. :(local)<\/strong> 819-850-1414<br \/>\n<strong>T\u00e9l. :(ext.)<\/strong> 1-877-474-7042<br \/>\n<strong>T\u00e9l\u00e9c. :<\/strong> 819-477-6446<\/dd>\n<\/dl>\n<p><strong>Courriel:<\/strong><br \/>\n<a href=\"mailto:infocg@competencesgeneriques.com\">infocg@competencesgeneriques.com<\/a><\/p>\n<p><strong>Heures d&#8217;ouverture :<\/strong><br \/>\nlundi au vendredi<br \/>\n8 h00 \u00e0 12 h 00<br \/>\n13 h 00 \u00e0 16 h 30 du<br \/>\nheure normale de l&#8217;Est<\/p>\n<p>[grid_5]<\/p>\n<p>[\/grid_5]<\/p>\n<p><!-- Google Code for Visite page contact Conversion Page --><br \/>\n<script type=\"text\/javascript\">\n\/* <![CDATA[ *\/ var google_conversion_id = 1055807466; var google_conversion_language = \"en\"; var google_conversion_format = \"1\"; var google_conversion_color = \"ffffff\"; var google_conversion_label = \"yr2dCPrpswQQ6q-59wM\"; var google_conversion_value = 15.00; \/* ]]> *\/\n<\/script><br \/>\n<script type=\"text\/javascript\" src=\"\/\/www.googleadservices.com\/pagead\/conversion.js\">\n<\/script><br \/>\n<noscript><\/p>\n<div style=\"display:inline;\">\n<img loading=\"lazy\" decoding=\"async\" height=\"1\" width=\"1\" style=\"border-style:none;\" alt=\"\" src=\"\/\/www.googleadservices.com\/pagead\/conversion\/1055807466\/?value=15.00&amp;label=yr2dCPrpswQQ6q-59wM&amp;guid=ON&amp;script=0\"\/><\/div>\n<p><\/noscript><\/p>\n<p><!-- Google Analytics Content Experiment code --><br \/>\n<script>function utmx_section(){}function utmx(){}(function(){var\nk='45819162-1',d=document,l=d.location,c=d.cookie;\nif(l.search.indexOf('utm_expid='+k)>0)return;\nfunction f(n){if(c){var i=c.indexOf(n+'=');if(i>-1){var j=c.\nindexOf(';',i);return escape(c.substring(i+n.length+1,j<0?c.\nlength:j))}}}var x=f('__utmx'),xx=f('__utmxx'),h=l.hash;d.write(\n'<sc'+'ript src=\"'+'http'+(l.protocol=='https:'?'s:\/\/ssl': ':\/\/www')+'.google-analytics.com\/ga_exp.js?'+'utmxkey='+k+ '&#038;utmx='+(x?x:'')+'&#038;utmxx='+(xx?xx:'')+'&#038;utmxtime='+new Date(). valueOf()+(h?'&#038;utmxhash='+escape(h.substr(1)):'')+ '\" type=\"text\/javascript\" charset=\"utf-8\"><\\\/sc'+'ript>')})();\n<\/script><script>utmx('url','A\/B');<\/script><br \/>\n<!-- End of Google Analytics Content Experiment code --><\/p>\n<p>[clear]<\/p>\n","protected":false},"excerpt":{"rendered":"<p>Si vous vous qualifiez pour une utilisation autonome de notre test psychom\u00e9trique dans vos fonctions professionnelles, nous vous offrons d&#8217;essayer gratuitement notre test psychom\u00e9trique et ce, sans obligation de votre part. Vous recevrez vos rapports complets et, si vous le souhaitez, un support \u00e0 l&#8217;interpr\u00e9tation par t\u00e9l\u00e9phone ou en personne. Les qualifications requises sont les suivantes: S\u00e9lection et dotation de personnel: membres de l&#8217;Ordre des psychologues du Qu\u00e9bec, membres de l&#8217;Ordre des conseillers d&#8217;orientation du Qu\u00e9bec ou membres de l&#8217;Ordre des CRHA\/CRIA du Qu\u00e9bec. Pour les autres territoires, des \u00e9quivalences sont requises. Coaching de gestion: membres de l&#8217;Ordre des psychologues du Qu\u00e9bec, membres de l&#8217;Ordre des conseillers d&#8217;orientation du Qu\u00e9bec, membres de l&#8217;Ordre des CRHA\/CRIA du Qu\u00e9bec ou coachs certifi\u00e9s ICF. Pour les autres territoires, des \u00e9quivalences sont requises. D\u00e9veloppement de l&#8217;employabilit\u00e9: membres de l&#8217;Ordre des psychologues du Qu\u00e9bec, membres de l&#8217;Ordre des conseillers d&#8217;orientation du Qu\u00e9bec, membres de l&#8217;Ordre des CRHA\/CRIA ou conseillers en emploi qui travaillent dans des organisations partenaires \u00e0 Emploi Qu\u00e9bec ou autres entit\u00e9s gouvernementales provinciales ou f\u00e9d\u00e9rales. Pour les autres territoires, des \u00e9quivalences sont requises. Contactez-nous pour obtenir votre essai. View Larger Map Comp\u00e9tences G\u00e9n\u00e9riques AFC inc. 2260, rue Demers bureau 240 Drummondville (Qc) J2B 1L0 T\u00e9l. :(local) 819-850-1414 T\u00e9l. :(ext.) 1-877-474-7042 T\u00e9l\u00e9c. : 819-477-6446 Courriel: infocg@competencesgeneriques.com Heures d&#8217;ouverture : lundi au vendredi 8 h00 \u00e0 12 h 00 13 h 00 \u00e0 16 h 30 du heure normale de l&#8217;Est [grid_5] [\/grid_5] [clear]<\/p>\n","protected":false},"author":2,"featured_media":0,"parent":0,"menu_order":0,"comment_status":"closed","ping_status":"open","template":"","meta":{"_monsterinsights_skip_tracking":false,"_monsterinsights_sitenote_active":false,"_monsterinsights_sitenote_note":"","_monsterinsights_sitenote_category":0,"site-sidebar-layout":"default","site-content-layout":"","ast-site-content-layout":"default","site-content-style":"default","site-sidebar-style":"default","ast-global-header-display":"","ast-banner-title-visibility":"","ast-main-header-display":"","ast-hfb-above-header-display":"","ast-hfb-below-header-display":"","ast-hfb-mobile-header-display":"","site-post-title":"","ast-breadcrumbs-content":"","ast-featured-img":"","footer-sml-layout":"","ast-disable-related-posts":"","theme-transparent-header-meta":"","adv-header-id-meta":"","stick-header-meta":"","header-above-stick-meta":"","header-main-stick-meta":"","header-below-stick-meta":"","astra-migrate-meta-layouts":"default","ast-page-background-enabled":"default","ast-page-background-meta":{"desktop":{"background-color":"var(--ast-global-color-4)","background-image":"","background-repeat":"repeat","background-position":"center center","background-size":"auto","background-attachment":"scroll","background-type":"","background-media":"","overlay-type":"","overlay-color":"","overlay-opacity":"","overlay-gradient":""},"tablet":{"background-color":"","background-image":"","background-repeat":"repeat","background-position":"center center","background-size":"auto","background-attachment":"scroll","background-type":"","background-media":"","overlay-type":"","overlay-color":"","overlay-opacity":"","overlay-gradient":""},"mobile":{"background-color":"","background-image":"","background-repeat":"repeat","background-position":"center center","background-size":"auto","background-attachment":"scroll","background-type":"","background-media":"","overlay-type":"","overlay-color":"","overlay-opacity":"","overlay-gradient":""}},"ast-content-background-meta":{"desktop":{"background-color":"var(--ast-global-color-5)","background-image":"","background-repeat":"repeat","background-position":"center center","background-size":"auto","background-attachment":"scroll","background-type":"","background-media":"","overlay-type":"","overlay-color":"","overlay-opacity":"","overlay-gradient":""},"tablet":{"background-color":"var(--ast-global-color-5)","background-image":"","background-repeat":"repeat","background-position":"center center","background-size":"auto","background-attachment":"scroll","background-type":"","background-media":"","overlay-type":"","overlay-color":"","overlay-opacity":"","overlay-gradient":""},"mobile":{"background-color":"var(--ast-global-color-5)","background-image":"","background-repeat":"repeat","background-position":"center center","background-size":"auto","background-attachment":"scroll","background-type":"","background-media":"","overlay-type":"","overlay-color":"","overlay-opacity":"","overlay-gradient":""}},"footnotes":""},"class_list":["post-11563","page","type-page","status-publish","hentry"],"_links":{"self":[{"href":"https:\/\/afcholland.com\/en\/wp-json\/wp\/v2\/pages\/11563","targetHints":{"allow":["GET"]}}],"collection":[{"href":"https:\/\/afcholland.com\/en\/wp-json\/wp\/v2\/pages"}],"about":[{"href":"https:\/\/afcholland.com\/en\/wp-json\/wp\/v2\/types\/page"}],"author":[{"embeddable":true,"href":"https:\/\/afcholland.com\/en\/wp-json\/wp\/v2\/users\/2"}],"replies":[{"embeddable":true,"href":"https:\/\/afcholland.com\/en\/wp-json\/wp\/v2\/comments?post=11563"}],"version-history":[{"count":0,"href":"https:\/\/afcholland.com\/en\/wp-json\/wp\/v2\/pages\/11563\/revisions"}],"wp:attachment":[{"href":"https:\/\/afcholland.com\/en\/wp-json\/wp\/v2\/media?parent=11563"}],"curies":[{"name":"wp","href":"https:\/\/api.w.org\/{rel}","templated":true}]}}