{"id":11617,"date":"2017-06-27T14:43:49","date_gmt":"2017-06-27T14:43:49","guid":{"rendered":"https:\/\/afcholland.com\/lyne-magny-conseillere-dorientation-ecole-secondaire-lescale\/"},"modified":"2026-05-13T16:10:00","modified_gmt":"2026-05-13T16:10:00","slug":"lyne-magny-conseillere-dorientation-ecole-secondaire-lescale","status":"publish","type":"page","link":"https:\/\/afcholland.com\/en\/lyne-magny-conseillere-dorientation-ecole-secondaire-lescale\/","title":{"rendered":"Lyne Magny, conseill\u00e8re d&#8217;orientation, \u00c9cole secondaire l&#8217;Escale"},"content":{"rendered":"<p><strong>Lyne Magny est conseill\u00e8re d&#8217;orientation au sein de l&#8217;\u00c9cole secondaire l&#8217;Escale.<\/strong><\/p>\n<p>Le test AFC Holland r\u00e9pond tout autant aux besoins des \u00e9l\u00e8ves que des conseillers d&#8217;orientation de par, entre autres, son lien avec  la typologie de Holland, ses textes d&#8217;interpr\u00e9tation bien vulgaris\u00e9s dans le rapport d\u00e9taill\u00e9, la possibilit\u00e9 d&#8217;utiliser un profil de r\u00e9sultats plus global et gr\u00e2ce \u00e0 ses autres outils connexes (mat\u00e9riel d&#8217;interpr\u00e9tation, site web). Un merveilleux outil!<\/p>\n","protected":false},"excerpt":{"rendered":"<p>Lyne Magny est conseill\u00e8re d&#8217;orientation au sein de l&#8217;\u00c9cole secondaire l&#8217;Escale. Le test AFC Holland r\u00e9pond tout autant aux besoins des \u00e9l\u00e8ves que des conseillers d&#8217;orientation de par, entre autres, son lien avec la typologie de Holland, ses textes d&#8217;interpr\u00e9tation bien vulgaris\u00e9s dans le rapport d\u00e9taill\u00e9, la possibilit\u00e9 d&#8217;utiliser un profil de r\u00e9sultats plus global et gr\u00e2ce \u00e0 ses autres outils connexes (mat\u00e9riel d&#8217;interpr\u00e9tation, site web). Un merveilleux outil!<\/p>\n","protected":false},"author":2,"featured_media":0,"parent":0,"menu_order":0,"comment_status":"closed","ping_status":"closed","template":"","meta":{"_monsterinsights_skip_tracking":false,"_monsterinsights_sitenote_active":false,"_monsterinsights_sitenote_note":"","_monsterinsights_sitenote_category":0,"site-sidebar-layout":"default","site-content-layout":"","ast-site-content-layout":"default","site-content-style":"default","site-sidebar-style":"default","ast-global-header-display":"","ast-banner-title-visibility":"","ast-main-header-display":"","ast-hfb-above-header-display":"","ast-hfb-below-header-display":"","ast-hfb-mobile-header-display":"","site-post-title":"","ast-breadcrumbs-content":"","ast-featured-img":"","footer-sml-layout":"","ast-disable-related-posts":"","theme-transparent-header-meta":"","adv-header-id-meta":"","stick-header-meta":"","header-above-stick-meta":"","header-main-stick-meta":"","header-below-stick-meta":"","astra-migrate-meta-layouts":"set","ast-page-background-enabled":"default","ast-page-background-meta":{"desktop":{"background-color":"var(--ast-global-color-4)","background-image":"","background-repeat":"repeat","background-position":"center center","background-size":"auto","background-attachment":"scroll","background-type":"","background-media":"","overlay-type":"","overlay-color":"","overlay-opacity":"","overlay-gradient":""},"tablet":{"background-color":"","background-image":"","background-repeat":"repeat","background-position":"center center","background-size":"auto","background-attachment":"scroll","background-type":"","background-media":"","overlay-type":"","overlay-color":"","overlay-opacity":"","overlay-gradient":""},"mobile":{"background-color":"","background-image":"","background-repeat":"repeat","background-position":"center center","background-size":"auto","background-attachment":"scroll","background-type":"","background-media":"","overlay-type":"","overlay-color":"","overlay-opacity":"","overlay-gradient":""}},"ast-content-background-meta":{"desktop":{"background-color":"var(--ast-global-color-5)","background-image":"","background-repeat":"repeat","background-position":"center center","background-size":"auto","background-attachment":"scroll","background-type":"","background-media":"","overlay-type":"","overlay-color":"","overlay-opacity":"","overlay-gradient":""},"tablet":{"background-color":"var(--ast-global-color-5)","background-image":"","background-repeat":"repeat","background-position":"center center","background-size":"auto","background-attachment":"scroll","background-type":"","background-media":"","overlay-type":"","overlay-color":"","overlay-opacity":"","overlay-gradient":""},"mobile":{"background-color":"var(--ast-global-color-5)","background-image":"","background-repeat":"repeat","background-position":"center center","background-size":"auto","background-attachment":"scroll","background-type":"","background-media":"","overlay-type":"","overlay-color":"","overlay-opacity":"","overlay-gradient":""}},"footnotes":""},"class_list":["post-11617","page","type-page","status-publish","hentry"],"_links":{"self":[{"href":"https:\/\/afcholland.com\/en\/wp-json\/wp\/v2\/pages\/11617","targetHints":{"allow":["GET"]}}],"collection":[{"href":"https:\/\/afcholland.com\/en\/wp-json\/wp\/v2\/pages"}],"about":[{"href":"https:\/\/afcholland.com\/en\/wp-json\/wp\/v2\/types\/page"}],"author":[{"embeddable":true,"href":"https:\/\/afcholland.com\/en\/wp-json\/wp\/v2\/users\/2"}],"replies":[{"embeddable":true,"href":"https:\/\/afcholland.com\/en\/wp-json\/wp\/v2\/comments?post=11617"}],"version-history":[{"count":0,"href":"https:\/\/afcholland.com\/en\/wp-json\/wp\/v2\/pages\/11617\/revisions"}],"wp:attachment":[{"href":"https:\/\/afcholland.com\/en\/wp-json\/wp\/v2\/media?parent=11617"}],"curies":[{"name":"wp","href":"https:\/\/api.w.org\/{rel}","templated":true}]}}