{"id":11623,"date":"2024-10-31T16:13:02","date_gmt":"2024-10-31T16:13:02","guid":{"rendered":"https:\/\/afcholland.com\/temoignage-marie-emilie-dumais\/"},"modified":"2026-05-13T16:13:12","modified_gmt":"2026-05-13T16:13:12","slug":"temoignage-marie-emilie-dumais","status":"publish","type":"page","link":"https:\/\/afcholland.com\/en\/temoignage-marie-emilie-dumais\/","title":{"rendered":"Marie-Emilie Dumais, conseill\u00e8re d&#8217;orientation"},"content":{"rendered":"\t\t<div data-elementor-type=\"wp-page\" data-elementor-id=\"11623\" class=\"elementor elementor-11623 elementor-9240\" data-elementor-post-type=\"page\">\n\t\t\t\t<div class=\"elementor-element elementor-element-1c8c9cf e-flex e-con-boxed wpr-particle-no wpr-jarallax-no wpr-parallax-no wpr-sticky-section-no wpr-column-slider-no wpr-equal-height-no e-con e-parent\" data-id=\"1c8c9cf\" data-element_type=\"container\" data-e-type=\"container\">\n\t\t\t\t\t<div class=\"e-con-inner\">\n\t\t<div class=\"elementor-element elementor-element-e9f6932 e-con-full e-flex wpr-particle-no wpr-jarallax-no wpr-parallax-no wpr-sticky-section-no wpr-column-slider-no wpr-equal-height-no e-con e-child\" data-id=\"e9f6932\" data-element_type=\"container\" data-e-type=\"container\" data-settings=\"{&quot;background_background&quot;:&quot;classic&quot;}\">\n\t\t\t\t<div class=\"elementor-element elementor-element-de0e4a5 elementor-widget elementor-widget-text-editor\" data-id=\"de0e4a5\" data-element_type=\"widget\" data-e-type=\"widget\" data-widget_type=\"text-editor.default\">\n\t\t\t\t\t\t\t\t\t<p><a href=\"https:\/\/afcholland.com\/wp-content\/uploads\/2024\/10\/Marie-Emilie-Dumais-1-scaled.jpg\"><img loading=\"lazy\" decoding=\"async\" class=\"size-medium wp-image-9266 alignright\" src=\"https:\/\/afcholland.com\/wp-content\/uploads\/2024\/10\/Marie-Emilie-Dumais-1-240x300.jpg\" alt=\"\" width=\"240\" height=\"300\" srcset=\"https:\/\/afcholland.com\/wp-content\/uploads\/2024\/10\/Marie-Emilie-Dumais-1-240x300.jpg 240w, https:\/\/afcholland.com\/wp-content\/uploads\/2024\/10\/Marie-Emilie-Dumais-1-819x1024.jpg 819w, https:\/\/afcholland.com\/wp-content\/uploads\/2024\/10\/Marie-Emilie-Dumais-1-768x960.jpg 768w, https:\/\/afcholland.com\/wp-content\/uploads\/2024\/10\/Marie-Emilie-Dumais-1-1229x1536.jpg 1229w, https:\/\/afcholland.com\/wp-content\/uploads\/2024\/10\/Marie-Emilie-Dumais-1-scaled.jpg 2048w\" sizes=\"auto, (max-width: 240px) 100vw, 240px\" \/><\/a><\/p><p>\u00ab Les services offerts sont des services d\u2019emploi (aide \u00e0 la recherche d\u2019emploi, conseils d\u2019orientation, services de recherche d\u2019emploi et plus). L\u2019objectif est d\u2019offrir de l\u2019aide aux individus qui cherchent \u00e0 r\u00e9fl\u00e9chir sur leurs objectifs de carri\u00e8re ou qui ont besoin de soutien pour r\u00e9int\u00e9grer le march\u00e9 du travail.<\/p><p>The field of work counseling brings a lot of challenges. The clientele I work with are mainly adults from all horizons (newcomers, native-born Quebecers, Canadians, etc.). This nourishes a beautiful complexity throughout the intervention.<\/p><p>AFC Holland is a wonderful psychometric tool. The results allow the client to confirm one self\u2019s perception, which is very positive in the exploration trajectory. This validation of one\u2019s professional identity, which is very unclear at the beginning of the process, has been observed to contribute to positive outcomes (better self-understanding of one\u2019s experience and trajectory). The comments received by clients are always positive. They really feel like the evaluation reflects their profile. This is a powerful leverage tool to open vocational exploration horizons. More so, its visual aspect makes it user-friendly, and the clients appreciate the reading. It also enables to develop a better understanding of trades and occupations by matching them with the RIASEC profile.<\/p><p>Je peux confirmer que j\u2019ai confiance dans les propri\u00e9t\u00e9s de fiabilit\u00e9 et de validit\u00e9 de l\u2019outil. Le psychom\u00e9tricien se soucie vraiment de la compr\u00e9hension du praticien et met constamment \u00e0 jour les propri\u00e9t\u00e9s psychom\u00e9triques. Je recommande vivement l\u2019utilisation de cette \u00e9valuation pour promouvoir des conseils en orientation meilleurs et plus efficaces. \u00bb<\/p><p><strong>Marie-Emilie Dumais is a career counselor working in a non-profitable organization offering services to English Speakers.<\/strong><\/p>\t\t\t\t\t\t\t\t<\/div>\n\t\t\t\t<\/div>\n\t\t\t\t\t<\/div>\n\t\t\t\t<\/div>\n\t\t\t\t<\/div>\n\t\t","protected":false},"excerpt":{"rendered":"<p>\u00ab Les services offerts sont des services d\u2019emploi (aide \u00e0 la recherche d\u2019emploi, conseils d\u2019orientation, services de recherche d\u2019emploi et plus). L\u2019objectif est d\u2019offrir de l\u2019aide aux individus qui cherchent \u00e0 r\u00e9fl\u00e9chir sur leurs objectifs de carri\u00e8re ou qui ont besoin de soutien pour r\u00e9int\u00e9grer le march\u00e9 du travail. The field of work counseling brings a lot of challenges. The clientele I work with are mainly adults from all horizons (newcomers, native-born Quebecers, Canadians, etc.). This nourishes a beautiful complexity throughout the intervention. AFC Holland is a wonderful psychometric tool. The results allow the client to confirm one self\u2019s perception, which is very positive in the exploration trajectory. This validation of one\u2019s professional identity, which is very unclear at the beginning of the process, has been observed to contribute to positive outcomes (better self-understanding of one\u2019s experience and trajectory). The comments received by clients are always positive. They really feel like the evaluation reflects their profile. This is a powerful leverage tool to open vocational exploration horizons. More so, its visual aspect makes it user-friendly, and the clients appreciate the reading. It also enables to develop a better understanding of trades and occupations by matching them with the RIASEC profile. Je peux confirmer que j\u2019ai confiance dans les propri\u00e9t\u00e9s de fiabilit\u00e9 et de validit\u00e9 de l\u2019outil. Le psychom\u00e9tricien se soucie vraiment de la compr\u00e9hension du praticien et met constamment \u00e0 jour les propri\u00e9t\u00e9s psychom\u00e9triques. Je recommande vivement l\u2019utilisation de cette \u00e9valuation pour promouvoir des conseils en orientation meilleurs et plus efficaces. \u00bb Marie-Emilie Dumais is a career counselor working in a non-profitable organization offering services to English Speakers.<\/p>\n","protected":false},"author":88901,"featured_media":11624,"parent":0,"menu_order":0,"comment_status":"closed","ping_status":"closed","template":"","meta":{"_monsterinsights_skip_tracking":false,"_monsterinsights_sitenote_active":false,"_monsterinsights_sitenote_note":"","_monsterinsights_sitenote_category":0,"site-sidebar-layout":"no-sidebar","site-content-layout":"","ast-site-content-layout":"full-width-container","site-content-style":"default","site-sidebar-style":"default","ast-global-header-display":"","ast-banner-title-visibility":"","ast-main-header-display":"","ast-hfb-above-header-display":"","ast-hfb-below-header-display":"","ast-hfb-mobile-header-display":"","site-post-title":"disabled","ast-breadcrumbs-content":"","ast-featured-img":"disabled","footer-sml-layout":"","ast-disable-related-posts":"","theme-transparent-header-meta":"","adv-header-id-meta":"","stick-header-meta":"","header-above-stick-meta":"","header-main-stick-meta":"","header-below-stick-meta":"","astra-migrate-meta-layouts":"default","ast-page-background-enabled":"default","ast-page-background-meta":{"desktop":{"background-color":"var(--ast-global-color-4)","background-image":"","background-repeat":"repeat","background-position":"center center","background-size":"auto","background-attachment":"scroll","background-type":"","background-media":"","overlay-type":"","overlay-color":"","overlay-opacity":"","overlay-gradient":""},"tablet":{"background-color":"","background-image":"","background-repeat":"repeat","background-position":"center center","background-size":"auto","background-attachment":"scroll","background-type":"","background-media":"","overlay-type":"","overlay-color":"","overlay-opacity":"","overlay-gradient":""},"mobile":{"background-color":"","background-image":"","background-repeat":"repeat","background-position":"center center","background-size":"auto","background-attachment":"scroll","background-type":"","background-media":"","overlay-type":"","overlay-color":"","overlay-opacity":"","overlay-gradient":""}},"ast-content-background-meta":{"desktop":{"background-color":"var(--ast-global-color-5)","background-image":"","background-repeat":"repeat","background-position":"center center","background-size":"auto","background-attachment":"scroll","background-type":"","background-media":"","overlay-type":"","overlay-color":"","overlay-opacity":"","overlay-gradient":""},"tablet":{"background-color":"var(--ast-global-color-5)","background-image":"","background-repeat":"repeat","background-position":"center center","background-size":"auto","background-attachment":"scroll","background-type":"","background-media":"","overlay-type":"","overlay-color":"","overlay-opacity":"","overlay-gradient":""},"mobile":{"background-color":"var(--ast-global-color-5)","background-image":"","background-repeat":"repeat","background-position":"center center","background-size":"auto","background-attachment":"scroll","background-type":"","background-media":"","overlay-type":"","overlay-color":"","overlay-opacity":"","overlay-gradient":""}},"footnotes":""},"class_list":["post-11623","page","type-page","status-publish","has-post-thumbnail","hentry"],"_links":{"self":[{"href":"https:\/\/afcholland.com\/en\/wp-json\/wp\/v2\/pages\/11623","targetHints":{"allow":["GET"]}}],"collection":[{"href":"https:\/\/afcholland.com\/en\/wp-json\/wp\/v2\/pages"}],"about":[{"href":"https:\/\/afcholland.com\/en\/wp-json\/wp\/v2\/types\/page"}],"author":[{"embeddable":true,"href":"https:\/\/afcholland.com\/en\/wp-json\/wp\/v2\/users\/88901"}],"replies":[{"embeddable":true,"href":"https:\/\/afcholland.com\/en\/wp-json\/wp\/v2\/comments?post=11623"}],"version-history":[{"count":0,"href":"https:\/\/afcholland.com\/en\/wp-json\/wp\/v2\/pages\/11623\/revisions"}],"wp:featuredmedia":[{"embeddable":true,"href":"https:\/\/afcholland.com\/en\/wp-json\/wp\/v2\/media\/11624"}],"wp:attachment":[{"href":"https:\/\/afcholland.com\/en\/wp-json\/wp\/v2\/media?parent=11623"}],"curies":[{"name":"wp","href":"https:\/\/api.w.org\/{rel}","templated":true}]}}