{"id":11704,"date":"2016-01-07T00:22:26","date_gmt":"2016-01-07T00:22:26","guid":{"rendered":"https:\/\/afcholland.com\/temoignage-roxanne-grenier\/"},"modified":"2026-05-13T19:51:19","modified_gmt":"2026-05-13T19:51:19","slug":"temoignage-roxanne-grenier","status":"publish","type":"page","link":"https:\/\/afcholland.com\/en\/temoignage-roxanne-grenier\/","title":{"rendered":"T\u00e9moignage de Roxanne Grenier"},"content":{"rendered":"<p><strong>Roxanne Grenier est conseill\u00e8re d&#8217;orientation chez Novem Emploi<\/strong><\/p>\n<p>Le test AFC Holland est tr\u00e8s utile pour accompagner la client\u00e8le de Novem Emploi dans leur d\u00e9marche d&#8217;orientation. En effet, les clients sont satisfaits des r\u00e9sultats et surtout ils appr\u00e9cient le fait de se positionner par rapport \u00e0 leurs int\u00e9r\u00eats et aussi leur sentiment de comp\u00e9tence. Cet outil nous permet d&#8217;approfondir la r\u00e9flexion avec le client et de d\u00e9terminer un objectif d&#8217;emploi stimulant et en lien avec la personnalit\u00e9 professionnelle du client.<\/p>\n","protected":false},"excerpt":{"rendered":"<p>Roxanne Grenier est conseill\u00e8re d&#8217;orientation chez Novem Emploi Le test AFC Holland est tr\u00e8s utile pour accompagner la client\u00e8le de Novem Emploi dans leur d\u00e9marche d&#8217;orientation. En effet, les clients sont satisfaits des r\u00e9sultats et surtout ils appr\u00e9cient le fait de se positionner par rapport \u00e0 leurs int\u00e9r\u00eats et aussi leur sentiment de comp\u00e9tence. Cet outil nous permet d&#8217;approfondir la r\u00e9flexion avec le client et de d\u00e9terminer un objectif d&#8217;emploi stimulant et en lien avec la personnalit\u00e9 professionnelle du client.<\/p>\n","protected":false},"author":2,"featured_media":0,"parent":0,"menu_order":0,"comment_status":"closed","ping_status":"open","template":"","meta":{"_monsterinsights_skip_tracking":false,"_monsterinsights_sitenote_active":false,"_monsterinsights_sitenote_note":"","_monsterinsights_sitenote_category":0,"site-sidebar-layout":"default","site-content-layout":"","ast-site-content-layout":"default","site-content-style":"default","site-sidebar-style":"default","ast-global-header-display":"","ast-banner-title-visibility":"","ast-main-header-display":"","ast-hfb-above-header-display":"","ast-hfb-below-header-display":"","ast-hfb-mobile-header-display":"","site-post-title":"","ast-breadcrumbs-content":"","ast-featured-img":"","footer-sml-layout":"","ast-disable-related-posts":"","theme-transparent-header-meta":"","adv-header-id-meta":"","stick-header-meta":"","header-above-stick-meta":"","header-main-stick-meta":"","header-below-stick-meta":"","astra-migrate-meta-layouts":"set","ast-page-background-enabled":"default","ast-page-background-meta":{"desktop":{"background-color":"var(--ast-global-color-4)","background-image":"","background-repeat":"repeat","background-position":"center center","background-size":"auto","background-attachment":"scroll","background-type":"","background-media":"","overlay-type":"","overlay-color":"","overlay-opacity":"","overlay-gradient":""},"tablet":{"background-color":"","background-image":"","background-repeat":"repeat","background-position":"center center","background-size":"auto","background-attachment":"scroll","background-type":"","background-media":"","overlay-type":"","overlay-color":"","overlay-opacity":"","overlay-gradient":""},"mobile":{"background-color":"","background-image":"","background-repeat":"repeat","background-position":"center center","background-size":"auto","background-attachment":"scroll","background-type":"","background-media":"","overlay-type":"","overlay-color":"","overlay-opacity":"","overlay-gradient":""}},"ast-content-background-meta":{"desktop":{"background-color":"var(--ast-global-color-5)","background-image":"","background-repeat":"repeat","background-position":"center center","background-size":"auto","background-attachment":"scroll","background-type":"","background-media":"","overlay-type":"","overlay-color":"","overlay-opacity":"","overlay-gradient":""},"tablet":{"background-color":"var(--ast-global-color-5)","background-image":"","background-repeat":"repeat","background-position":"center center","background-size":"auto","background-attachment":"scroll","background-type":"","background-media":"","overlay-type":"","overlay-color":"","overlay-opacity":"","overlay-gradient":""},"mobile":{"background-color":"var(--ast-global-color-5)","background-image":"","background-repeat":"repeat","background-position":"center center","background-size":"auto","background-attachment":"scroll","background-type":"","background-media":"","overlay-type":"","overlay-color":"","overlay-opacity":"","overlay-gradient":""}},"footnotes":""},"class_list":["post-11704","page","type-page","status-publish","hentry"],"_links":{"self":[{"href":"https:\/\/afcholland.com\/en\/wp-json\/wp\/v2\/pages\/11704","targetHints":{"allow":["GET"]}}],"collection":[{"href":"https:\/\/afcholland.com\/en\/wp-json\/wp\/v2\/pages"}],"about":[{"href":"https:\/\/afcholland.com\/en\/wp-json\/wp\/v2\/types\/page"}],"author":[{"embeddable":true,"href":"https:\/\/afcholland.com\/en\/wp-json\/wp\/v2\/users\/2"}],"replies":[{"embeddable":true,"href":"https:\/\/afcholland.com\/en\/wp-json\/wp\/v2\/comments?post=11704"}],"version-history":[{"count":0,"href":"https:\/\/afcholland.com\/en\/wp-json\/wp\/v2\/pages\/11704\/revisions"}],"wp:attachment":[{"href":"https:\/\/afcholland.com\/en\/wp-json\/wp\/v2\/media?parent=11704"}],"curies":[{"name":"wp","href":"https:\/\/api.w.org\/{rel}","templated":true}]}}