{"id":899,"date":"2012-09-22T08:44:41","date_gmt":"2012-09-22T08:44:41","guid":{"rendered":"\/?page_id=899"},"modified":"2012-09-22T08:51:22","modified_gmt":"2012-09-22T08:51:22","slug":"competence-generique","status":"publish","type":"page","link":"https:\/\/afcholland.com\/en\/test-mesure\/competence-generique\/","title":{"rendered":"Qu\u2019est-ce qu\u2019une comp\u00e9tence g\u00e9n\u00e9rique?"},"content":{"rendered":"<p><strong>Les comp\u00e9tences g\u00e9n\u00e9riques<\/strong> sont des comportements humains d\u00e9velopp\u00e9s par un individu \u00e0 partir de l&rsquo;influence de son environnement significatif humain. <\/p>\n<ul>\n<li>Elles s&rsquo;\u00e9noncent en termes d\u2019\u00eatre et de comportements.<\/li>\n<li>Ces comp\u00e9tences ne sont pas superficielles, mais plut\u00f4t int\u00e9gr\u00e9es \u00e0 l&rsquo;individu.<\/li>\n<li>Ce sont des comp\u00e9tences qui ne sont pas sp\u00e9cifiques \u00e0 un<br \/>\n\temploi.<\/li>\n<li>Elles peuvent se r\u00e9f\u00e9rer \u00e0 diff\u00e9rents domaines ou emplois, elles sont donc transf\u00e9rables.<\/li>\n<\/ul>\n<p>\u00c0 la diff\u00e9rence d\u2019une habilet\u00e9 qui d\u00e9pend d\u2019une t\u00e2che sp\u00e9cifique (du savoir-faire) et ne se transf\u00e8re pas n\u00e9cessairement d\u2019une t\u00e2che \u00e0 une autre, une comp\u00e9tence g\u00e9n\u00e9rique est un comportement (savoir-\u00eatre) qui peut \u00eatre utilis\u00e9 dans diff\u00e9rentes t\u00e2ches et contextes. Elle est donc non sp\u00e9cifique \u00e0 un seul emploi et peut donc se transf\u00e9rer, d\u2019o\u00f9 l\u2019utilisation du terme \u00ab g\u00e9n\u00e9rique \u00bb. L\u2019utilisation des comp\u00e9tences g\u00e9n\u00e9riques est n\u00e9cessaire afin de transf\u00e9rer une habilet\u00e9 \u00e0 une situation concr\u00e8te.<\/p>\n<h2>Exemples<\/h2>\n<table width=\"800\" border=\"0\" cellspacing=\"0\" cellpadding=\"0\" class=\"content-tables\">\n<tr>\n<th width=\"200\" scope=\"col\" style=\"text-align: left;\">&nbsp;<\/th>\n<th width=\"200\" scope=\"col\" style=\"text-align: left;\">Identification<\/th>\n<th width=\"200\" scope=\"col\" style=\"text-align: left;\">Utilit\u00e9<\/th>\n<th width=\"200\" scope=\"col\" style=\"text-align: left;\">Transf\u00e9rabilit\u00e9<\/th>\n<\/tr>\n<tr>\n<td><strong>Habilet\u00e9<\/strong><\/td>\n<td>Bien savoir manier des outils<\/td>\n<td>R\u00e9aliser des travaux de constructions<\/td>\n<td>Limit\u00e9e<\/td>\n<\/tr>\n<tr>\n<td><strong>Comp\u00e9tence g\u00e9n\u00e9rique<\/strong><\/td>\n<td>Souci du d\u00e9tail<\/td>\n<td>Effectuer sa t\u00e2che avec pr\u00e9cision<\/td>\n<td>Le souci du d\u00e9tail peut \u00eatre utilis\u00e9 pour plusieurs emplois et contextes<\/td>\n<\/tr>\n<\/table>\n<table width=\"800\" border=\"0\" cellspacing=\"0\" cellpadding=\"0\" class=\"content-tables\" s>\n<tr>\n<th width=\"200\" scope=\"col\" style=\"text-align: left;\">&nbsp;<\/th>\n<th width=\"200\" scope=\"col\" style=\"text-align: left;\">Identification<\/th>\n<th width=\"200\" scope=\"col\" style=\"text-align: left;\">Utilit\u00e9<\/th>\n<th width=\"200\" scope=\"col\" style=\"text-align: left;\">Transf\u00e9rabilit\u00e9<\/th>\n<\/tr>\n<tr>\n<td><strong>Habilet\u00e9<\/strong><\/td>\n<td>Cuisiner des plats gastronomiques<\/td>\n<td>Pr\u00e9parer les plats<\/td>\n<td>Limit\u00e9e<\/td>\n<\/tr>\n<tr>\n<td><strong>Comp\u00e9tence g\u00e9n\u00e9rique<\/strong><\/td>\n<td>Cr\u00e9ativit\u00e9<\/td>\n<td>Utiliser son imagination afin de faire des plats originaux qui sauront plaire \u00e0 la client\u00e8le<\/td>\n<td>La cr\u00e9ativit\u00e9 peut \u00eatre sollicit\u00e9e dans plusieurs contextes (recherche et d\u00e9veloppement, arts, etc.)<\/td>\n<\/tr>\n<\/table>\n<table width=\"800\" border=\"0\" cellspacing=\"0\" cellpadding=\"0\" class=\"content-tables\" s>\n<tr>\n<th width=\"200\" scope=\"col\" style=\"text-align: left;\">&nbsp;<\/th>\n<th width=\"200\" scope=\"col\" style=\"text-align: left;\">Identification<\/th>\n<th width=\"200\" scope=\"col\" style=\"text-align: left;\">Utilit\u00e9<\/th>\n<th width=\"200\" scope=\"col\" style=\"text-align: left;\">Transf\u00e9rabilit\u00e9<\/th>\n<\/tr>\n<tr>\n<td><strong>Habilet\u00e9<\/strong><\/td>\n<td>Manier ses \u00e9quipements de pompier<\/td>\n<td>\u00c9teindre des incendies<\/td>\n<td>Limit\u00e9e<\/td>\n<\/tr>\n<tr>\n<td><strong>Comp\u00e9tence g\u00e9n\u00e9rique<\/strong><\/td>\n<td>Capacit\u00e9 de prendre de risques limit\u00e9e<\/td>\n<td>Pr\u00e9venir des incidents aux cons\u00e9quences graves<\/td>\n<td>Plusieurs domaines et emplois demandent une prise de risque limit\u00e9e<\/td>\n<\/tr>\n<\/table>\n<table width=\"800\" border=\"0\" cellspacing=\"0\" cellpadding=\"0\" class=\"content-tables\" s>\n<tr>\n<th width=\"200\" scope=\"col\" style=\"text-align: left;\">&nbsp;<\/th>\n<th width=\"200\" scope=\"col\" style=\"text-align: left;\">Identification<\/th>\n<th width=\"200\" scope=\"col\" style=\"text-align: left;\">Utilit\u00e9<\/th>\n<th width=\"200\" scope=\"col\" style=\"text-align: left;\">Transf\u00e9rabilit\u00e9<\/th>\n<\/tr>\n<tr>\n<td><strong>Habilet\u00e9<\/strong><\/td>\n<td>Techniques d\u2019intervention chirurgicale en situation d\u2019urgence<\/td>\n<td>Soigner des patients<\/td>\n<td>Limit\u00e9e<\/td>\n<\/tr>\n<tr>\n<td><strong>Comp\u00e9tence g\u00e9n\u00e9rique<\/strong><\/td>\n<td>Capacit\u00e9 de travailler sous pression<\/td>\n<td>Demeurer calme et productif lors de situations d\u2019urgence<\/td>\n<td>Plusieurs contextes et emplois peuvent demander une bonne capacit\u00e9 \u00e0 travailler sous pression<\/td>\n<\/tr>\n<\/table>","protected":false},"excerpt":{"rendered":"<p>Les comp\u00e9tences g\u00e9n\u00e9riques sont des comportements humains d\u00e9velopp\u00e9s par un individu \u00e0 partir de l&rsquo;influence de son environnement significatif humain. Elles s&rsquo;\u00e9noncent en termes d\u2019\u00eatre et de comportements. Ces comp\u00e9tences ne sont pas superficielles, mais plut\u00f4t int\u00e9gr\u00e9es \u00e0 l&rsquo;individu. Ce sont des comp\u00e9tences qui ne sont pas sp\u00e9cifiques \u00e0 un emploi. Elles peuvent se r\u00e9f\u00e9rer \u00e0 diff\u00e9rents domaines ou emplois, elles sont donc transf\u00e9rables. \u00c0 la diff\u00e9rence d\u2019une habilet\u00e9 qui d\u00e9pend d\u2019une t\u00e2che sp\u00e9cifique (du savoir-faire) et ne se transf\u00e8re pas n\u00e9cessairement d\u2019une t\u00e2che \u00e0 une autre, une comp\u00e9tence g\u00e9n\u00e9rique est un comportement (savoir-\u00eatre) qui peut \u00eatre utilis\u00e9 dans diff\u00e9rentes t\u00e2ches et contextes. Elle est donc non sp\u00e9cifique \u00e0 un seul emploi et peut donc se transf\u00e9rer, d\u2019o\u00f9 l\u2019utilisation du terme \u00ab g\u00e9n\u00e9rique \u00bb. L\u2019utilisation des comp\u00e9tences g\u00e9n\u00e9riques est n\u00e9cessaire afin de transf\u00e9rer une habilet\u00e9 \u00e0 une situation concr\u00e8te. Exemples &nbsp; Identification Utilit\u00e9 Transf\u00e9rabilit\u00e9 Habilet\u00e9 Bien savoir manier des outils R\u00e9aliser des travaux de constructions Limit\u00e9e Comp\u00e9tence g\u00e9n\u00e9rique Souci du d\u00e9tail Effectuer sa t\u00e2che avec pr\u00e9cision Le souci du d\u00e9tail peut \u00eatre utilis\u00e9 pour plusieurs emplois et contextes &nbsp; Identification Utilit\u00e9 Transf\u00e9rabilit\u00e9 Habilet\u00e9 Cuisiner des plats gastronomiques Pr\u00e9parer les plats Limit\u00e9e Comp\u00e9tence g\u00e9n\u00e9rique Cr\u00e9ativit\u00e9 Utiliser son imagination afin de faire des plats originaux qui sauront plaire \u00e0 la client\u00e8le La cr\u00e9ativit\u00e9 peut \u00eatre sollicit\u00e9e dans plusieurs contextes (recherche et d\u00e9veloppement, arts, etc.) &nbsp; Identification Utilit\u00e9 Transf\u00e9rabilit\u00e9 Habilet\u00e9 Manier ses \u00e9quipements de pompier \u00c9teindre des incendies Limit\u00e9e Comp\u00e9tence g\u00e9n\u00e9rique Capacit\u00e9 de prendre de risques limit\u00e9e Pr\u00e9venir des incidents aux cons\u00e9quences graves Plusieurs domaines et emplois demandent une prise de risque limit\u00e9e &nbsp; Identification Utilit\u00e9 Transf\u00e9rabilit\u00e9 Habilet\u00e9 Techniques d\u2019intervention chirurgicale en situation d\u2019urgence Soigner des patients Limit\u00e9e Comp\u00e9tence g\u00e9n\u00e9rique Capacit\u00e9 de travailler sous pression Demeurer calme et productif lors de situations d\u2019urgence Plusieurs contextes et emplois peuvent demander une bonne capacit\u00e9 \u00e0 travailler sous pression<\/p>","protected":false},"author":2,"featured_media":0,"parent":449,"menu_order":0,"comment_status":"closed","ping_status":"open","template":"","meta":{"_monsterinsights_skip_tracking":false,"_monsterinsights_sitenote_active":false,"_monsterinsights_sitenote_note":"","_monsterinsights_sitenote_category":0,"site-sidebar-layout":"default","site-content-layout":"","ast-site-content-layout":"default","site-content-style":"default","site-sidebar-style":"default","ast-global-header-display":"","ast-banner-title-visibility":"","ast-main-header-display":"","ast-hfb-above-header-display":"","ast-hfb-below-header-display":"","ast-hfb-mobile-header-display":"","site-post-title":"","ast-breadcrumbs-content":"","ast-featured-img":"","footer-sml-layout":"","ast-disable-related-posts":"","theme-transparent-header-meta":"","adv-header-id-meta":"","stick-header-meta":"","header-above-stick-meta":"","header-main-stick-meta":"","header-below-stick-meta":"","astra-migrate-meta-layouts":"default","ast-page-background-enabled":"default","ast-page-background-meta":{"desktop":{"background-color":"var(--ast-global-color-4)","background-image":"","background-repeat":"repeat","background-position":"center center","background-size":"auto","background-attachment":"scroll","background-type":"","background-media":"","overlay-type":"","overlay-color":"","overlay-opacity":"","overlay-gradient":""},"tablet":{"background-color":"","background-image":"","background-repeat":"repeat","background-position":"center center","background-size":"auto","background-attachment":"scroll","background-type":"","background-media":"","overlay-type":"","overlay-color":"","overlay-opacity":"","overlay-gradient":""},"mobile":{"background-color":"","background-image":"","background-repeat":"repeat","background-position":"center center","background-size":"auto","background-attachment":"scroll","background-type":"","background-media":"","overlay-type":"","overlay-color":"","overlay-opacity":"","overlay-gradient":""}},"ast-content-background-meta":{"desktop":{"background-color":"var(--ast-global-color-5)","background-image":"","background-repeat":"repeat","background-position":"center center","background-size":"auto","background-attachment":"scroll","background-type":"","background-media":"","overlay-type":"","overlay-color":"","overlay-opacity":"","overlay-gradient":""},"tablet":{"background-color":"var(--ast-global-color-5)","background-image":"","background-repeat":"repeat","background-position":"center center","background-size":"auto","background-attachment":"scroll","background-type":"","background-media":"","overlay-type":"","overlay-color":"","overlay-opacity":"","overlay-gradient":""},"mobile":{"background-color":"var(--ast-global-color-5)","background-image":"","background-repeat":"repeat","background-position":"center center","background-size":"auto","background-attachment":"scroll","background-type":"","background-media":"","overlay-type":"","overlay-color":"","overlay-opacity":"","overlay-gradient":""}},"footnotes":""},"class_list":["post-899","page","type-page","status-publish","hentry"],"_links":{"self":[{"href":"https:\/\/afcholland.com\/en\/wp-json\/wp\/v2\/pages\/899","targetHints":{"allow":["GET"]}}],"collection":[{"href":"https:\/\/afcholland.com\/en\/wp-json\/wp\/v2\/pages"}],"about":[{"href":"https:\/\/afcholland.com\/en\/wp-json\/wp\/v2\/types\/page"}],"author":[{"embeddable":true,"href":"https:\/\/afcholland.com\/en\/wp-json\/wp\/v2\/users\/2"}],"replies":[{"embeddable":true,"href":"https:\/\/afcholland.com\/en\/wp-json\/wp\/v2\/comments?post=899"}],"version-history":[{"count":0,"href":"https:\/\/afcholland.com\/en\/wp-json\/wp\/v2\/pages\/899\/revisions"}],"up":[{"embeddable":true,"href":"https:\/\/afcholland.com\/en\/wp-json\/wp\/v2\/pages\/449"}],"wp:attachment":[{"href":"https:\/\/afcholland.com\/en\/wp-json\/wp\/v2\/media?parent=899"}],"curies":[{"name":"wp","href":"https:\/\/api.w.org\/{rel}","templated":true}]}}