{"id":10840,"date":"2025-09-12T19:14:26","date_gmt":"2025-09-12T19:14:26","guid":{"rendered":"https:\/\/afcholland.com\/?page_id=10840"},"modified":"2025-09-12T19:14:26","modified_gmt":"2025-09-12T19:14:26","slug":"sandrine-pottier-formatrice-et-consultante","status":"publish","type":"page","link":"https:\/\/afcholland.com\/fr\/sandrine-pottier-formatrice-et-consultante\/","title":{"rendered":"Sandrine Pottier, formatrice et consultante"},"content":{"rendered":"<p>\u00ab La journ\u00e9e est pass\u00e9e tr\u00e8s vite ! Notre formatrice est \u00e0 l\u2019\u00e9coute et partage son exp\u00e9rience avec beaucoup de pertinence. Le test est tr\u00e8s ergonomique et simple \u00e0 utiliser : ce sera un outil compl\u00e9mentaire pr\u00e9cieux pour l\u2019accompagnement des bilans de comp\u00e9tences de mes clients. Pour proposer une offre r\u00e9pondant vraiment aux besoins des personnes que j\u2019accompagne, je cherchais des outils s\u00e9rieux, reconnus et r\u00e9guli\u00e8rement mis \u00e0 jour, et c\u2019est bien le cas ici. Je sugg\u00e8re de faire le test gratuit avant la formation pour encore mieux comprendre son fonctionnement, ce que je n\u2019avais pas fait. \u00bb<\/p>\n<p><strong>Sandrine Pottier<br \/>\nFormatrice et consultante<br \/>\nFrance<\/strong><\/p>\n","protected":false},"excerpt":{"rendered":"<p>\u00ab La journ\u00e9e est pass\u00e9e tr\u00e8s vite ! Notre formatrice est \u00e0 l\u2019\u00e9coute et partage son exp\u00e9rience avec beaucoup de pertinence. Le test est tr\u00e8s ergonomique et simple \u00e0 utiliser : ce sera un outil compl\u00e9mentaire pr\u00e9cieux pour l\u2019accompagnement des bilans de comp\u00e9tences de mes clients. Pour proposer une offre r\u00e9pondant vraiment aux besoins des personnes que j\u2019accompagne, je cherchais des outils s\u00e9rieux, reconnus et r\u00e9guli\u00e8rement mis \u00e0 jour, et c\u2019est bien le cas ici. Je sugg\u00e8re de faire le test gratuit avant la formation pour encore mieux comprendre son fonctionnement, ce que je n\u2019avais pas fait. \u00bb Sandrine Pottier Formatrice et consultante France<\/p>\n","protected":false},"author":2,"featured_media":0,"parent":0,"menu_order":0,"comment_status":"closed","ping_status":"closed","template":"","meta":{"_monsterinsights_skip_tracking":false,"_monsterinsights_sitenote_active":false,"_monsterinsights_sitenote_note":"","_monsterinsights_sitenote_category":0,"site-sidebar-layout":"default","site-content-layout":"","ast-site-content-layout":"default","site-content-style":"default","site-sidebar-style":"default","ast-global-header-display":"","ast-banner-title-visibility":"","ast-main-header-display":"","ast-hfb-above-header-display":"","ast-hfb-below-header-display":"","ast-hfb-mobile-header-display":"","site-post-title":"","ast-breadcrumbs-content":"","ast-featured-img":"","footer-sml-layout":"","ast-disable-related-posts":"","theme-transparent-header-meta":"default","adv-header-id-meta":"","stick-header-meta":"","header-above-stick-meta":"","header-main-stick-meta":"","header-below-stick-meta":"","astra-migrate-meta-layouts":"set","ast-page-background-enabled":"default","ast-page-background-meta":{"desktop":{"background-color":"var(--ast-global-color-4)","background-image":"","background-repeat":"repeat","background-position":"center center","background-size":"auto","background-attachment":"scroll","background-type":"","background-media":"","overlay-type":"","overlay-color":"","overlay-opacity":"","overlay-gradient":""},"tablet":{"background-color":"","background-image":"","background-repeat":"repeat","background-position":"center center","background-size":"auto","background-attachment":"scroll","background-type":"","background-media":"","overlay-type":"","overlay-color":"","overlay-opacity":"","overlay-gradient":""},"mobile":{"background-color":"","background-image":"","background-repeat":"repeat","background-position":"center center","background-size":"auto","background-attachment":"scroll","background-type":"","background-media":"","overlay-type":"","overlay-color":"","overlay-opacity":"","overlay-gradient":""}},"ast-content-background-meta":{"desktop":{"background-color":"var(--ast-global-color-5)","background-image":"","background-repeat":"repeat","background-position":"center center","background-size":"auto","background-attachment":"scroll","background-type":"","background-media":"","overlay-type":"","overlay-color":"","overlay-opacity":"","overlay-gradient":""},"tablet":{"background-color":"var(--ast-global-color-5)","background-image":"","background-repeat":"repeat","background-position":"center center","background-size":"auto","background-attachment":"scroll","background-type":"","background-media":"","overlay-type":"","overlay-color":"","overlay-opacity":"","overlay-gradient":""},"mobile":{"background-color":"var(--ast-global-color-5)","background-image":"","background-repeat":"repeat","background-position":"center center","background-size":"auto","background-attachment":"scroll","background-type":"","background-media":"","overlay-type":"","overlay-color":"","overlay-opacity":"","overlay-gradient":""}},"footnotes":""},"class_list":["post-10840","page","type-page","status-publish","hentry"],"_links":{"self":[{"href":"https:\/\/afcholland.com\/fr\/wp-json\/wp\/v2\/pages\/10840","targetHints":{"allow":["GET"]}}],"collection":[{"href":"https:\/\/afcholland.com\/fr\/wp-json\/wp\/v2\/pages"}],"about":[{"href":"https:\/\/afcholland.com\/fr\/wp-json\/wp\/v2\/types\/page"}],"author":[{"embeddable":true,"href":"https:\/\/afcholland.com\/fr\/wp-json\/wp\/v2\/users\/2"}],"replies":[{"embeddable":true,"href":"https:\/\/afcholland.com\/fr\/wp-json\/wp\/v2\/comments?post=10840"}],"version-history":[{"count":0,"href":"https:\/\/afcholland.com\/fr\/wp-json\/wp\/v2\/pages\/10840\/revisions"}],"wp:attachment":[{"href":"https:\/\/afcholland.com\/fr\/wp-json\/wp\/v2\/media?parent=10840"}],"curies":[{"name":"wp","href":"https:\/\/api.w.org\/{rel}","templated":true}]}}