{"id":10851,"date":"2025-09-30T14:30:07","date_gmt":"2025-09-30T14:30:07","guid":{"rendered":"https:\/\/afcholland.com\/?page_id=10851"},"modified":"2025-09-30T14:45:38","modified_gmt":"2025-09-30T14:45:38","slug":"alexandra-pinet-conseillere-dorientation","status":"publish","type":"page","link":"https:\/\/afcholland.com\/fr\/alexandra-pinet-conseillere-dorientation\/","title":{"rendered":"Alexandra Pinet, conseill\u00e8re d&rsquo;orientation"},"content":{"rendered":"\t\t<div data-elementor-type=\"wp-page\" data-elementor-id=\"10851\" class=\"elementor elementor-10851\" data-elementor-post-type=\"page\">\n\t\t\t\t<div class=\"elementor-element elementor-element-2cf25bc e-flex e-con-boxed wpr-particle-no wpr-jarallax-no wpr-parallax-no wpr-sticky-section-no wpr-column-slider-no wpr-equal-height-no e-con e-parent\" data-id=\"2cf25bc\" data-element_type=\"container\" data-e-type=\"container\">\n\t\t\t\t\t<div class=\"e-con-inner\">\n\t\t\t\t<div class=\"elementor-element elementor-element-9d173b6 elementor-widget elementor-widget-text-editor\" data-id=\"9d173b6\" data-element_type=\"widget\" data-e-type=\"widget\" data-widget_type=\"text-editor.default\">\n\t\t\t\t\t\t\t\t\t<p><span style=\"color: #003366;\">\u00abLa formation sur le test AFC Holland s\u2019est r\u00e9v\u00e9l\u00e9e tr\u00e8s compl\u00e8te et enrichissante. Les \u00e9tudes de cas pr\u00e9sent\u00e9es \u00e9taient particuli\u00e8rement pertinentes pour mieux comprendre et approfondir l\u2019interpr\u00e9tation des r\u00e9sultats. Le formateur, engag\u00e9 et manifestement expert dans son domaine, a su rendre le contenu accessible et stimulant.<\/span><\/p><p><span style=\"color: #003366;\">Les questions de clarification pos\u00e9es tout au long de la session ont permis d\u2019apporter des pr\u00e9cisions utiles et d\u2019\u00e9claircir certains points cl\u00e9s. J\u2019ai \u00e9galement beaucoup appr\u00e9ci\u00e9 la discussion sur les diff\u00e9rences observ\u00e9es entre diverses populations (qu\u00e9b\u00e9coise, canadienne anglophone, fran\u00e7aise et belge), ce qui contribue \u00e0 une compr\u00e9hension plus nuanc\u00e9e de l\u2019outil.<\/span><\/p><p><span style=\"color: #003366;\">Enfin, le fait que la formation soit gratuite tout en \u00e9tant aussi compl\u00e8te constitue un atout majeur. Une excellente exp\u00e9rience que je recommande vivement \u00e0 tout professionnel int\u00e9ress\u00e9 par l\u2019utilisation du test AFC Holland.\u00a0\u00bb<\/span><\/p><p style=\"font-size: 14px; line-height: 18px; margin-left: 25px; margin-top: 20px;\"><span style=\"color: #003366;\"><strong>Alexandra Pinet<br \/>Conseill\u00e8re d&rsquo;orientation<br \/>Canada<\/strong><\/span><\/p>\t\t\t\t\t\t\t\t<\/div>\n\t\t\t\t\t<\/div>\n\t\t\t\t<\/div>\n\t\t\t\t<\/div>\n\t\t","protected":false},"excerpt":{"rendered":"<p>\u00abLa formation sur le test AFC Holland s\u2019est r\u00e9v\u00e9l\u00e9e tr\u00e8s compl\u00e8te et enrichissante. Les \u00e9tudes de cas pr\u00e9sent\u00e9es \u00e9taient particuli\u00e8rement pertinentes pour mieux comprendre et approfondir l\u2019interpr\u00e9tation des r\u00e9sultats. Le formateur, engag\u00e9 et manifestement expert dans son domaine, a su rendre le contenu accessible et stimulant. Les questions de clarification pos\u00e9es tout au long de la session ont permis d\u2019apporter des pr\u00e9cisions utiles et d\u2019\u00e9claircir certains points cl\u00e9s. J\u2019ai \u00e9galement beaucoup appr\u00e9ci\u00e9 la discussion sur les diff\u00e9rences observ\u00e9es entre diverses populations (qu\u00e9b\u00e9coise, canadienne anglophone, fran\u00e7aise et belge), ce qui contribue \u00e0 une compr\u00e9hension plus nuanc\u00e9e de l\u2019outil. Enfin, le fait que la formation soit gratuite tout en \u00e9tant aussi compl\u00e8te constitue un atout majeur. Une excellente exp\u00e9rience que je recommande vivement \u00e0 tout professionnel int\u00e9ress\u00e9 par l\u2019utilisation du test AFC Holland.\u00a0\u00bb Alexandra PinetConseill\u00e8re d&rsquo;orientationCanada<\/p>\n","protected":false},"author":2,"featured_media":0,"parent":0,"menu_order":0,"comment_status":"closed","ping_status":"closed","template":"","meta":{"_monsterinsights_skip_tracking":false,"_monsterinsights_sitenote_active":false,"_monsterinsights_sitenote_note":"","_monsterinsights_sitenote_category":0,"site-sidebar-layout":"no-sidebar","site-content-layout":"","ast-site-content-layout":"full-width-container","site-content-style":"default","site-sidebar-style":"default","ast-global-header-display":"","ast-banner-title-visibility":"","ast-main-header-display":"","ast-hfb-above-header-display":"","ast-hfb-below-header-display":"","ast-hfb-mobile-header-display":"","site-post-title":"","ast-breadcrumbs-content":"","ast-featured-img":"disabled","footer-sml-layout":"","ast-disable-related-posts":"","theme-transparent-header-meta":"","adv-header-id-meta":"","stick-header-meta":"","header-above-stick-meta":"","header-main-stick-meta":"","header-below-stick-meta":"","astra-migrate-meta-layouts":"default","ast-page-background-enabled":"default","ast-page-background-meta":{"desktop":{"background-color":"var(--ast-global-color-4)","background-image":"","background-repeat":"repeat","background-position":"center center","background-size":"auto","background-attachment":"scroll","background-type":"","background-media":"","overlay-type":"","overlay-color":"","overlay-opacity":"","overlay-gradient":""},"tablet":{"background-color":"","background-image":"","background-repeat":"repeat","background-position":"center center","background-size":"auto","background-attachment":"scroll","background-type":"","background-media":"","overlay-type":"","overlay-color":"","overlay-opacity":"","overlay-gradient":""},"mobile":{"background-color":"","background-image":"","background-repeat":"repeat","background-position":"center center","background-size":"auto","background-attachment":"scroll","background-type":"","background-media":"","overlay-type":"","overlay-color":"","overlay-opacity":"","overlay-gradient":""}},"ast-content-background-meta":{"desktop":{"background-color":"var(--ast-global-color-5)","background-image":"","background-repeat":"repeat","background-position":"center center","background-size":"auto","background-attachment":"scroll","background-type":"","background-media":"","overlay-type":"","overlay-color":"","overlay-opacity":"","overlay-gradient":""},"tablet":{"background-color":"var(--ast-global-color-5)","background-image":"","background-repeat":"repeat","background-position":"center center","background-size":"auto","background-attachment":"scroll","background-type":"","background-media":"","overlay-type":"","overlay-color":"","overlay-opacity":"","overlay-gradient":""},"mobile":{"background-color":"var(--ast-global-color-5)","background-image":"","background-repeat":"repeat","background-position":"center center","background-size":"auto","background-attachment":"scroll","background-type":"","background-media":"","overlay-type":"","overlay-color":"","overlay-opacity":"","overlay-gradient":""}},"footnotes":""},"class_list":["post-10851","page","type-page","status-publish","hentry"],"_links":{"self":[{"href":"https:\/\/afcholland.com\/fr\/wp-json\/wp\/v2\/pages\/10851","targetHints":{"allow":["GET"]}}],"collection":[{"href":"https:\/\/afcholland.com\/fr\/wp-json\/wp\/v2\/pages"}],"about":[{"href":"https:\/\/afcholland.com\/fr\/wp-json\/wp\/v2\/types\/page"}],"author":[{"embeddable":true,"href":"https:\/\/afcholland.com\/fr\/wp-json\/wp\/v2\/users\/2"}],"replies":[{"embeddable":true,"href":"https:\/\/afcholland.com\/fr\/wp-json\/wp\/v2\/comments?post=10851"}],"version-history":[{"count":0,"href":"https:\/\/afcholland.com\/fr\/wp-json\/wp\/v2\/pages\/10851\/revisions"}],"wp:attachment":[{"href":"https:\/\/afcholland.com\/fr\/wp-json\/wp\/v2\/media?parent=10851"}],"curies":[{"name":"wp","href":"https:\/\/api.w.org\/{rel}","templated":true}]}}