{"id":1659,"date":"2015-08-25T14:54:22","date_gmt":"2015-08-25T14:54:22","guid":{"rendered":"http:\/\/www.afcholland.com\/?page_id=1659"},"modified":"2025-02-13T21:23:55","modified_gmt":"2025-02-13T21:23:55","slug":"temoignage-melanie-girard","status":"publish","type":"page","link":"https:\/\/afcholland.com\/fr\/temoignage-melanie-girard\/","title":{"rendered":"M\u00e9lanie Girard, conseill\u00e8re d&rsquo;orientation"},"content":{"rendered":"\t\t<div data-elementor-type=\"wp-page\" data-elementor-id=\"1659\" class=\"elementor elementor-1659\" data-elementor-post-type=\"page\">\n\t\t\t\t<div class=\"elementor-element elementor-element-219c676d e-flex e-con-boxed wpr-particle-no wpr-jarallax-no wpr-parallax-no wpr-sticky-section-no wpr-equal-height-no e-con e-parent\" data-id=\"219c676d\" data-element_type=\"container\" data-e-type=\"container\" data-settings=\"{&quot;background_background&quot;:&quot;classic&quot;}\">\n\t\t\t\t\t<div class=\"e-con-inner\">\n\t\t<div class=\"elementor-element elementor-element-01f5526 e-con-full e-flex wpr-particle-no wpr-jarallax-no wpr-parallax-no wpr-sticky-section-no wpr-equal-height-no e-con e-child\" data-id=\"01f5526\" data-element_type=\"container\" data-e-type=\"container\" data-settings=\"{&quot;background_background&quot;:&quot;classic&quot;}\">\n\t\t\t\t<div class=\"elementor-element elementor-element-1ff7d222 elementor-widget elementor-widget-text-editor\" data-id=\"1ff7d222\" data-element_type=\"widget\" data-e-type=\"widget\" data-widget_type=\"text-editor.default\">\n\t\t\t\t\t\t\t\t\t<p><img loading=\"lazy\" decoding=\"async\" class=\"\" style=\"float: right; margin: 0px 0px 20px 20px;\" src=\"\/wp-content\/uploads\/2023\/01\/Photo-Melanie-2022.jpeg\" alt=\":Melanie Girard\" width=\"189\" height=\"252\" \/><\/p><p><img decoding=\"async\" style=\"float: right; margin: 0px 0px 20px 20px;\" src=\"\/wp-content\/uploads\/2015\/08\/melanie-girard-logo.jpg\" alt=\":melanie-girard-logo\" \/><\/p><p>\u00ab J\u2019ai utilis\u00e9 le test AFC Holland avec plus de 700 clients jusqu\u2019\u00e0 pr\u00e9sent.<\/p><p>Je trouve cet outil tr\u00e8s int\u00e9ressant, car il permet \u00e0 l\u2019individu de se positionner sur ses int\u00e9r\u00eats, mais \u00e9galement sur son sentiment de comp\u00e9tence. Je travaille principalement aupr\u00e8s d\u2019une client\u00e8le ayant des limitations fonctionnelles.<\/p><p>Parfois, leurs int\u00e9r\u00eats ne correspondent plus \u00e0 leur r\u00e9alit\u00e9. \u00c0 ce moment, il est int\u00e9ressant de voir o\u00f9 se situe leur sentiment de comp\u00e9tence afin d\u2019\u00e9largir les possibilit\u00e9s d\u2019exploration professionnelle. Le test nous permet de comprendre davantage le fonctionnement du client en termes de sa personnalit\u00e9, de ses aspirations et de ce qui le rendrait heureux dans un travail.<\/p><p>Chaque fois que j\u2019ai interpr\u00e9t\u00e9 les r\u00e9sultats du test, les clients se sont reconnus. J\u2019ai rencontr\u00e9 des clients qui me disaient que tous les tests qu\u2019ils avaient pass\u00e9s n\u2019avaient donn\u00e9 aucun r\u00e9sultat et qu\u2019ils \u00e9taient sceptiques face \u00e0 la passation de ce test. Ces individus sont rest\u00e9s surpris des r\u00e9sultats pr\u00e9sent\u00e9s et, lors de notre interpr\u00e9tation, ils se sont enfin sentis compris. Je recommande l\u2019utilisation de ce test \u00e0 tous les conseillers d\u2019orientation, car il est plus complet qu\u2019un test d\u2019int\u00e9r\u00eats! \u00bb<\/p><p><strong>M\u00e9lanie Girard, conseill\u00e8re d&rsquo;orientation depuis 1999. Elle est en pratique priv\u00e9e depuis 2002.<\/strong><\/p>\t\t\t\t\t\t\t\t<\/div>\n\t\t\t\t<\/div>\n\t\t\t\t\t<\/div>\n\t\t\t\t<\/div>\n\t\t\t\t<\/div>\n\t\t","protected":false},"excerpt":{"rendered":"<p>\u00ab J\u2019ai utilis\u00e9 le test AFC Holland avec plus de 700 clients jusqu\u2019\u00e0 pr\u00e9sent. Je trouve cet outil tr\u00e8s int\u00e9ressant, car il permet \u00e0 l\u2019individu de se positionner sur ses int\u00e9r\u00eats, mais \u00e9galement sur son sentiment de comp\u00e9tence. Je travaille principalement aupr\u00e8s d\u2019une client\u00e8le ayant des limitations fonctionnelles. Parfois, leurs int\u00e9r\u00eats ne correspondent plus \u00e0 leur r\u00e9alit\u00e9. \u00c0 ce moment, il est int\u00e9ressant de voir o\u00f9 se situe leur sentiment de comp\u00e9tence afin d\u2019\u00e9largir les possibilit\u00e9s d\u2019exploration professionnelle. Le test nous permet de comprendre davantage le fonctionnement du client en termes de sa personnalit\u00e9, de ses aspirations et de ce qui le rendrait heureux dans un travail. Chaque fois que j\u2019ai interpr\u00e9t\u00e9 les r\u00e9sultats du test, les clients se sont reconnus. J\u2019ai rencontr\u00e9 des clients qui me disaient que tous les tests qu\u2019ils avaient pass\u00e9s n\u2019avaient donn\u00e9 aucun r\u00e9sultat et qu\u2019ils \u00e9taient sceptiques face \u00e0 la passation de ce test. Ces individus sont rest\u00e9s surpris des r\u00e9sultats pr\u00e9sent\u00e9s et, lors de notre interpr\u00e9tation, ils se sont enfin sentis compris. Je recommande l\u2019utilisation de ce test \u00e0 tous les conseillers d\u2019orientation, car il est plus complet qu\u2019un test d\u2019int\u00e9r\u00eats! \u00bb M\u00e9lanie Girard, conseill\u00e8re d&rsquo;orientation depuis 1999. Elle est en pratique priv\u00e9e depuis 2002.<\/p>\n","protected":false},"author":2,"featured_media":4478,"parent":0,"menu_order":0,"comment_status":"closed","ping_status":"closed","template":"","meta":{"_monsterinsights_skip_tracking":false,"_monsterinsights_sitenote_active":false,"_monsterinsights_sitenote_note":"","_monsterinsights_sitenote_category":0,"site-sidebar-layout":"default","site-content-layout":"","ast-site-content-layout":"default","site-content-style":"default","site-sidebar-style":"default","ast-global-header-display":"","ast-banner-title-visibility":"","ast-main-header-display":"","ast-hfb-above-header-display":"","ast-hfb-below-header-display":"","ast-hfb-mobile-header-display":"","site-post-title":"","ast-breadcrumbs-content":"","ast-featured-img":"","footer-sml-layout":"","ast-disable-related-posts":"","theme-transparent-header-meta":"","adv-header-id-meta":"","stick-header-meta":"","header-above-stick-meta":"","header-main-stick-meta":"","header-below-stick-meta":"","astra-migrate-meta-layouts":"default","ast-page-background-enabled":"default","ast-page-background-meta":{"desktop":{"background-color":"var(--ast-global-color-4)","background-image":"","background-repeat":"repeat","background-position":"center center","background-size":"auto","background-attachment":"scroll","background-type":"","background-media":"","overlay-type":"","overlay-color":"","overlay-opacity":"","overlay-gradient":""},"tablet":{"background-color":"","background-image":"","background-repeat":"repeat","background-position":"center center","background-size":"auto","background-attachment":"scroll","background-type":"","background-media":"","overlay-type":"","overlay-color":"","overlay-opacity":"","overlay-gradient":""},"mobile":{"background-color":"","background-image":"","background-repeat":"repeat","background-position":"center center","background-size":"auto","background-attachment":"scroll","background-type":"","background-media":"","overlay-type":"","overlay-color":"","overlay-opacity":"","overlay-gradient":""}},"ast-content-background-meta":{"desktop":{"background-color":"var(--ast-global-color-5)","background-image":"","background-repeat":"repeat","background-position":"center center","background-size":"auto","background-attachment":"scroll","background-type":"","background-media":"","overlay-type":"","overlay-color":"","overlay-opacity":"","overlay-gradient":""},"tablet":{"background-color":"var(--ast-global-color-5)","background-image":"","background-repeat":"repeat","background-position":"center center","background-size":"auto","background-attachment":"scroll","background-type":"","background-media":"","overlay-type":"","overlay-color":"","overlay-opacity":"","overlay-gradient":""},"mobile":{"background-color":"var(--ast-global-color-5)","background-image":"","background-repeat":"repeat","background-position":"center center","background-size":"auto","background-attachment":"scroll","background-type":"","background-media":"","overlay-type":"","overlay-color":"","overlay-opacity":"","overlay-gradient":""}},"footnotes":""},"class_list":["post-1659","page","type-page","status-publish","has-post-thumbnail","hentry"],"_links":{"self":[{"href":"https:\/\/afcholland.com\/fr\/wp-json\/wp\/v2\/pages\/1659","targetHints":{"allow":["GET"]}}],"collection":[{"href":"https:\/\/afcholland.com\/fr\/wp-json\/wp\/v2\/pages"}],"about":[{"href":"https:\/\/afcholland.com\/fr\/wp-json\/wp\/v2\/types\/page"}],"author":[{"embeddable":true,"href":"https:\/\/afcholland.com\/fr\/wp-json\/wp\/v2\/users\/2"}],"replies":[{"embeddable":true,"href":"https:\/\/afcholland.com\/fr\/wp-json\/wp\/v2\/comments?post=1659"}],"version-history":[{"count":0,"href":"https:\/\/afcholland.com\/fr\/wp-json\/wp\/v2\/pages\/1659\/revisions"}],"wp:featuredmedia":[{"embeddable":true,"href":"https:\/\/afcholland.com\/fr\/wp-json\/wp\/v2\/media\/4478"}],"wp:attachment":[{"href":"https:\/\/afcholland.com\/fr\/wp-json\/wp\/v2\/media?parent=1659"}],"curies":[{"name":"wp","href":"https:\/\/api.w.org\/{rel}","templated":true}]}}