{"id":1690,"date":"2015-08-31T13:52:47","date_gmt":"2015-08-31T13:52:47","guid":{"rendered":"http:\/\/www.afcholland.com\/?page_id=1690"},"modified":"2019-04-16T13:44:19","modified_gmt":"2019-04-16T13:44:19","slug":"nos-dirigeants","status":"publish","type":"page","link":"https:\/\/afcholland.com\/fr\/nos-dirigeants\/","title":{"rendered":"Nos dirigeants"},"content":{"rendered":"<p>[clear]<br \/>\n<a href=\"http:\/\/www.afcholland.com\/wp-content\/uploads\/2016\/11\/Phil-pro-1.jpg\"><img loading=\"lazy\" decoding=\"async\" class=\"alignnone size-full wp-image-2243\" src=\"http:\/\/www.afcholland.com\/wp-content\/uploads\/2016\/11\/Phil-pro-1.jpg\" alt=\"phil-pro-1\" width=\"270\" height=\"337\" srcset=\"https:\/\/afcholland.com\/wp-content\/uploads\/2016\/11\/Phil-pro-1.jpg 600w, https:\/\/afcholland.com\/wp-content\/uploads\/2016\/11\/Phil-pro-1-240x300.jpg 240w\" sizes=\"auto, (max-width: 270px) 100vw, 270px\" \/><\/a><\/p>\n<h2>Philippe Chevrette<\/h2>\n<p>Directeur g\u00e9n\u00e9ral de l\u2019entreprise depuis 2007, il d\u00e9tient une formation en mesures statistiques reli\u00e9es \u00e0 la psychom\u00e9trie et poursuit actuellement une ma\u00eetrise en mesure et \u00e9valuation \u00e0 l\u2019Universit\u00e9 Laval. Il est \u00e9galement d\u00e9tenteur d\u2019un dipl\u00f4me de deuxi\u00e8me cycle et d\u2019un baccalaur\u00e9at en droit ainsi que d\u2019un certificat en administration des affaires de l\u2019Universit\u00e9 de Sherbrooke. Il consacre sa carri\u00e8re \u00e0 la mesure des \u00e9l\u00e9ments pertinents \u00e0 la r\u00e9ussite des personnes, ainsi qu\u2019au d\u00e9veloppement et \u00e0 l\u2019am\u00e9lioration des outils d\u00e9velopp\u00e9s afin qu\u2019ils r\u00e9pondent toujours mieux aux besoins de l\u2019ensemble des professionnels qui les utilisent.<\/p>\n<p>Il a travaill\u00e9 tout d&rsquo;abord avec le psychologue Claude Rousseau, auteur d\u2019AFC Comp\u00e9tences G\u00e9n\u00e9riques, qui avait \u00e0 coeur d&rsquo;utiliser la psychom\u00e9trie afin d&rsquo;apporter aux individus une aide concr\u00e8te \u00e0 leur r\u00e9ussite.<\/p>\n<p><em>Monsieur Rousseau \u00e9tait un homme d\u00e9sireux d\u2019innover dans le domaine de la psychologie organisationnelle dans le but ultime d\u2019aider les gens \u00e0 atteindre leurs objectifs de carri\u00e8re et de vie. Tout en poursuivant son travail avec AFC Comp\u00e9tences G\u00e9n\u00e9riques, j\u2019ai\u00a0 d\u00e9velopp\u00e9 AFC Holland, un inventaire vocationnel int\u00e9grant plusieurs dimensions utiles. <\/em><\/p>\n<p><em>Ces dimensions o<\/em><em>nt pour but d\u2019aider les gens \u00e0 mieux identifier leurs int\u00e9r\u00eats, l\u00e0 o\u00f9 ils per\u00e7oivent leurs plus grandes comp\u00e9tences, de r\u00e9fl\u00e9chir \u00e0 qui ils sont et \u00e0 ce qui les rendrait heureux au travail. Nous souhaitons qu&rsquo;ils puissent ainsi faire un choix plus \u00e9clair\u00e9 et augmentent leurs chances d\u2019\u00eatre heureux avec celui-ci.\u00a0\u00bb<\/em><\/p>\n<p>&nbsp;<\/p>\n<p>[clear]<\/p>\n<p>[hr]<\/p>\n<p><img loading=\"lazy\" decoding=\"async\" style=\"float: right; margin: 0px 0px 20px 50px;\" src=\"\/wp-content\/uploads\/2015\/08\/alain-chevrette.jpg\" alt=\"philippe-chevrette\" width=\"270\" height=\"329\" \/><\/p>\n<h2>Alain Chevrette<\/h2>\n<p>Il est d\u00e9tenteur d\u2019un baccalaur\u00e9at en informatique et en g\u00e9nie civil en plus d&rsquo;\u00eatre pr\u00e9sident et l\u2019un des membres fondateurs d\u2019AFC Tests Psychom\u00e9triques. Il est \u00e9galement directeur g\u00e9n\u00e9ral et pr\u00e9sident de R\u00e9seau Ovation, le plus important r\u00e9seau de billetterie de salles de spectacles au Qu\u00e9bec. Depuis les fondations de l&rsquo;entreprise, il a toujours cru au potentiel de la psychom\u00e9trie.<\/p>\n<p>&nbsp;<\/p>\n","protected":false},"excerpt":{"rendered":"<p>[clear] Philippe Chevrette Directeur g\u00e9n\u00e9ral de l\u2019entreprise depuis 2007, il d\u00e9tient une formation en mesures statistiques reli\u00e9es \u00e0 la psychom\u00e9trie et poursuit actuellement une ma\u00eetrise en mesure et \u00e9valuation \u00e0 l\u2019Universit\u00e9 Laval. Il est \u00e9galement d\u00e9tenteur d\u2019un dipl\u00f4me de deuxi\u00e8me cycle et d\u2019un baccalaur\u00e9at en droit ainsi que d\u2019un certificat en administration des affaires de l\u2019Universit\u00e9 de Sherbrooke. Il consacre sa carri\u00e8re \u00e0 la mesure des \u00e9l\u00e9ments pertinents \u00e0 la r\u00e9ussite des personnes, ainsi qu\u2019au d\u00e9veloppement et \u00e0 l\u2019am\u00e9lioration des outils d\u00e9velopp\u00e9s afin qu\u2019ils r\u00e9pondent toujours mieux aux besoins de l\u2019ensemble des professionnels qui les utilisent. Il a travaill\u00e9 tout d&rsquo;abord avec le psychologue Claude Rousseau, auteur d\u2019AFC Comp\u00e9tences G\u00e9n\u00e9riques, qui avait \u00e0 coeur d&rsquo;utiliser la psychom\u00e9trie afin d&rsquo;apporter aux individus une aide concr\u00e8te \u00e0 leur r\u00e9ussite. Monsieur Rousseau \u00e9tait un homme d\u00e9sireux d\u2019innover dans le domaine de la psychologie organisationnelle dans le but ultime d\u2019aider les gens \u00e0 atteindre leurs objectifs de carri\u00e8re et de vie. Tout en poursuivant son travail avec AFC Comp\u00e9tences G\u00e9n\u00e9riques, j\u2019ai\u00a0 d\u00e9velopp\u00e9 AFC Holland, un inventaire vocationnel int\u00e9grant plusieurs dimensions utiles. Ces dimensions ont pour but d\u2019aider les gens \u00e0 mieux identifier leurs int\u00e9r\u00eats, l\u00e0 o\u00f9 ils per\u00e7oivent leurs plus grandes comp\u00e9tences, de r\u00e9fl\u00e9chir \u00e0 qui ils sont et \u00e0 ce qui les rendrait heureux au travail. Nous souhaitons qu&rsquo;ils puissent ainsi faire un choix plus \u00e9clair\u00e9 et augmentent leurs chances d\u2019\u00eatre heureux avec celui-ci.\u00a0\u00bb &nbsp; [clear] [hr] Alain Chevrette Il est d\u00e9tenteur d\u2019un baccalaur\u00e9at en informatique et en g\u00e9nie civil en plus d&rsquo;\u00eatre pr\u00e9sident et l\u2019un des membres fondateurs d\u2019AFC Tests Psychom\u00e9triques. Il est \u00e9galement directeur g\u00e9n\u00e9ral et pr\u00e9sident de R\u00e9seau Ovation, le plus important r\u00e9seau de billetterie de salles de spectacles au Qu\u00e9bec. Depuis les fondations de l&rsquo;entreprise, il a toujours cru au potentiel de la psychom\u00e9trie. &nbsp;<\/p>\n","protected":false},"author":2,"featured_media":0,"parent":0,"menu_order":0,"comment_status":"closed","ping_status":"open","template":"","meta":{"_monsterinsights_skip_tracking":false,"_monsterinsights_sitenote_active":false,"_monsterinsights_sitenote_note":"","_monsterinsights_sitenote_category":0,"site-sidebar-layout":"default","site-content-layout":"","ast-site-content-layout":"default","site-content-style":"default","site-sidebar-style":"default","ast-global-header-display":"","ast-banner-title-visibility":"","ast-main-header-display":"","ast-hfb-above-header-display":"","ast-hfb-below-header-display":"","ast-hfb-mobile-header-display":"","site-post-title":"","ast-breadcrumbs-content":"","ast-featured-img":"","footer-sml-layout":"","ast-disable-related-posts":"","theme-transparent-header-meta":"","adv-header-id-meta":"","stick-header-meta":"","header-above-stick-meta":"","header-main-stick-meta":"","header-below-stick-meta":"","astra-migrate-meta-layouts":"default","ast-page-background-enabled":"default","ast-page-background-meta":{"desktop":{"background-color":"var(--ast-global-color-4)","background-image":"","background-repeat":"repeat","background-position":"center center","background-size":"auto","background-attachment":"scroll","background-type":"","background-media":"","overlay-type":"","overlay-color":"","overlay-opacity":"","overlay-gradient":""},"tablet":{"background-color":"","background-image":"","background-repeat":"repeat","background-position":"center center","background-size":"auto","background-attachment":"scroll","background-type":"","background-media":"","overlay-type":"","overlay-color":"","overlay-opacity":"","overlay-gradient":""},"mobile":{"background-color":"","background-image":"","background-repeat":"repeat","background-position":"center center","background-size":"auto","background-attachment":"scroll","background-type":"","background-media":"","overlay-type":"","overlay-color":"","overlay-opacity":"","overlay-gradient":""}},"ast-content-background-meta":{"desktop":{"background-color":"var(--ast-global-color-5)","background-image":"","background-repeat":"repeat","background-position":"center center","background-size":"auto","background-attachment":"scroll","background-type":"","background-media":"","overlay-type":"","overlay-color":"","overlay-opacity":"","overlay-gradient":""},"tablet":{"background-color":"var(--ast-global-color-5)","background-image":"","background-repeat":"repeat","background-position":"center center","background-size":"auto","background-attachment":"scroll","background-type":"","background-media":"","overlay-type":"","overlay-color":"","overlay-opacity":"","overlay-gradient":""},"mobile":{"background-color":"var(--ast-global-color-5)","background-image":"","background-repeat":"repeat","background-position":"center center","background-size":"auto","background-attachment":"scroll","background-type":"","background-media":"","overlay-type":"","overlay-color":"","overlay-opacity":"","overlay-gradient":""}},"footnotes":""},"class_list":["post-1690","page","type-page","status-publish","hentry"],"_links":{"self":[{"href":"https:\/\/afcholland.com\/fr\/wp-json\/wp\/v2\/pages\/1690","targetHints":{"allow":["GET"]}}],"collection":[{"href":"https:\/\/afcholland.com\/fr\/wp-json\/wp\/v2\/pages"}],"about":[{"href":"https:\/\/afcholland.com\/fr\/wp-json\/wp\/v2\/types\/page"}],"author":[{"embeddable":true,"href":"https:\/\/afcholland.com\/fr\/wp-json\/wp\/v2\/users\/2"}],"replies":[{"embeddable":true,"href":"https:\/\/afcholland.com\/fr\/wp-json\/wp\/v2\/comments?post=1690"}],"version-history":[{"count":0,"href":"https:\/\/afcholland.com\/fr\/wp-json\/wp\/v2\/pages\/1690\/revisions"}],"wp:attachment":[{"href":"https:\/\/afcholland.com\/fr\/wp-json\/wp\/v2\/media?parent=1690"}],"curies":[{"name":"wp","href":"https:\/\/api.w.org\/{rel}","templated":true}]}}