{"id":2323,"date":"2017-04-30T16:51:41","date_gmt":"2017-04-30T16:51:41","guid":{"rendered":"http:\/\/www.afcholland.com\/?page_id=2323"},"modified":"2017-04-30T16:56:44","modified_gmt":"2017-04-30T16:56:44","slug":"frederick-thouin-conseiller-dorientation-orientation-travail","status":"publish","type":"page","link":"https:\/\/afcholland.com\/fr\/frederick-thouin-conseiller-dorientation-orientation-travail\/","title":{"rendered":"Fr\u00e9d\u00e9rick Thouin, conseiller d&rsquo;orientation, Orientation Travail"},"content":{"rendered":"<p><strong>Fr\u00e9d\u00e9rick Thouin est conseiller d&rsquo;orientation au sein d&rsquo;Orientation Travail, un organisme qui offre des services de counseling d&rsquo;orientation et d&#8217;emploi aux adultes en recherche d&#8217;emploi ou qui d\u00e9sirent r\u00e9orienter leur carri\u00e8re.<\/strong><\/p>\n<p>Travaillant comme conseiller d\u2019orientation dans le secteur professionnel de l\u2019employabilit\u00e9, ma client\u00e8le est principalement adulte, incluant des personnes peu scolaris\u00e9es, poss\u00e9dant parfois des limitations fonctionnelles et des troubles de sant\u00e9 mentale. J\u2019utilise le test psychom\u00e9trique AFC Holland dans des d\u00e9marches d\u2019orientation, de bilan de carri\u00e8re et de comp\u00e9tences. <\/p>\n<p>Concernant l\u2019aspect visuel du rapport d\u00e9taill\u00e9 et global, il est \u00e0 la fois simple et attrayant. D\u2019autre part, l\u2019information contenue dans le rapport d\u00e9taill\u00e9 est pertinente et utile pour effectuer une analyse approfondie du fonctionnement de la client\u00e8le concernant non seulement ses int\u00e9r\u00eats dominants, mais aussi les comp\u00e9tences dans lesquelles la client\u00e8le a g\u00e9n\u00e9ralement le plus confiance, ses comportements et valeurs professionnelles \u00e0 mobiliser dans un emploi, et ce qui rendrait heureux les personnes dans un travail. J\u2019appr\u00e9cie particuli\u00e8rement le dernier \u00e9l\u00e9ment identifi\u00e9, car il permet d\u2019avoir une orientation et un \u00e9clairage efficaces, autant objectifs qu\u2019affectifs, concernant le choix vocationnel de la client\u00e8le.<\/p>\n<p>Lors de l\u2019interpr\u00e9tation, je remarque que la client\u00e8le se reconna\u00eet grandement \u00e0 travers les r\u00e9sultats. La client\u00e8le appr\u00e9cie les cat\u00e9gories sp\u00e9cifiques de professions puisqu\u2019elle permet de d\u00e9marrer une exploration professionnelle pr\u00e9cise et efficace. <\/p>\n<p>Enfin, j\u2019affirme utiliser le test psychom\u00e9trique AFC Holland avec une grande confiance. En effet, j\u2019estime qu\u2019il donne des r\u00e9sultats valides et tr\u00e8s pr\u00e9cis. Je recommande fortement l\u2019utilisation de ce test psychom\u00e9trique. <\/p>\n","protected":false},"excerpt":{"rendered":"<p>Fr\u00e9d\u00e9rick Thouin est conseiller d&rsquo;orientation au sein d&rsquo;Orientation Travail, un organisme qui offre des services de counseling d&rsquo;orientation et d&#8217;emploi aux adultes en recherche d&#8217;emploi ou qui d\u00e9sirent r\u00e9orienter leur carri\u00e8re. Travaillant comme conseiller d\u2019orientation dans le secteur professionnel de l\u2019employabilit\u00e9, ma client\u00e8le est principalement adulte, incluant des personnes peu scolaris\u00e9es, poss\u00e9dant parfois des limitations fonctionnelles et des troubles de sant\u00e9 mentale. J\u2019utilise le test psychom\u00e9trique AFC Holland dans des d\u00e9marches d\u2019orientation, de bilan de carri\u00e8re et de comp\u00e9tences. Concernant l\u2019aspect visuel du rapport d\u00e9taill\u00e9 et global, il est \u00e0 la fois simple et attrayant. D\u2019autre part, l\u2019information contenue dans le rapport d\u00e9taill\u00e9 est pertinente et utile pour effectuer une analyse approfondie du fonctionnement de la client\u00e8le concernant non seulement ses int\u00e9r\u00eats dominants, mais aussi les comp\u00e9tences dans lesquelles la client\u00e8le a g\u00e9n\u00e9ralement le plus confiance, ses comportements et valeurs professionnelles \u00e0 mobiliser dans un emploi, et ce qui rendrait heureux les personnes dans un travail. J\u2019appr\u00e9cie particuli\u00e8rement le dernier \u00e9l\u00e9ment identifi\u00e9, car il permet d\u2019avoir une orientation et un \u00e9clairage efficaces, autant objectifs qu\u2019affectifs, concernant le choix vocationnel de la client\u00e8le. Lors de l\u2019interpr\u00e9tation, je remarque que la client\u00e8le se reconna\u00eet grandement \u00e0 travers les r\u00e9sultats. La client\u00e8le appr\u00e9cie les cat\u00e9gories sp\u00e9cifiques de professions puisqu\u2019elle permet de d\u00e9marrer une exploration professionnelle pr\u00e9cise et efficace. Enfin, j\u2019affirme utiliser le test psychom\u00e9trique AFC Holland avec une grande confiance. En effet, j\u2019estime qu\u2019il donne des r\u00e9sultats valides et tr\u00e8s pr\u00e9cis. Je recommande fortement l\u2019utilisation de ce test psychom\u00e9trique.<\/p>\n","protected":false},"author":2,"featured_media":0,"parent":0,"menu_order":0,"comment_status":"closed","ping_status":"closed","template":"","meta":{"_monsterinsights_skip_tracking":false,"_monsterinsights_sitenote_active":false,"_monsterinsights_sitenote_note":"","_monsterinsights_sitenote_category":0,"site-sidebar-layout":"default","site-content-layout":"","ast-site-content-layout":"default","site-content-style":"default","site-sidebar-style":"default","ast-global-header-display":"","ast-banner-title-visibility":"","ast-main-header-display":"","ast-hfb-above-header-display":"","ast-hfb-below-header-display":"","ast-hfb-mobile-header-display":"","site-post-title":"","ast-breadcrumbs-content":"","ast-featured-img":"","footer-sml-layout":"","ast-disable-related-posts":"","theme-transparent-header-meta":"","adv-header-id-meta":"","stick-header-meta":"","header-above-stick-meta":"","header-main-stick-meta":"","header-below-stick-meta":"","astra-migrate-meta-layouts":"default","ast-page-background-enabled":"default","ast-page-background-meta":{"desktop":{"background-color":"var(--ast-global-color-4)","background-image":"","background-repeat":"repeat","background-position":"center center","background-size":"auto","background-attachment":"scroll","background-type":"","background-media":"","overlay-type":"","overlay-color":"","overlay-opacity":"","overlay-gradient":""},"tablet":{"background-color":"","background-image":"","background-repeat":"repeat","background-position":"center center","background-size":"auto","background-attachment":"scroll","background-type":"","background-media":"","overlay-type":"","overlay-color":"","overlay-opacity":"","overlay-gradient":""},"mobile":{"background-color":"","background-image":"","background-repeat":"repeat","background-position":"center center","background-size":"auto","background-attachment":"scroll","background-type":"","background-media":"","overlay-type":"","overlay-color":"","overlay-opacity":"","overlay-gradient":""}},"ast-content-background-meta":{"desktop":{"background-color":"var(--ast-global-color-5)","background-image":"","background-repeat":"repeat","background-position":"center center","background-size":"auto","background-attachment":"scroll","background-type":"","background-media":"","overlay-type":"","overlay-color":"","overlay-opacity":"","overlay-gradient":""},"tablet":{"background-color":"var(--ast-global-color-5)","background-image":"","background-repeat":"repeat","background-position":"center center","background-size":"auto","background-attachment":"scroll","background-type":"","background-media":"","overlay-type":"","overlay-color":"","overlay-opacity":"","overlay-gradient":""},"mobile":{"background-color":"var(--ast-global-color-5)","background-image":"","background-repeat":"repeat","background-position":"center center","background-size":"auto","background-attachment":"scroll","background-type":"","background-media":"","overlay-type":"","overlay-color":"","overlay-opacity":"","overlay-gradient":""}},"footnotes":""},"class_list":["post-2323","page","type-page","status-publish","hentry"],"_links":{"self":[{"href":"https:\/\/afcholland.com\/fr\/wp-json\/wp\/v2\/pages\/2323","targetHints":{"allow":["GET"]}}],"collection":[{"href":"https:\/\/afcholland.com\/fr\/wp-json\/wp\/v2\/pages"}],"about":[{"href":"https:\/\/afcholland.com\/fr\/wp-json\/wp\/v2\/types\/page"}],"author":[{"embeddable":true,"href":"https:\/\/afcholland.com\/fr\/wp-json\/wp\/v2\/users\/2"}],"replies":[{"embeddable":true,"href":"https:\/\/afcholland.com\/fr\/wp-json\/wp\/v2\/comments?post=2323"}],"version-history":[{"count":0,"href":"https:\/\/afcholland.com\/fr\/wp-json\/wp\/v2\/pages\/2323\/revisions"}],"wp:attachment":[{"href":"https:\/\/afcholland.com\/fr\/wp-json\/wp\/v2\/media?parent=2323"}],"curies":[{"name":"wp","href":"https:\/\/api.w.org\/{rel}","templated":true}]}}