{"id":2328,"date":"2017-05-01T14:48:36","date_gmt":"2017-05-01T14:48:36","guid":{"rendered":"http:\/\/www.afcholland.com\/?page_id=2328"},"modified":"2025-02-13T21:25:45","modified_gmt":"2025-02-13T21:25:45","slug":"nadine-leblanc-conseillere-dorientation-cegep-de-baie-comeau","status":"publish","type":"page","link":"https:\/\/afcholland.com\/fr\/nadine-leblanc-conseillere-dorientation-cegep-de-baie-comeau\/","title":{"rendered":"Nadine Leblanc, conseill\u00e8re d&rsquo;orientation, C\u00e9gep de Baie-Comeau"},"content":{"rendered":"\t\t<div data-elementor-type=\"wp-page\" data-elementor-id=\"2328\" class=\"elementor elementor-2328\" data-elementor-post-type=\"page\">\n\t\t\t\t<div class=\"elementor-element elementor-element-6fe8bc53 e-flex e-con-boxed wpr-particle-no wpr-jarallax-no wpr-parallax-no wpr-sticky-section-no wpr-equal-height-no e-con e-parent\" data-id=\"6fe8bc53\" data-element_type=\"container\" data-e-type=\"container\">\n\t\t\t\t\t<div class=\"e-con-inner\">\n\t\t<div class=\"elementor-element elementor-element-4cd9fd0 e-con-full e-flex wpr-particle-no wpr-jarallax-no wpr-parallax-no wpr-sticky-section-no wpr-equal-height-no e-con e-child\" data-id=\"4cd9fd0\" data-element_type=\"container\" data-e-type=\"container\" data-settings=\"{&quot;background_background&quot;:&quot;classic&quot;}\">\n\t\t\t\t<div class=\"elementor-element elementor-element-31eb034d elementor-widget elementor-widget-text-editor\" data-id=\"31eb034d\" data-element_type=\"widget\" data-e-type=\"widget\" data-widget_type=\"text-editor.default\">\n\t\t\t\t\t\t\t\t\t<p><a href=\"https:\/\/afcholland.com\/wp-content\/uploads\/2024\/04\/Nadine.jpg\"><img loading=\"lazy\" decoding=\"async\" class=\"size-medium wp-image-6425 alignright\" src=\"https:\/\/afcholland.com\/wp-content\/uploads\/2024\/04\/Nadine-200x300.jpg\" alt=\"Photo Nadine\" width=\"200\" height=\"300\" srcset=\"https:\/\/afcholland.com\/wp-content\/uploads\/2024\/04\/Nadine-200x300.jpg 200w, https:\/\/afcholland.com\/wp-content\/uploads\/2024\/04\/Nadine-8x12.jpg 8w, https:\/\/afcholland.com\/wp-content\/uploads\/2024\/04\/Nadine.jpg 427w\" sizes=\"auto, (max-width: 200px) 100vw, 200px\" \/><\/a><\/p><p>\u00ab Apr\u00e8s plus de 300 utilisations aupr\u00e8s de jeunes adultes de niveau coll\u00e9gial, l\u2019outil AFC Holland est tr\u00e8s appr\u00e9ci\u00e9, car il permet notamment d\u2019aborder les int\u00e9r\u00eats de l\u2019\u00e9tudiant, en plus d\u2019\u00e9valuer sa propre perception de ses comp\u00e9tences et aptitudes, tout en explorant sa personnalit\u00e9 et ses besoins en emploi. Les domaines professionnels sont \u00e9galement tr\u00e8s utiles, car ils permettent de d\u00e9mystifier les int\u00e9r\u00eats personnels des int\u00e9r\u00eats professionnels et donnent des pistes d\u2019emploi potentielles \u00e0 approfondir avec le client. Cette \u00e9tape peut m\u00eame permettre \u00e0 l\u2019\u00e9tudiant de d\u00e9couvrir de nouveaux domaines d\u2019\u00e9tudes qu\u2019il n\u2019aurait pas imagin\u00e9s autrement.<\/p><p>En plus d\u2019utiliser le test en orientation individuelle, je l\u2019utilise aussi dans le cadre de l\u2019approche orientante aupr\u00e8s des \u00e9tudiants de 1\u00e8re ann\u00e9e de c\u00e9gep dans divers programmes techniques tels que l\u2019\u00e9ducation \u00e0 l\u2019enfance, g\u00e9nie civil, foresterie, \u00e9ducation sp\u00e9cialis\u00e9e, etc. afin de les aider \u00e0 mieux se conna\u00eetre, identifier leurs forces et leurs faiblesses et favoriser une prise de conscience quant \u00e0 leur choix de programme d&rsquo;\u00e9tudes et\/ou de carri\u00e8re. Ce travail de r\u00e9flexion les am\u00e8ne \u00e0 faire le pont entre leur profil d\u2019int\u00e9r\u00eats et d\u2019aptitudes en lien avec les qualit\u00e9s et caract\u00e9ristiques recherch\u00e9es dans le m\u00e9tier choisi afin qu\u2019ils puissent identifier les forces qu\u2019ils pourront exploiter dans leur futur emploi, mais aussi les \u00e9l\u00e9ments \u00e0 d\u00e9velopper davantage pour mieux r\u00e9pondre aux exigences du m\u00e9tier cibl\u00e9.<\/p><p>L\u2019\u00e9quipe d\u2019AFC Holland est tr\u00e8s disponible lorsque nous avons des questions et demeure tr\u00e8s ouverte aux suggestions, tout en ayant le souci d\u2019am\u00e9liorer continuellement la qualit\u00e9 de leurs outils psychom\u00e9triques pour bien r\u00e9pondre aux besoins des utilisateurs. Notre exp\u00e9rience avec le test ainsi que notre avis est pris en consid\u00e9ration, ce qui est tr\u00e8s enrichissant et gratifiant en tant que professionnel.<\/p><p>Bref, un outil simple, complet et efficace que je recommande sans h\u00e9sitation pour tout professionnel de l\u2019orientation qui souhaite favoriser la connaissance de soi et l\u2019exploration des domaines professionnels aupr\u00e8s de ses clients par le biais de la typologie de Holland. \u00bb<\/p><p><strong>Nadine Leblanc est conseill\u00e8re d&rsquo;orientation au C\u00e9gep de Baie-Comeau et utilise AFC Holland dans un contexte de counseling individuel ainsi qu&rsquo;en groupe d&rsquo;\u00e9l\u00e8ves de niveau coll\u00e9gial (approche orientante)<\/strong><\/p>\t\t\t\t\t\t\t\t<\/div>\n\t\t\t\t<\/div>\n\t\t\t\t\t<\/div>\n\t\t\t\t<\/div>\n\t\t\t\t<\/div>\n\t\t","protected":false},"excerpt":{"rendered":"<p>\u00ab Apr\u00e8s plus de 300 utilisations aupr\u00e8s de jeunes adultes de niveau coll\u00e9gial, l\u2019outil AFC Holland est tr\u00e8s appr\u00e9ci\u00e9, car il permet notamment d\u2019aborder les int\u00e9r\u00eats de l\u2019\u00e9tudiant, en plus d\u2019\u00e9valuer sa propre perception de ses comp\u00e9tences et aptitudes, tout en explorant sa personnalit\u00e9 et ses besoins en emploi. Les domaines professionnels sont \u00e9galement tr\u00e8s utiles, car ils permettent de d\u00e9mystifier les int\u00e9r\u00eats personnels des int\u00e9r\u00eats professionnels et donnent des pistes d\u2019emploi potentielles \u00e0 approfondir avec le client. Cette \u00e9tape peut m\u00eame permettre \u00e0 l\u2019\u00e9tudiant de d\u00e9couvrir de nouveaux domaines d\u2019\u00e9tudes qu\u2019il n\u2019aurait pas imagin\u00e9s autrement. En plus d\u2019utiliser le test en orientation individuelle, je l\u2019utilise aussi dans le cadre de l\u2019approche orientante aupr\u00e8s des \u00e9tudiants de 1\u00e8re ann\u00e9e de c\u00e9gep dans divers programmes techniques tels que l\u2019\u00e9ducation \u00e0 l\u2019enfance, g\u00e9nie civil, foresterie, \u00e9ducation sp\u00e9cialis\u00e9e, etc. afin de les aider \u00e0 mieux se conna\u00eetre, identifier leurs forces et leurs faiblesses et favoriser une prise de conscience quant \u00e0 leur choix de programme d&rsquo;\u00e9tudes et\/ou de carri\u00e8re. Ce travail de r\u00e9flexion les am\u00e8ne \u00e0 faire le pont entre leur profil d\u2019int\u00e9r\u00eats et d\u2019aptitudes en lien avec les qualit\u00e9s et caract\u00e9ristiques recherch\u00e9es dans le m\u00e9tier choisi afin qu\u2019ils puissent identifier les forces qu\u2019ils pourront exploiter dans leur futur emploi, mais aussi les \u00e9l\u00e9ments \u00e0 d\u00e9velopper davantage pour mieux r\u00e9pondre aux exigences du m\u00e9tier cibl\u00e9. L\u2019\u00e9quipe d\u2019AFC Holland est tr\u00e8s disponible lorsque nous avons des questions et demeure tr\u00e8s ouverte aux suggestions, tout en ayant le souci d\u2019am\u00e9liorer continuellement la qualit\u00e9 de leurs outils psychom\u00e9triques pour bien r\u00e9pondre aux besoins des utilisateurs. Notre exp\u00e9rience avec le test ainsi que notre avis est pris en consid\u00e9ration, ce qui est tr\u00e8s enrichissant et gratifiant en tant que professionnel. Bref, un outil simple, complet et efficace que je recommande sans h\u00e9sitation pour tout professionnel de l\u2019orientation qui souhaite favoriser la connaissance de soi et l\u2019exploration des domaines professionnels aupr\u00e8s de ses clients par le biais de la typologie de Holland. \u00bb Nadine Leblanc est conseill\u00e8re d&rsquo;orientation au C\u00e9gep de Baie-Comeau et utilise AFC Holland dans un contexte de counseling individuel ainsi qu&rsquo;en groupe d&rsquo;\u00e9l\u00e8ves de niveau coll\u00e9gial (approche orientante)<\/p>\n","protected":false},"author":2,"featured_media":6425,"parent":0,"menu_order":0,"comment_status":"closed","ping_status":"closed","template":"","meta":{"_monsterinsights_skip_tracking":false,"_monsterinsights_sitenote_active":false,"_monsterinsights_sitenote_note":"","_monsterinsights_sitenote_category":0,"site-sidebar-layout":"default","site-content-layout":"","ast-site-content-layout":"default","site-content-style":"default","site-sidebar-style":"default","ast-global-header-display":"","ast-banner-title-visibility":"","ast-main-header-display":"","ast-hfb-above-header-display":"","ast-hfb-below-header-display":"","ast-hfb-mobile-header-display":"","site-post-title":"","ast-breadcrumbs-content":"","ast-featured-img":"","footer-sml-layout":"","ast-disable-related-posts":"","theme-transparent-header-meta":"","adv-header-id-meta":"","stick-header-meta":"","header-above-stick-meta":"","header-main-stick-meta":"","header-below-stick-meta":"","astra-migrate-meta-layouts":"default","ast-page-background-enabled":"default","ast-page-background-meta":{"desktop":{"background-color":"var(--ast-global-color-4)","background-image":"","background-repeat":"repeat","background-position":"center center","background-size":"auto","background-attachment":"scroll","background-type":"","background-media":"","overlay-type":"","overlay-color":"","overlay-opacity":"","overlay-gradient":""},"tablet":{"background-color":"","background-image":"","background-repeat":"repeat","background-position":"center center","background-size":"auto","background-attachment":"scroll","background-type":"","background-media":"","overlay-type":"","overlay-color":"","overlay-opacity":"","overlay-gradient":""},"mobile":{"background-color":"","background-image":"","background-repeat":"repeat","background-position":"center center","background-size":"auto","background-attachment":"scroll","background-type":"","background-media":"","overlay-type":"","overlay-color":"","overlay-opacity":"","overlay-gradient":""}},"ast-content-background-meta":{"desktop":{"background-color":"var(--ast-global-color-5)","background-image":"","background-repeat":"repeat","background-position":"center center","background-size":"auto","background-attachment":"scroll","background-type":"","background-media":"","overlay-type":"","overlay-color":"","overlay-opacity":"","overlay-gradient":""},"tablet":{"background-color":"var(--ast-global-color-5)","background-image":"","background-repeat":"repeat","background-position":"center center","background-size":"auto","background-attachment":"scroll","background-type":"","background-media":"","overlay-type":"","overlay-color":"","overlay-opacity":"","overlay-gradient":""},"mobile":{"background-color":"var(--ast-global-color-5)","background-image":"","background-repeat":"repeat","background-position":"center center","background-size":"auto","background-attachment":"scroll","background-type":"","background-media":"","overlay-type":"","overlay-color":"","overlay-opacity":"","overlay-gradient":""}},"footnotes":""},"class_list":["post-2328","page","type-page","status-publish","has-post-thumbnail","hentry"],"_links":{"self":[{"href":"https:\/\/afcholland.com\/fr\/wp-json\/wp\/v2\/pages\/2328","targetHints":{"allow":["GET"]}}],"collection":[{"href":"https:\/\/afcholland.com\/fr\/wp-json\/wp\/v2\/pages"}],"about":[{"href":"https:\/\/afcholland.com\/fr\/wp-json\/wp\/v2\/types\/page"}],"author":[{"embeddable":true,"href":"https:\/\/afcholland.com\/fr\/wp-json\/wp\/v2\/users\/2"}],"replies":[{"embeddable":true,"href":"https:\/\/afcholland.com\/fr\/wp-json\/wp\/v2\/comments?post=2328"}],"version-history":[{"count":0,"href":"https:\/\/afcholland.com\/fr\/wp-json\/wp\/v2\/pages\/2328\/revisions"}],"wp:featuredmedia":[{"embeddable":true,"href":"https:\/\/afcholland.com\/fr\/wp-json\/wp\/v2\/media\/6425"}],"wp:attachment":[{"href":"https:\/\/afcholland.com\/fr\/wp-json\/wp\/v2\/media?parent=2328"}],"curies":[{"name":"wp","href":"https:\/\/api.w.org\/{rel}","templated":true}]}}