{"id":2347,"date":"2017-06-27T14:23:13","date_gmt":"2017-06-27T14:23:13","guid":{"rendered":"http:\/\/www.afcholland.com\/?page_id=2347"},"modified":"2025-02-13T21:25:14","modified_gmt":"2025-02-13T21:25:14","slug":"patricia-bourque-conseillere-dorientation-polyvalente-la-samare","status":"publish","type":"page","link":"https:\/\/afcholland.com\/fr\/patricia-bourque-conseillere-dorientation-polyvalente-la-samare\/","title":{"rendered":"Patricia Bourque, conseill\u00e8re d&rsquo;orientation, Polyvalente La Samare"},"content":{"rendered":"\t\t<div data-elementor-type=\"wp-page\" data-elementor-id=\"2347\" class=\"elementor elementor-2347\" data-elementor-post-type=\"page\">\n\t\t\t\t<div class=\"elementor-element elementor-element-5812c992 e-flex e-con-boxed wpr-particle-no wpr-jarallax-no wpr-parallax-no wpr-sticky-section-no wpr-equal-height-no e-con e-parent\" data-id=\"5812c992\" data-element_type=\"container\" data-e-type=\"container\">\n\t\t\t\t\t<div class=\"e-con-inner\">\n\t\t<div class=\"elementor-element elementor-element-2930564 e-con-full e-flex wpr-particle-no wpr-jarallax-no wpr-parallax-no wpr-sticky-section-no wpr-equal-height-no e-con e-child\" data-id=\"2930564\" data-element_type=\"container\" data-e-type=\"container\" data-settings=\"{&quot;background_background&quot;:&quot;classic&quot;}\">\n\t\t\t\t<div class=\"elementor-element elementor-element-3770fc60 elementor-widget elementor-widget-text-editor\" data-id=\"3770fc60\" data-element_type=\"widget\" data-e-type=\"widget\" data-widget_type=\"text-editor.default\">\n\t\t\t\t\t\t\t\t\t<p><a href=\"https:\/\/afcholland.com\/wp-content\/uploads\/2024\/05\/Photo-Patricia-Bourque-temoignage-1.jpg\"><img loading=\"lazy\" decoding=\"async\" class=\"wp-image-7338\" src=\"https:\/\/afcholland.com\/wp-content\/uploads\/2024\/05\/Photo-Patricia-Bourque-temoignage-1-208x300.jpg\" alt=\"Photo de Patricia\" width=\"208\" height=\"300\" srcset=\"https:\/\/afcholland.com\/wp-content\/uploads\/2024\/05\/Photo-Patricia-Bourque-temoignage-1-208x300.jpg 208w, https:\/\/afcholland.com\/wp-content\/uploads\/2024\/05\/Photo-Patricia-Bourque-temoignage-1-8x12.jpg 8w, https:\/\/afcholland.com\/wp-content\/uploads\/2024\/05\/Photo-Patricia-Bourque-temoignage-1.jpg 412w\" sizes=\"auto, (max-width: 208px) 100vw, 208px\" \/><\/a><\/p><p>\u00ab J\u2019ai effectu\u00e9 la passation et l\u2019interpr\u00e9tation en groupe pour la premi\u00e8re fois aupr\u00e8s d\u2019\u00e9l\u00e8ves de 4e secondaire. J\u2019appr\u00e9cie le fait que les \u00e9l\u00e8ves puissent se positionner non seulement sur leurs int\u00e9r\u00eats, mais aussi sur leurs aptitudes en lien avec les t\u00e2ches et professions \u00e9nonc\u00e9es. Cette section associ\u00e9e au sentiment de comp\u00e9tence et celle sur le bonheur au travail m\u2019apportent une information suppl\u00e9mentaire tr\u00e8s pertinente afin d\u2019enrichir mes rencontres en individuel aupr\u00e8s des \u00e9l\u00e8ves qui en ressentent le besoin.<\/p><p>De plus, les domaines professionnels permettent de cibler des domaines plus sp\u00e9cifiques du code Holland. Les listes de professions accompagnant les domaines aident les \u00e9l\u00e8ves \u00e0 explorer ce qui pourrait les int\u00e9resser davantage. Ces domaines et ces listes rendent les r\u00e9sultats des \u00e9l\u00e8ves plus concrets et plus significatifs pour eux.<\/p><p>Suite \u00e0 l\u2019interpr\u00e9tation en groupe, j\u2019ai remarqu\u00e9 que les \u00e9l\u00e8ves se reconnaissent g\u00e9n\u00e9ralement bien dans les r\u00e9sultats au test. Certains \u00e9l\u00e8ves ont m\u00eame \u00e9t\u00e9 surpris de se reconna\u00eetre autant dans leur profil.<\/p><p>Je recommande donc l\u2019utilisation de ce test en milieu scolaire. \u00bb<\/p><p><strong style=\"font-size: 16px;\">Patricia Bourque est conseill\u00e8re d&rsquo;orientation au sein de la Polyvalente La Samare.<\/strong><\/p>\t\t\t\t\t\t\t\t<\/div>\n\t\t\t\t<\/div>\n\t\t\t\t\t<\/div>\n\t\t\t\t<\/div>\n\t\t\t\t<\/div>\n\t\t","protected":false},"excerpt":{"rendered":"<p>\u00ab J\u2019ai effectu\u00e9 la passation et l\u2019interpr\u00e9tation en groupe pour la premi\u00e8re fois aupr\u00e8s d\u2019\u00e9l\u00e8ves de 4e secondaire. J\u2019appr\u00e9cie le fait que les \u00e9l\u00e8ves puissent se positionner non seulement sur leurs int\u00e9r\u00eats, mais aussi sur leurs aptitudes en lien avec les t\u00e2ches et professions \u00e9nonc\u00e9es. Cette section associ\u00e9e au sentiment de comp\u00e9tence et celle sur le bonheur au travail m\u2019apportent une information suppl\u00e9mentaire tr\u00e8s pertinente afin d\u2019enrichir mes rencontres en individuel aupr\u00e8s des \u00e9l\u00e8ves qui en ressentent le besoin. De plus, les domaines professionnels permettent de cibler des domaines plus sp\u00e9cifiques du code Holland. Les listes de professions accompagnant les domaines aident les \u00e9l\u00e8ves \u00e0 explorer ce qui pourrait les int\u00e9resser davantage. Ces domaines et ces listes rendent les r\u00e9sultats des \u00e9l\u00e8ves plus concrets et plus significatifs pour eux. Suite \u00e0 l\u2019interpr\u00e9tation en groupe, j\u2019ai remarqu\u00e9 que les \u00e9l\u00e8ves se reconnaissent g\u00e9n\u00e9ralement bien dans les r\u00e9sultats au test. Certains \u00e9l\u00e8ves ont m\u00eame \u00e9t\u00e9 surpris de se reconna\u00eetre autant dans leur profil. Je recommande donc l\u2019utilisation de ce test en milieu scolaire. \u00bb Patricia Bourque est conseill\u00e8re d&rsquo;orientation au sein de la Polyvalente La Samare.<\/p>\n","protected":false},"author":2,"featured_media":7338,"parent":0,"menu_order":0,"comment_status":"closed","ping_status":"closed","template":"","meta":{"_monsterinsights_skip_tracking":false,"_monsterinsights_sitenote_active":false,"_monsterinsights_sitenote_note":"","_monsterinsights_sitenote_category":0,"site-sidebar-layout":"default","site-content-layout":"","ast-site-content-layout":"default","site-content-style":"default","site-sidebar-style":"default","ast-global-header-display":"","ast-banner-title-visibility":"","ast-main-header-display":"","ast-hfb-above-header-display":"","ast-hfb-below-header-display":"","ast-hfb-mobile-header-display":"","site-post-title":"","ast-breadcrumbs-content":"","ast-featured-img":"","footer-sml-layout":"","ast-disable-related-posts":"","theme-transparent-header-meta":"","adv-header-id-meta":"","stick-header-meta":"","header-above-stick-meta":"","header-main-stick-meta":"","header-below-stick-meta":"","astra-migrate-meta-layouts":"default","ast-page-background-enabled":"default","ast-page-background-meta":{"desktop":{"background-color":"var(--ast-global-color-4)","background-image":"","background-repeat":"repeat","background-position":"center center","background-size":"auto","background-attachment":"scroll","background-type":"","background-media":"","overlay-type":"","overlay-color":"","overlay-opacity":"","overlay-gradient":""},"tablet":{"background-color":"","background-image":"","background-repeat":"repeat","background-position":"center center","background-size":"auto","background-attachment":"scroll","background-type":"","background-media":"","overlay-type":"","overlay-color":"","overlay-opacity":"","overlay-gradient":""},"mobile":{"background-color":"","background-image":"","background-repeat":"repeat","background-position":"center center","background-size":"auto","background-attachment":"scroll","background-type":"","background-media":"","overlay-type":"","overlay-color":"","overlay-opacity":"","overlay-gradient":""}},"ast-content-background-meta":{"desktop":{"background-color":"var(--ast-global-color-5)","background-image":"","background-repeat":"repeat","background-position":"center center","background-size":"auto","background-attachment":"scroll","background-type":"","background-media":"","overlay-type":"","overlay-color":"","overlay-opacity":"","overlay-gradient":""},"tablet":{"background-color":"var(--ast-global-color-5)","background-image":"","background-repeat":"repeat","background-position":"center center","background-size":"auto","background-attachment":"scroll","background-type":"","background-media":"","overlay-type":"","overlay-color":"","overlay-opacity":"","overlay-gradient":""},"mobile":{"background-color":"var(--ast-global-color-5)","background-image":"","background-repeat":"repeat","background-position":"center center","background-size":"auto","background-attachment":"scroll","background-type":"","background-media":"","overlay-type":"","overlay-color":"","overlay-opacity":"","overlay-gradient":""}},"footnotes":""},"class_list":["post-2347","page","type-page","status-publish","has-post-thumbnail","hentry"],"_links":{"self":[{"href":"https:\/\/afcholland.com\/fr\/wp-json\/wp\/v2\/pages\/2347","targetHints":{"allow":["GET"]}}],"collection":[{"href":"https:\/\/afcholland.com\/fr\/wp-json\/wp\/v2\/pages"}],"about":[{"href":"https:\/\/afcholland.com\/fr\/wp-json\/wp\/v2\/types\/page"}],"author":[{"embeddable":true,"href":"https:\/\/afcholland.com\/fr\/wp-json\/wp\/v2\/users\/2"}],"replies":[{"embeddable":true,"href":"https:\/\/afcholland.com\/fr\/wp-json\/wp\/v2\/comments?post=2347"}],"version-history":[{"count":0,"href":"https:\/\/afcholland.com\/fr\/wp-json\/wp\/v2\/pages\/2347\/revisions"}],"wp:featuredmedia":[{"embeddable":true,"href":"https:\/\/afcholland.com\/fr\/wp-json\/wp\/v2\/media\/7338"}],"wp:attachment":[{"href":"https:\/\/afcholland.com\/fr\/wp-json\/wp\/v2\/media?parent=2347"}],"curies":[{"name":"wp","href":"https:\/\/api.w.org\/{rel}","templated":true}]}}