{"id":3165,"date":"2023-02-09T15:50:09","date_gmt":"2023-02-09T15:50:09","guid":{"rendered":"https:\/\/www.afcholland.com\/?page_id=3165"},"modified":"2023-02-09T16:41:49","modified_gmt":"2023-02-09T16:41:49","slug":"essai-afc-holland-2","status":"publish","type":"page","link":"https:\/\/afcholland.com\/fr\/essai-afc-holland-2\/","title":{"rendered":"Essai AFC Holland 2"},"content":{"rendered":"<p><strong>Si vous vous qualifiez pour une utilisation autonome d&rsquo;AFC Holland dans vos fonctions professionnelles<\/strong>, nous vous offrons de l&rsquo;essayer sans frais. Le niveau de qualification requis pour son utilisation est de type B: minimum d&rsquo;un baccalaur\u00e9at dans un domaine pertinent et incluant au moins un cours en psychom\u00e9trie. <strong>Si votre conseiller vous demande de compl\u00e9ter AFC Holland<\/strong>, veuillez plut\u00f4t vous r\u00e9f\u00e9rez aux instructions que vous avez re\u00e7ues afin de le compl\u00e9ter et ne pas utiliser ce formulaire.<br \/>\n[clear]<\/p>\n<p>[hr]<\/p>\n<h3><strong>Si vous \u00eates un professionnel qui utilisez des tests psychom\u00e9triques dans votre pratique en orientation<\/strong>, veuillez s.v.p. remplir le formulaire suivant afin de faire l&rsquo;essai du test:<\/h3>\n<p>[wpforms id=\u00a0\u00bb3184&Prime;]<\/p>\n<p>[clear]<\/p>\n<p>Si vous \u00eates un client d\u2019un conseiller et avez \u00e0 remplir le test, veuillez s.v.p. ne pas transmettre ce formulaire. R\u00e9f\u00e9rez-vous plut\u00f4t aux instructions qu&rsquo;il vous a fournies.<\/p>\n<p>[hr]<\/p>\n","protected":false},"excerpt":{"rendered":"<p>Si vous vous qualifiez pour une utilisation autonome d&rsquo;AFC Holland dans vos fonctions professionnelles, nous vous offrons de l&rsquo;essayer sans frais. Le niveau de qualification requis pour son utilisation est de type B: minimum d&rsquo;un baccalaur\u00e9at dans un domaine pertinent et incluant au moins un cours en psychom\u00e9trie. Si votre conseiller vous demande de compl\u00e9ter AFC Holland, veuillez plut\u00f4t vous r\u00e9f\u00e9rez aux instructions que vous avez re\u00e7ues afin de le compl\u00e9ter et ne pas utiliser ce formulaire. [clear] [hr] Si vous \u00eates un professionnel qui utilisez des tests psychom\u00e9triques dans votre pratique en orientation, veuillez s.v.p. remplir le formulaire suivant afin de faire l&rsquo;essai du test: [wpforms id=\u00a0\u00bb3184&Prime;] [clear] Si vous \u00eates un client d\u2019un conseiller et avez \u00e0 remplir le test, veuillez s.v.p. ne pas transmettre ce formulaire. R\u00e9f\u00e9rez-vous plut\u00f4t aux instructions qu&rsquo;il vous a fournies. [hr]<\/p>\n","protected":false},"author":2,"featured_media":0,"parent":0,"menu_order":0,"comment_status":"closed","ping_status":"closed","template":"","meta":{"_monsterinsights_skip_tracking":false,"_monsterinsights_sitenote_active":false,"_monsterinsights_sitenote_note":"","_monsterinsights_sitenote_category":0,"site-sidebar-layout":"default","site-content-layout":"","ast-site-content-layout":"default","site-content-style":"default","site-sidebar-style":"default","ast-global-header-display":"","ast-banner-title-visibility":"","ast-main-header-display":"","ast-hfb-above-header-display":"","ast-hfb-below-header-display":"","ast-hfb-mobile-header-display":"","site-post-title":"","ast-breadcrumbs-content":"","ast-featured-img":"","footer-sml-layout":"","ast-disable-related-posts":"","theme-transparent-header-meta":"","adv-header-id-meta":"","stick-header-meta":"","header-above-stick-meta":"","header-main-stick-meta":"","header-below-stick-meta":"","astra-migrate-meta-layouts":"default","ast-page-background-enabled":"default","ast-page-background-meta":{"desktop":{"background-color":"var(--ast-global-color-4)","background-image":"","background-repeat":"repeat","background-position":"center center","background-size":"auto","background-attachment":"scroll","background-type":"","background-media":"","overlay-type":"","overlay-color":"","overlay-opacity":"","overlay-gradient":""},"tablet":{"background-color":"","background-image":"","background-repeat":"repeat","background-position":"center center","background-size":"auto","background-attachment":"scroll","background-type":"","background-media":"","overlay-type":"","overlay-color":"","overlay-opacity":"","overlay-gradient":""},"mobile":{"background-color":"","background-image":"","background-repeat":"repeat","background-position":"center center","background-size":"auto","background-attachment":"scroll","background-type":"","background-media":"","overlay-type":"","overlay-color":"","overlay-opacity":"","overlay-gradient":""}},"ast-content-background-meta":{"desktop":{"background-color":"var(--ast-global-color-5)","background-image":"","background-repeat":"repeat","background-position":"center center","background-size":"auto","background-attachment":"scroll","background-type":"","background-media":"","overlay-type":"","overlay-color":"","overlay-opacity":"","overlay-gradient":""},"tablet":{"background-color":"var(--ast-global-color-5)","background-image":"","background-repeat":"repeat","background-position":"center center","background-size":"auto","background-attachment":"scroll","background-type":"","background-media":"","overlay-type":"","overlay-color":"","overlay-opacity":"","overlay-gradient":""},"mobile":{"background-color":"var(--ast-global-color-5)","background-image":"","background-repeat":"repeat","background-position":"center center","background-size":"auto","background-attachment":"scroll","background-type":"","background-media":"","overlay-type":"","overlay-color":"","overlay-opacity":"","overlay-gradient":""}},"footnotes":""},"class_list":["post-3165","page","type-page","status-publish","hentry"],"_links":{"self":[{"href":"https:\/\/afcholland.com\/fr\/wp-json\/wp\/v2\/pages\/3165","targetHints":{"allow":["GET"]}}],"collection":[{"href":"https:\/\/afcholland.com\/fr\/wp-json\/wp\/v2\/pages"}],"about":[{"href":"https:\/\/afcholland.com\/fr\/wp-json\/wp\/v2\/types\/page"}],"author":[{"embeddable":true,"href":"https:\/\/afcholland.com\/fr\/wp-json\/wp\/v2\/users\/2"}],"replies":[{"embeddable":true,"href":"https:\/\/afcholland.com\/fr\/wp-json\/wp\/v2\/comments?post=3165"}],"version-history":[{"count":0,"href":"https:\/\/afcholland.com\/fr\/wp-json\/wp\/v2\/pages\/3165\/revisions"}],"wp:attachment":[{"href":"https:\/\/afcholland.com\/fr\/wp-json\/wp\/v2\/media?parent=3165"}],"curies":[{"name":"wp","href":"https:\/\/api.w.org\/{rel}","templated":true}]}}