{"id":3206,"date":"2023-02-14T16:23:26","date_gmt":"2023-02-14T16:23:26","guid":{"rendered":"https:\/\/www.afcholland.com\/?page_id=3206"},"modified":"2025-02-13T21:24:36","modified_gmt":"2025-02-13T21:24:36","slug":"maxime-dumais-conseiller-dorientation-creation-carriere","status":"publish","type":"page","link":"https:\/\/afcholland.com\/fr\/maxime-dumais-conseiller-dorientation-creation-carriere\/","title":{"rendered":"Maxime Dumais, conseiller d&rsquo;orientation, Cr\u00e9ation Carri\u00e8re"},"content":{"rendered":"\t\t<div data-elementor-type=\"wp-page\" data-elementor-id=\"3206\" class=\"elementor elementor-3206\" data-elementor-post-type=\"page\">\n\t\t\t\t<div class=\"elementor-element elementor-element-28af832e e-flex e-con-boxed wpr-particle-no wpr-jarallax-no wpr-parallax-no wpr-sticky-section-no wpr-equal-height-no e-con e-parent\" data-id=\"28af832e\" data-element_type=\"container\" data-e-type=\"container\">\n\t\t\t\t\t<div class=\"e-con-inner\">\n\t\t<div class=\"elementor-element elementor-element-c17ba3c e-con-full e-flex wpr-particle-no wpr-jarallax-no wpr-parallax-no wpr-sticky-section-no wpr-equal-height-no e-con e-child\" data-id=\"c17ba3c\" data-element_type=\"container\" data-e-type=\"container\" data-settings=\"{&quot;background_background&quot;:&quot;classic&quot;}\">\n\t\t\t\t<div class=\"elementor-element elementor-element-427c7fc6 elementor-widget elementor-widget-text-editor\" data-id=\"427c7fc6\" data-element_type=\"widget\" data-e-type=\"widget\" data-widget_type=\"text-editor.default\">\n\t\t\t\t\t\t\t\t\t<p><a href=\"https:\/\/afcholland.com\/wp-content\/uploads\/2024\/08\/Maxime-Dumais_2024-scaled.jpg\"><img loading=\"lazy\" decoding=\"async\" class=\"size-medium wp-image-9038 alignright\" src=\"https:\/\/afcholland.com\/wp-content\/uploads\/2024\/08\/Maxime-Dumais_2024-200x300.jpg\" alt=\"Maxime Dumais\" width=\"200\" height=\"300\" srcset=\"https:\/\/afcholland.com\/wp-content\/uploads\/2024\/08\/Maxime-Dumais_2024-200x300.jpg 200w, https:\/\/afcholland.com\/wp-content\/uploads\/2024\/08\/Maxime-Dumais_2024-683x1024.jpg 683w, https:\/\/afcholland.com\/wp-content\/uploads\/2024\/08\/Maxime-Dumais_2024-768x1152.jpg 768w, https:\/\/afcholland.com\/wp-content\/uploads\/2024\/08\/Maxime-Dumais_2024-1024x1536.jpg 1024w, https:\/\/afcholland.com\/wp-content\/uploads\/2024\/08\/Maxime-Dumais_2024-1365x2048.jpg 1365w, https:\/\/afcholland.com\/wp-content\/uploads\/2024\/08\/Maxime-Dumais_2024-8x12.jpg 8w, https:\/\/afcholland.com\/wp-content\/uploads\/2024\/08\/Maxime-Dumais_2024-scaled.jpg 1707w\" sizes=\"auto, (max-width: 200px) 100vw, 200px\" \/><\/a><\/p><p><a href=\"https:\/\/afcholland.com\/wp-content\/uploads\/2024\/08\/Logo-equinoxe-coaching-2024-2.png\"><img loading=\"lazy\" decoding=\"async\" class=\"size-medium wp-image-9039 alignright\" src=\"https:\/\/afcholland.com\/wp-content\/uploads\/2024\/08\/Logo-equinoxe-coaching-2024-2-300x300.png\" alt=\"\" width=\"233\" height=\"126\" \/><\/a><\/p><p><em>\u00ab Le test psychom\u00e9trique AFC Holland fait partie de ma pratique au quotidien depuis plusieurs ann\u00e9es et chaque fois que je l\u2019utilise, je vois que les r\u00e9sultats r\u00e9sonnent r\u00e9ellement chez la personne cliente \u00e0 qui je les transmets.<\/em><\/p><p>Premi\u00e8rement, je dirais que la plus grande plus-value du AFC Holland est le fait que son utilisation simplifie grandement l\u2019exploration du monde du travail ou des formations. Les propositions concr\u00e8tes de domaines professionnels et la liste des professions associ\u00e9es permettent de faciliter la prise de d\u00e9cision \u00e9clair\u00e9e vers des options qui correspondent r\u00e9ellement aux int\u00e9r\u00eats et \u00e0 la personnalit\u00e9 de la personne utilisatrice.<\/p><p>Maintenant, comme j\u2019ai la chance d\u2019\u0153uvrer aupr\u00e8s d\u2019une client\u00e8le diversifi\u00e9e (professionnels de la relation d\u2019aide, gestionnaires, personnes en situation de handicap et\/ou accident\u00e9es, etc.), je remarque que le AFC Holland peut convenir \u00e0 une grande vari\u00e9t\u00e9 d\u2019humains, tout en demeurant toujours aussi pertinent.<\/p><p>De plus, le rapport informatis\u00e9 est simple d\u2019utilisation et permet \u00e0 la personne cliente d\u2019\u00eatre autonome et active dans son processus d\u2019orientation ou de d\u00e9veloppement de carri\u00e8re.<\/p><p>Je tiens \u00e0 pr\u00e9ciser que toute mon \u00e9quipe utilise ce test psychom\u00e9trique. Avant de faire partie de mon \u00e9quipe, mes collaboratrices n\u2019avaient jamais travaill\u00e9 avec ce test. J\u2019ai donc pu constater qu\u2019il est simple \u00e0 int\u00e9grer dans sa pratique et la formation pour bien l\u2019utiliser est accessible et gratuite, ce qui permet \u00e0 toute personne intervenante qualifi\u00e9e d\u2019\u00eatre fonctionnelle rapidement.<\/p><p>En r\u00e9sum\u00e9, je recommande le AFC Holland \u00e0 toutes personnes qui \u0153uvrent au d\u00e9veloppement personnel et de carri\u00e8re des individus, \u00e0 la fois pour son c\u00f4t\u00e9 tr\u00e8s concret et pratique, mais \u00e9galement pour sa simplicit\u00e9 et son lien direct avec le monde du travail et des formations. \u00bb<\/p><p><strong>Maxime Dumais est conseiller d&rsquo;orientation et coach holistique, en pratique priv\u00e9e, pour les particuliers et les collectifs. Il est le leader-fondateur d\u2019\u00c9quinoxe Coaching.<\/strong><\/p>\t\t\t\t\t\t\t\t<\/div>\n\t\t\t\t<\/div>\n\t\t\t\t\t<\/div>\n\t\t\t\t<\/div>\n\t\t\t\t<\/div>\n\t\t","protected":false},"excerpt":{"rendered":"<p>\u00ab Le test psychom\u00e9trique AFC Holland fait partie de ma pratique au quotidien depuis plusieurs ann\u00e9es et chaque fois que je l\u2019utilise, je vois que les r\u00e9sultats r\u00e9sonnent r\u00e9ellement chez la personne cliente \u00e0 qui je les transmets. Premi\u00e8rement, je dirais que la plus grande plus-value du AFC Holland est le fait que son utilisation simplifie grandement l\u2019exploration du monde du travail ou des formations. Les propositions concr\u00e8tes de domaines professionnels et la liste des professions associ\u00e9es permettent de faciliter la prise de d\u00e9cision \u00e9clair\u00e9e vers des options qui correspondent r\u00e9ellement aux int\u00e9r\u00eats et \u00e0 la personnalit\u00e9 de la personne utilisatrice. Maintenant, comme j\u2019ai la chance d\u2019\u0153uvrer aupr\u00e8s d\u2019une client\u00e8le diversifi\u00e9e (professionnels de la relation d\u2019aide, gestionnaires, personnes en situation de handicap et\/ou accident\u00e9es, etc.), je remarque que le AFC Holland peut convenir \u00e0 une grande vari\u00e9t\u00e9 d\u2019humains, tout en demeurant toujours aussi pertinent. De plus, le rapport informatis\u00e9 est simple d\u2019utilisation et permet \u00e0 la personne cliente d\u2019\u00eatre autonome et active dans son processus d\u2019orientation ou de d\u00e9veloppement de carri\u00e8re. Je tiens \u00e0 pr\u00e9ciser que toute mon \u00e9quipe utilise ce test psychom\u00e9trique. Avant de faire partie de mon \u00e9quipe, mes collaboratrices n\u2019avaient jamais travaill\u00e9 avec ce test. J\u2019ai donc pu constater qu\u2019il est simple \u00e0 int\u00e9grer dans sa pratique et la formation pour bien l\u2019utiliser est accessible et gratuite, ce qui permet \u00e0 toute personne intervenante qualifi\u00e9e d\u2019\u00eatre fonctionnelle rapidement. En r\u00e9sum\u00e9, je recommande le AFC Holland \u00e0 toutes personnes qui \u0153uvrent au d\u00e9veloppement personnel et de carri\u00e8re des individus, \u00e0 la fois pour son c\u00f4t\u00e9 tr\u00e8s concret et pratique, mais \u00e9galement pour sa simplicit\u00e9 et son lien direct avec le monde du travail et des formations. \u00bb Maxime Dumais est conseiller d&rsquo;orientation et coach holistique, en pratique priv\u00e9e, pour les particuliers et les collectifs. Il est le leader-fondateur d\u2019\u00c9quinoxe Coaching.<\/p>\n","protected":false},"author":2,"featured_media":9038,"parent":0,"menu_order":0,"comment_status":"closed","ping_status":"closed","template":"","meta":{"_monsterinsights_skip_tracking":false,"_monsterinsights_sitenote_active":false,"_monsterinsights_sitenote_note":"","_monsterinsights_sitenote_category":0,"site-sidebar-layout":"default","site-content-layout":"","ast-site-content-layout":"default","site-content-style":"default","site-sidebar-style":"default","ast-global-header-display":"","ast-banner-title-visibility":"","ast-main-header-display":"","ast-hfb-above-header-display":"","ast-hfb-below-header-display":"","ast-hfb-mobile-header-display":"","site-post-title":"","ast-breadcrumbs-content":"","ast-featured-img":"","footer-sml-layout":"","ast-disable-related-posts":"","theme-transparent-header-meta":"","adv-header-id-meta":"","stick-header-meta":"","header-above-stick-meta":"","header-main-stick-meta":"","header-below-stick-meta":"","astra-migrate-meta-layouts":"default","ast-page-background-enabled":"default","ast-page-background-meta":{"desktop":{"background-color":"var(--ast-global-color-4)","background-image":"","background-repeat":"repeat","background-position":"center center","background-size":"auto","background-attachment":"scroll","background-type":"","background-media":"","overlay-type":"","overlay-color":"","overlay-opacity":"","overlay-gradient":""},"tablet":{"background-color":"","background-image":"","background-repeat":"repeat","background-position":"center center","background-size":"auto","background-attachment":"scroll","background-type":"","background-media":"","overlay-type":"","overlay-color":"","overlay-opacity":"","overlay-gradient":""},"mobile":{"background-color":"","background-image":"","background-repeat":"repeat","background-position":"center center","background-size":"auto","background-attachment":"scroll","background-type":"","background-media":"","overlay-type":"","overlay-color":"","overlay-opacity":"","overlay-gradient":""}},"ast-content-background-meta":{"desktop":{"background-color":"var(--ast-global-color-5)","background-image":"","background-repeat":"repeat","background-position":"center center","background-size":"auto","background-attachment":"scroll","background-type":"","background-media":"","overlay-type":"","overlay-color":"","overlay-opacity":"","overlay-gradient":""},"tablet":{"background-color":"var(--ast-global-color-5)","background-image":"","background-repeat":"repeat","background-position":"center center","background-size":"auto","background-attachment":"scroll","background-type":"","background-media":"","overlay-type":"","overlay-color":"","overlay-opacity":"","overlay-gradient":""},"mobile":{"background-color":"var(--ast-global-color-5)","background-image":"","background-repeat":"repeat","background-position":"center center","background-size":"auto","background-attachment":"scroll","background-type":"","background-media":"","overlay-type":"","overlay-color":"","overlay-opacity":"","overlay-gradient":""}},"footnotes":""},"class_list":["post-3206","page","type-page","status-publish","has-post-thumbnail","hentry"],"_links":{"self":[{"href":"https:\/\/afcholland.com\/fr\/wp-json\/wp\/v2\/pages\/3206","targetHints":{"allow":["GET"]}}],"collection":[{"href":"https:\/\/afcholland.com\/fr\/wp-json\/wp\/v2\/pages"}],"about":[{"href":"https:\/\/afcholland.com\/fr\/wp-json\/wp\/v2\/types\/page"}],"author":[{"embeddable":true,"href":"https:\/\/afcholland.com\/fr\/wp-json\/wp\/v2\/users\/2"}],"replies":[{"embeddable":true,"href":"https:\/\/afcholland.com\/fr\/wp-json\/wp\/v2\/comments?post=3206"}],"version-history":[{"count":0,"href":"https:\/\/afcholland.com\/fr\/wp-json\/wp\/v2\/pages\/3206\/revisions"}],"wp:featuredmedia":[{"embeddable":true,"href":"https:\/\/afcholland.com\/fr\/wp-json\/wp\/v2\/media\/9038"}],"wp:attachment":[{"href":"https:\/\/afcholland.com\/fr\/wp-json\/wp\/v2\/media?parent=3206"}],"curies":[{"name":"wp","href":"https:\/\/api.w.org\/{rel}","templated":true}]}}