{"id":3310,"date":"2023-03-04T14:52:52","date_gmt":"2023-03-04T14:52:52","guid":{"rendered":"https:\/\/www.afcholland.com\/?page_id=3310"},"modified":"2024-11-01T10:13:01","modified_gmt":"2024-11-01T10:13:01","slug":"politique-de-confidentialite-2","status":"publish","type":"page","link":"https:\/\/afcholland.com\/fr\/politique-de-confidentialite-2\/","title":{"rendered":"Politique de confidentialit\u00e9"},"content":{"rendered":"\t\t<div data-elementor-type=\"wp-page\" data-elementor-id=\"3310\" class=\"elementor elementor-3310\" data-elementor-post-type=\"page\">\n\t\t\t\t<div class=\"elementor-element elementor-element-ada61a7 e-flex e-con-boxed wpr-particle-no wpr-jarallax-no wpr-parallax-no wpr-sticky-section-no wpr-equal-height-no e-con e-parent\" data-id=\"ada61a7\" data-element_type=\"container\" data-e-type=\"container\">\n\t\t\t\t\t<div class=\"e-con-inner\">\n\t\t<div class=\"elementor-element elementor-element-f0b3718 e-con-full e-flex wpr-particle-no wpr-jarallax-no wpr-parallax-no wpr-sticky-section-no wpr-equal-height-no e-con e-child\" data-id=\"f0b3718\" data-element_type=\"container\" data-e-type=\"container\" data-settings=\"{&quot;background_background&quot;:&quot;classic&quot;}\">\n\t\t\t\t<div class=\"elementor-element elementor-element-9d5791c elementor-widget elementor-widget-text-editor\" data-id=\"9d5791c\" data-element_type=\"widget\" data-e-type=\"widget\" data-widget_type=\"text-editor.default\">\n\t\t\t\t\t\t\t\t\t<p><strong>POLITIQUE DE CONFIDENTIALIT\u00c9<\/strong><\/p>\n<p>Pour nos sites Web d\u2019information sur nos tests suivants:<\/p>\n<p><a href=\"http:\/\/www.afcholland.com\"><strong>www.afcholland.com<\/strong><\/a><strong> et <\/strong><a href=\"http:\/\/www.competencesgeneriques.com\" target=\"_blank\" rel=\"noopener\"><strong>www.competencesgeneriques.com<\/strong><\/a><\/p>\n<p>AFC Tests Psychom\u00e9triques inc.<\/p>\n<p><strong>Introduction<\/strong><\/p>\n<p>Nous avons \u00e0 c\u0153ur de respecter et de prot\u00e9ger votre confidentialit\u00e9 et \u00e0 agir en conformit\u00e9 avec les lois canadiennes et europ\u00e9ennes sur la protection des donn\u00e9es. Nous nous engageons \u00e0 respecter la confidentialit\u00e9 de vos donn\u00e9es personnelles et nous ne les vendrons jamais.<\/p>\n<p>Le but de cette politique de confidentialit\u00e9 est de vous informer des donn\u00e9es que nous recueillerons, de l\u2019utilisation de ces donn\u00e9es recueillies, qui a acc\u00e8s \u00e0 celles-ci, de vos droits et de la politique de cookies.<\/p>\n<p>Cette politique de confidentialit\u00e9 fonctionne parall\u00e8lement aux conditions g\u00e9n\u00e9rales d\u2019utilisation de notre site.<\/p>\n<p>Nos sites Web d\u2019informations visent un public r\u00e9sident au Canada ou dans un pays de l\u2019Union Europ\u00e9enne (ci-apr\u00e8s d\u00e9sign\u00e9 \u00ab&nbsp;UE&nbsp;\u00bb).<\/p>\n<p>Cette politique de confidentialit\u00e9 s\u2019applique \u00e0 toutes les pages de nos sites Web d\u2019information sur nos tests. Toutefois, il ne s\u2019applique pas \u00e0 des applications et des sites de tiers qui ont des liens avec votre site. Nous vous recommandons de lire l\u2019avis de confidentialit\u00e9 de ces sites sur lesquels vous vous rendez dans la mesure o\u00f9 nous n\u2019en sommes pas responsables.<\/p>\n<p>De plus, elle ne s\u2019applique pas \u00e0 nos sites s\u00e9curis\u00e9s de passation de tests, de production de rapports et de gestion des acc\u00e8s <a href=\"https:\/\/www.afctests.ca\" target=\"_blank\" rel=\"noopener\">https:\/\/www.afctests.ca<\/a> et <a href=\"https:\/\/www.afctests.fr\" target=\"_blank\" rel=\"noopener\">https:\/\/www.afctests.fr<\/a>, car ceux-ci ont une politique de confidentialit\u00e9 qui leur est propre. Nous vous recommandons de lire l\u2019avis de confidentialit\u00e9 de ces sites si vous les visitez.<\/p>\n<p>&nbsp;<\/p>\n<p><strong><u>Lois applicables<\/u><\/strong><\/p>\n<p>Si vous \u00eates r\u00e9sident d\u2019un des pays de l\u2019UE, le&nbsp;<em>R\u00e8glement g\u00e9n\u00e9ral sur la protection des donn\u00e9es<\/em> (ci-apr\u00e8s d\u00e9sign\u00e9 \u00ab&nbsp;RGDP&nbsp;\u00bb) r\u00e9git toutes les politiques de protections des donn\u00e9es et Pour les r\u00e9sidents des pays de l\u2019UE, le&nbsp;<em>R\u00e8glement g\u00e9n\u00e9ral sur la protection des donn\u00e9es<\/em>&nbsp;(RGDP) r\u00e9git toutes les politiques de protection des donn\u00e9es, quel que soit l\u2019endroit o\u00f9 se trouve le site. La pr\u00e9sente politique de confidentialit\u00e9 vise \u00e0 se conformer au RGDP. S\u2019il y a des incoh\u00e9rences entre la pr\u00e9sente politique et le RGDP, le RGDP s\u2019appliquera.<\/p>\n<p>Pour les r\u00e9sidents de la province du Qu\u00e9bec, cette politique de confidentialit\u00e9 vise \u00e0 se conformer \u00e0 la&nbsp;<em>Loi sur la protection des renseignements personnels et les documents \u00e9lectroniques<\/em>&nbsp;(LPRPDE) <em>et la<\/em> <em>Loi modernisant des dispositions l\u00e9gislatives en mati\u00e8re de protection des renseignements personnels dans le secteur priv\u00e9. <\/em><\/p>\n<p>Pour les r\u00e9sidents d\u2019autres provinces canadiennes, la l\u00e9gislation applicable \u00e0 votre province s\u2019applique.<\/p>\n<p>S\u2019il y a des incoh\u00e9rences entre les \u00e9nonc\u00e9s de cette politique et la l\u00e9gislation applicable \u00e0 votre province canadienne ou votre pays de l\u2019UE, la l\u00e9gislation applicable \u00e0 votre \u00e9tat s\u2019applique. Si nous constatons des incoh\u00e9rences, nous modifierons notre politique pour nous conformer \u00e0 la loi pertinente.<\/p>\n<p><strong><u>Consentement<\/u><\/strong><\/p>\n<p>En utilisant notre site, vous consentez aux conditions \u00e9nonc\u00e9es dans la pr\u00e9sente politique de confidentialit\u00e9 et la collecte, l\u2019utilisation et la conservation des donn\u00e9es \u00e9num\u00e9r\u00e9es dans la pr\u00e9sente politique.<\/p>\n<p><strong><u>Informations recueillies<\/u><\/strong><\/p>\n<p>Nous collectons deux types de donn\u00e9es&nbsp;:<\/p>\n<ol>\n<li>Les donn\u00e9es \u00e0 caract\u00e8re personnel que vous nous transmettez volontairement en remplissant l\u2019un de nos formulaires, en nous t\u00e9l\u00e9phonant, en nous transmettant un courriel ou en nous \u00e9crivant \u00e0 notre adresse postale.<\/li>\n<li>Les donn\u00e9es g\u00e9n\u00e9rales que nous collectons lorsque vous naviguez sur notre site. Nous utilisons des cookies (un code informatique qui est int\u00e9gr\u00e9 pendant une certaine dur\u00e9e sur votre ordinateur, votre tablette ou votre t\u00e9l\u00e9phone intelligent.) et autres technologies similaires afin de collecter ces donn\u00e9es. Ces donn\u00e9es sont collect\u00e9es automatiquement.<\/li>\n<\/ol>\n<p><strong><u>Donn\u00e9es personnelles que nous collectons<\/u><\/strong><\/p>\n<p>Les donn\u00e9es personnelles que nous pouvons collecter de votre part \u00e0 partir de nos formulaires sont les suivantes&nbsp;:<\/p>\n<p>Votre nom complet, votre courriel, votre num\u00e9ro de t\u00e9l\u00e9phone, votre pays, votre profession, le nom de l\u2019entreprise pour laquelle vous travaillez.<\/p>\n<p>Les formulaires utilis\u00e9s sont fournis par des applications reconnues et utilisables sur des sites WordPress. Au moment de la derni\u00e8re mise \u00e0 jour de la pr\u00e9sentation politique de confidentialit\u00e9, cette application \u00e9tait la suivante&nbsp;:<\/p>\n<p>WPForms<\/p>\n<p>Les renseignements que vous pouvez nous transmettre par courriel, t\u00e9l\u00e9phone ou par la poste sont ceux dont nous vous transmettez de fa\u00e7on volontaire.<\/p>\n<p>Veuillez noter que nous ne collectons que les donn\u00e9es qui nous aident \u00e0 atteindre l\u2019objectif \u00e9nonc\u00e9 dans cette politique de confidentialit\u00e9. Nous ne recueillerons pas de donn\u00e9es personnelles suppl\u00e9mentaires sans vous en informer au pr\u00e9alable.<\/p>\n<p><strong><u>Comment nous utilisons les donn\u00e9es personnelles<\/u><\/strong><\/p>\n<p>Les donn\u00e9es personnelles recueillies sur notre site seront utilis\u00e9es uniquement aux fins pr\u00e9cis\u00e9es dans la pr\u00e9sente politique ou indiqu\u00e9es sur les pages pertinentes de notre site. Nous n\u2019utiliserons pas vos donn\u00e9es au-del\u00e0 de ce que nous divulguerons.<\/p>\n<p>Les donn\u00e9es que nous recueillons lorsque vous nous transmettez un formulaire peuvent \u00eatre utilis\u00e9es aux fins suivantes&nbsp;:<\/p>\n<ol>\n<li>D\u00e9terminer si vous vous qualifiez pour l&rsquo;utilisation d\u2019un de nos tests psychom\u00e9triques<\/li>\n<li>Vous transmettre un essai de test psychom\u00e9trique<\/li>\n<li>Vous inscrire \u00e0 une formation sur l\u2019utilisation d\u2019un de nos tests psychom\u00e9triques<\/li>\n<li>R\u00e9aliser de la publicit\u00e9 (par exemple, une infolettre p\u00e9riodique, une annonce de dates de nos formations, etc.)<\/li>\n<\/ol>\n<p><strong><u>Combien de temps nous stockons les donn\u00e9es personnelles<\/u><\/strong><\/p>\n<p>Nous ne conservons pas les donn\u00e9es des utilisateurs au-del\u00e0 de ce qui est n\u00e9cessaire pour atteindre les fins pour lesquelles elles sont recueillies.<u><\/u><\/p>\n<p>Avec qui nous partageons les donn\u00e9es personnelles<\/p>\n<p><strong>Employ\u00e9s<br>\n<\/strong><br>\nNous pouvons divulguer les donn\u00e9es utilisateur \u00e0 tout membre de notre entreprise dont il a raisonnablement besoin pour r\u00e9aliser les objectifs \u00e9nonc\u00e9s dans la pr\u00e9sente politique.<\/p>\n<p><strong>Fournisseurs<\/strong><\/p>\n<p>Il est possible que des fournisseurs externes de confiance dont nous retenons les services professionnels puissent avoir acc\u00e8s \u00e0 certaines donn\u00e9es personnelles \u00e9tant donn\u00e9 la nature des services qu\u2019ils doivent effectuer (par exemple, une intervention technique sur le serveur qui h\u00e9berge nos sites ou un appel de suivi suite \u00e0 l&rsquo;essai d&rsquo;un de nos tests). Le cas \u00e9ch\u00e9ant, nous nous assurons que leur politique de confidentialit\u00e9 implique que les services professionnels ou techniques r\u00e9alis\u00e9s pour les fins des mandats que nous leur confions respecte l&rsquo;esprit de notre propre politique de confidentialit\u00e9 ou nous avons des confirmations \u00e9crites de leur part qu&rsquo;ils n&rsquo;utiliserons ces donn\u00e9es que pour les fins des mandats qui leur sont confi\u00e9s. De plus,&nbsp; nous ne leur vendrons pas vos donn\u00e9es personnelles.<\/p>\n<p><strong>Autres divulgations<\/strong><\/p>\n<p>Mis \u00e0 part ce qui est expos\u00e9 pr\u00e9c\u00e9demment, nous nous engageons \u00e0 ne pas partager vos donn\u00e9es personnelles obtenues via nos sites Web d\u2019information sur nos tests avec d&rsquo;autres tiers, sauf dans les cas suivants&nbsp;:<\/p>\n<ol>\n<li>si la loi l&rsquo;exige<\/li>\n<li>si elle est requise pour toute proc\u00e9dure judiciaire<\/li>\n<li>pour prouver ou prot\u00e9ger nos droits l\u00e9gaux<\/li>\n<\/ol>\n<p><strong>Politiques sur les cookies<\/strong><\/p>\n<p><a href=\"https:\/\/www.afcholland.com\/politique-sur-les-cookies\/\">Consulter notre politique sur les cookies<\/a><\/p>\n<p><strong><u>Hyperliens vers d&rsquo;autres sites<\/u><\/strong><\/p>\n<p>Si vous suivez des hyperliens de notre site vers un autre site, veuillez noter que nous ne sommes pas responsables et n\u2019avons pas de contr\u00f4le sur leurs politiques et pratiques de confidentialit\u00e9. Nous vous invitons donc \u00e0 vous informer sur leur propres politiques.<\/p>\n<p>Alors que nous prenons toutes les pr\u00e9cautions raisonnables pour nous assurer que les donn\u00e9es des utilisateurs sont prot\u00e9g\u00e9es, il reste toujours une part de risque lorsqu\u2019on transmet des informations personnelles par Internet.<\/p>\n<p><strong><u>Mineurs<\/u><\/strong><\/p>\n<p>Pour les r\u00e9sidents de l\u2019UE, le RGPD pr\u00e9cise que les personnes de moins de 15 ans sont consid\u00e9r\u00e9es comme des mineurs aux fins de la collecte de donn\u00e9es. Les mineurs doivent avoir le consentement d\u2019un repr\u00e9sentant l\u00e9gal pour que leurs donn\u00e9es soient recueillies, trait\u00e9es et utilis\u00e9es.<\/p>\n<p>De plus, veuillez prendre note que nos formulaires permettant de transmettre des donn\u00e9es personnelles s\u2019adressent exclusivement aux professionnels d\u2019\u00e2ge adulte qui offrent des services en orientation professionnelle, en ressources humaines, en coaching de gestion, etc.<\/p>\n<p><strong><u>Vos droits en tant qu\u2019utilisateur<\/u><\/strong><\/p>\n<p>En tant qu\u2019utilisateur, vous avez le droit d\u2019acc\u00e9der \u00e0 toutes vos donn\u00e9es personnelles que nous avons collect\u00e9es. En outre, vous avez le droit de mettre \u00e0 jour ou de corriger toute donn\u00e9e personnelle en notre possession \u00e0 condition qu\u2019elle soit acceptable en vertu de la loi.<\/p>\n<p>Vous pouvez choisir de supprimer ou de modifier votre consentement \u00e0 la collecte et \u00e0 l\u2019utilisation des donn\u00e9es en tout temps, pourvu qu\u2019il soit l\u00e9galement acceptable de le faire , que vous nous en ayez inform\u00e9 dans un d\u00e9lai raisonnable et qu\u2019il soit possible de vous authentifier.<\/p>\n<p><strong><u>Comment modifier, supprimer ou contester les donn\u00e9es recueillies<\/u><\/strong><\/p>\n<p>Si vous souhaitez que vos renseignements soient supprim\u00e9s ou modifi\u00e9s d\u2019une fa\u00e7on ou d\u2019une autre, veuillez communiquer avec notre agent de protection de la vie priv\u00e9e:<\/p>\n<p>Karl Descheneaux<br>\n2260, rue Demers, bureau 240, Drummondville, Qu\u00e9bec, Canada, J2B 0L1<br>\ninfo@afctests.com<\/p>\n<p><strong><u>Modifications<\/u><\/strong><\/p>\n<p>Cette politique de confidentialit\u00e9 peut \u00eatre modifi\u00e9e \u00e0 l\u2019occasion afin de maintenir la conformit\u00e9 avec la loi et de tenir compte de tout changement \u00e0 notre processus de collecte de donn\u00e9es. Nous recommandons \u00e0 nos utilisateurs de v\u00e9rifier notre politique de temps \u00e0 autre pour s\u2019assurer qu\u2019ils soient inform\u00e9s de toute mise \u00e0 jour. Au besoin, nous pouvons informer les utilisateurs par courriel des changements apport\u00e9s \u00e0 cette politique.<\/p>\n<p><strong><u>Contact<\/u><\/strong><\/p>\n<p>Si vous avez des questions \u00e0 nous poser, n\u2019h\u00e9sitez pas \u00e0 communiquer avec nous&nbsp;:<br>\ninfo@afctests.com<br>\n2260, rue Demers, bureau 240, Drummondville (Qu\u00e9bec) Canada J2B 0L1<\/p>\n<p><em>Date d\u2019entr\u00e9e en vigueur&nbsp;:&nbsp;<\/em>le 4 mars 2023. Derni\u00e8re mise \u00e0 jour : le 5 mai 2023.<\/p>\t\t\t\t\t\t\t\t<\/div>\n\t\t\t\t<\/div>\n\t\t\t\t\t<\/div>\n\t\t\t\t<\/div>\n\t\t\t\t<\/div>\n\t\t","protected":false},"excerpt":{"rendered":"<p>POLITIQUE DE CONFIDENTIALIT\u00c9 Pour nos sites Web d\u2019information sur nos tests suivants: www.afcholland.com et www.competencesgeneriques.com AFC Tests Psychom\u00e9triques inc. Introduction Nous avons \u00e0 c\u0153ur de respecter et de prot\u00e9ger votre confidentialit\u00e9 et \u00e0 agir en conformit\u00e9 avec les lois canadiennes et europ\u00e9ennes sur la protection des donn\u00e9es. Nous nous engageons \u00e0 respecter la confidentialit\u00e9 de vos donn\u00e9es personnelles et nous ne les vendrons jamais. Le but de cette politique de confidentialit\u00e9 est de vous informer des donn\u00e9es que nous recueillerons, de l\u2019utilisation de ces donn\u00e9es recueillies, qui a acc\u00e8s \u00e0 celles-ci, de vos droits et de la politique de cookies. Cette politique de confidentialit\u00e9 fonctionne parall\u00e8lement aux conditions g\u00e9n\u00e9rales d\u2019utilisation de notre site. Nos sites Web d\u2019informations visent un public r\u00e9sident au Canada ou dans un pays de l\u2019Union Europ\u00e9enne (ci-apr\u00e8s d\u00e9sign\u00e9 \u00ab&nbsp;UE&nbsp;\u00bb). Cette politique de confidentialit\u00e9 s\u2019applique \u00e0 toutes les pages de nos sites Web d\u2019information sur nos tests. Toutefois, il ne s\u2019applique pas \u00e0 des applications et des sites de tiers qui ont des liens avec votre site. Nous vous recommandons de lire l\u2019avis de confidentialit\u00e9 de ces sites sur lesquels vous vous rendez dans la mesure o\u00f9 nous n\u2019en sommes pas responsables. De plus, elle ne s\u2019applique pas \u00e0 nos sites s\u00e9curis\u00e9s de passation de tests, de production de rapports et de gestion des acc\u00e8s https:\/\/www.afctests.ca et https:\/\/www.afctests.fr, car ceux-ci ont une politique de confidentialit\u00e9 qui leur est propre. Nous vous recommandons de lire l\u2019avis de confidentialit\u00e9 de ces sites si vous les visitez. &nbsp; Lois applicables Si vous \u00eates r\u00e9sident d\u2019un des pays de l\u2019UE, le&nbsp;R\u00e8glement g\u00e9n\u00e9ral sur la protection des donn\u00e9es (ci-apr\u00e8s d\u00e9sign\u00e9 \u00ab&nbsp;RGDP&nbsp;\u00bb) r\u00e9git toutes les politiques de protections des donn\u00e9es et Pour les r\u00e9sidents des pays de l\u2019UE, le&nbsp;R\u00e8glement g\u00e9n\u00e9ral sur la protection des donn\u00e9es&nbsp;(RGDP) r\u00e9git toutes les politiques de protection des donn\u00e9es, quel que soit l\u2019endroit o\u00f9 se trouve le site. La pr\u00e9sente politique de confidentialit\u00e9 vise \u00e0 se conformer au RGDP. S\u2019il y a des incoh\u00e9rences entre la pr\u00e9sente politique et le RGDP, le RGDP s\u2019appliquera. Pour les r\u00e9sidents de la province du Qu\u00e9bec, cette politique de confidentialit\u00e9 vise \u00e0 se conformer \u00e0 la&nbsp;Loi sur la protection des renseignements personnels et les documents \u00e9lectroniques&nbsp;(LPRPDE) et la Loi modernisant des dispositions l\u00e9gislatives en mati\u00e8re de protection des renseignements personnels dans le secteur priv\u00e9. Pour les r\u00e9sidents d\u2019autres provinces canadiennes, la l\u00e9gislation applicable \u00e0 votre province s\u2019applique. S\u2019il y a des incoh\u00e9rences entre les \u00e9nonc\u00e9s de cette politique et la l\u00e9gislation applicable \u00e0 votre province canadienne ou votre pays de l\u2019UE, la l\u00e9gislation applicable \u00e0 votre \u00e9tat s\u2019applique. Si nous constatons des incoh\u00e9rences, nous modifierons notre politique pour nous conformer \u00e0 la loi pertinente. Consentement En utilisant notre site, vous consentez aux conditions \u00e9nonc\u00e9es dans la pr\u00e9sente politique de confidentialit\u00e9 et la collecte, l\u2019utilisation et la conservation des donn\u00e9es \u00e9num\u00e9r\u00e9es dans la pr\u00e9sente politique. Informations recueillies Nous collectons deux types de donn\u00e9es&nbsp;: Les donn\u00e9es \u00e0 caract\u00e8re personnel que vous nous transmettez volontairement en remplissant l\u2019un de nos formulaires, en nous t\u00e9l\u00e9phonant, en nous transmettant un courriel ou en nous \u00e9crivant \u00e0 notre adresse postale. Les donn\u00e9es g\u00e9n\u00e9rales que nous collectons lorsque vous naviguez sur notre site. Nous utilisons des cookies (un code informatique qui est int\u00e9gr\u00e9 pendant une certaine dur\u00e9e sur votre ordinateur, votre tablette ou votre t\u00e9l\u00e9phone intelligent.) et autres technologies similaires afin de collecter ces donn\u00e9es. Ces donn\u00e9es sont collect\u00e9es automatiquement. Donn\u00e9es personnelles que nous collectons Les donn\u00e9es personnelles que nous pouvons collecter de votre part \u00e0 partir de nos formulaires sont les suivantes&nbsp;: Votre nom complet, votre courriel, votre num\u00e9ro de t\u00e9l\u00e9phone, votre pays, votre profession, le nom de l\u2019entreprise pour laquelle vous travaillez. Les formulaires utilis\u00e9s sont fournis par des applications reconnues et utilisables sur des sites WordPress. Au moment de la derni\u00e8re mise \u00e0 jour de la pr\u00e9sentation politique de confidentialit\u00e9, cette application \u00e9tait la suivante&nbsp;: WPForms Les renseignements que vous pouvez nous transmettre par courriel, t\u00e9l\u00e9phone ou par la poste sont ceux dont nous vous transmettez de fa\u00e7on volontaire. Veuillez noter que nous ne collectons que les donn\u00e9es qui nous aident \u00e0 atteindre l\u2019objectif \u00e9nonc\u00e9 dans cette politique de confidentialit\u00e9. Nous ne recueillerons pas de donn\u00e9es personnelles suppl\u00e9mentaires sans vous en informer au pr\u00e9alable. Comment nous utilisons les donn\u00e9es personnelles Les donn\u00e9es personnelles recueillies sur notre site seront utilis\u00e9es uniquement aux fins pr\u00e9cis\u00e9es dans la pr\u00e9sente politique ou indiqu\u00e9es sur les pages pertinentes de notre site. Nous n\u2019utiliserons pas vos donn\u00e9es au-del\u00e0 de ce que nous divulguerons. Les donn\u00e9es que nous recueillons lorsque vous nous transmettez un formulaire peuvent \u00eatre utilis\u00e9es aux fins suivantes&nbsp;: D\u00e9terminer si vous vous qualifiez pour l&rsquo;utilisation d\u2019un de nos tests psychom\u00e9triques Vous transmettre un essai de test psychom\u00e9trique Vous inscrire \u00e0 une formation sur l\u2019utilisation d\u2019un de nos tests psychom\u00e9triques R\u00e9aliser de la publicit\u00e9 (par exemple, une infolettre p\u00e9riodique, une annonce de dates de nos formations, etc.) Combien de temps nous stockons les donn\u00e9es personnelles Nous ne conservons pas les donn\u00e9es des utilisateurs au-del\u00e0 de ce qui est n\u00e9cessaire pour atteindre les fins pour lesquelles elles sont recueillies. Avec qui nous partageons les donn\u00e9es personnelles Employ\u00e9s Nous pouvons divulguer les donn\u00e9es utilisateur \u00e0 tout membre de notre entreprise dont il a raisonnablement besoin pour r\u00e9aliser les objectifs \u00e9nonc\u00e9s dans la pr\u00e9sente politique. Fournisseurs Il est possible que des fournisseurs externes de confiance dont nous retenons les services professionnels puissent avoir acc\u00e8s \u00e0 certaines donn\u00e9es personnelles \u00e9tant donn\u00e9 la nature des services qu\u2019ils doivent effectuer (par exemple, une intervention technique sur le serveur qui h\u00e9berge nos sites ou un appel de suivi suite \u00e0 l&rsquo;essai d&rsquo;un de nos tests). Le cas \u00e9ch\u00e9ant, nous nous assurons que leur politique de confidentialit\u00e9 implique que les services professionnels ou techniques r\u00e9alis\u00e9s pour les fins des mandats que nous leur confions respecte l&rsquo;esprit de notre propre politique de confidentialit\u00e9 ou nous avons des confirmations \u00e9crites de leur part qu&rsquo;ils n&rsquo;utiliserons ces donn\u00e9es que pour les fins des mandats qui leur sont confi\u00e9s. De plus,&nbsp; nous ne leur vendrons pas vos donn\u00e9es personnelles. Autres divulgations Mis \u00e0<\/p>\n","protected":false},"author":2,"featured_media":0,"parent":0,"menu_order":0,"comment_status":"closed","ping_status":"closed","template":"","meta":{"_monsterinsights_skip_tracking":false,"_monsterinsights_sitenote_active":false,"_monsterinsights_sitenote_note":"","_monsterinsights_sitenote_category":0,"site-sidebar-layout":"default","site-content-layout":"","ast-site-content-layout":"default","site-content-style":"default","site-sidebar-style":"default","ast-global-header-display":"","ast-banner-title-visibility":"","ast-main-header-display":"","ast-hfb-above-header-display":"","ast-hfb-below-header-display":"","ast-hfb-mobile-header-display":"","site-post-title":"","ast-breadcrumbs-content":"","ast-featured-img":"","footer-sml-layout":"","ast-disable-related-posts":"","theme-transparent-header-meta":"default","adv-header-id-meta":"","stick-header-meta":"","header-above-stick-meta":"","header-main-stick-meta":"","header-below-stick-meta":"","astra-migrate-meta-layouts":"set","ast-page-background-enabled":"default","ast-page-background-meta":{"desktop":{"background-color":"var(--ast-global-color-4)","background-image":"","background-repeat":"repeat","background-position":"center center","background-size":"auto","background-attachment":"scroll","background-type":"","background-media":"","overlay-type":"","overlay-color":"","overlay-opacity":"","overlay-gradient":""},"tablet":{"background-color":"","background-image":"","background-repeat":"repeat","background-position":"center center","background-size":"auto","background-attachment":"scroll","background-type":"","background-media":"","overlay-type":"","overlay-color":"","overlay-opacity":"","overlay-gradient":""},"mobile":{"background-color":"","background-image":"","background-repeat":"repeat","background-position":"center center","background-size":"auto","background-attachment":"scroll","background-type":"","background-media":"","overlay-type":"","overlay-color":"","overlay-opacity":"","overlay-gradient":""}},"ast-content-background-meta":{"desktop":{"background-color":"var(--ast-global-color-5)","background-image":"","background-repeat":"repeat","background-position":"center center","background-size":"auto","background-attachment":"scroll","background-type":"","background-media":"","overlay-type":"","overlay-color":"","overlay-opacity":"","overlay-gradient":""},"tablet":{"background-color":"var(--ast-global-color-5)","background-image":"","background-repeat":"repeat","background-position":"center center","background-size":"auto","background-attachment":"scroll","background-type":"","background-media":"","overlay-type":"","overlay-color":"","overlay-opacity":"","overlay-gradient":""},"mobile":{"background-color":"var(--ast-global-color-5)","background-image":"","background-repeat":"repeat","background-position":"center center","background-size":"auto","background-attachment":"scroll","background-type":"","background-media":"","overlay-type":"","overlay-color":"","overlay-opacity":"","overlay-gradient":""}},"footnotes":""},"class_list":["post-3310","page","type-page","status-publish","hentry"],"_links":{"self":[{"href":"https:\/\/afcholland.com\/fr\/wp-json\/wp\/v2\/pages\/3310","targetHints":{"allow":["GET"]}}],"collection":[{"href":"https:\/\/afcholland.com\/fr\/wp-json\/wp\/v2\/pages"}],"about":[{"href":"https:\/\/afcholland.com\/fr\/wp-json\/wp\/v2\/types\/page"}],"author":[{"embeddable":true,"href":"https:\/\/afcholland.com\/fr\/wp-json\/wp\/v2\/users\/2"}],"replies":[{"embeddable":true,"href":"https:\/\/afcholland.com\/fr\/wp-json\/wp\/v2\/comments?post=3310"}],"version-history":[{"count":0,"href":"https:\/\/afcholland.com\/fr\/wp-json\/wp\/v2\/pages\/3310\/revisions"}],"wp:attachment":[{"href":"https:\/\/afcholland.com\/fr\/wp-json\/wp\/v2\/media?parent=3310"}],"curies":[{"name":"wp","href":"https:\/\/api.w.org\/{rel}","templated":true}]}}