{"id":432,"date":"2012-07-17T17:19:16","date_gmt":"2012-07-17T17:19:16","guid":{"rendered":"\/?page_id=432"},"modified":"2024-11-01T10:13:42","modified_gmt":"2024-11-01T10:13:42","slug":"qui-sommes-nous","status":"publish","type":"page","link":"https:\/\/afcholland.com\/fr\/qui-sommes-nous\/","title":{"rendered":"Qui sommes-nous?"},"content":{"rendered":"\t\t<div data-elementor-type=\"wp-page\" data-elementor-id=\"432\" class=\"elementor elementor-432\" data-elementor-post-type=\"page\">\n\t\t\t\t<div class=\"elementor-element elementor-element-0e5a65d e-flex e-con-boxed wpr-particle-no wpr-jarallax-no wpr-parallax-no wpr-sticky-section-no wpr-equal-height-no e-con e-parent\" data-id=\"0e5a65d\" data-element_type=\"container\" data-e-type=\"container\">\n\t\t\t\t\t<div class=\"e-con-inner\">\n\t\t<div class=\"elementor-element elementor-element-49897fc e-con-full e-flex wpr-particle-no wpr-jarallax-no wpr-parallax-no wpr-sticky-section-no wpr-equal-height-no e-con e-child\" data-id=\"49897fc\" data-element_type=\"container\" data-e-type=\"container\" data-settings=\"{&quot;background_background&quot;:&quot;classic&quot;}\">\n\t\t\t\t<div class=\"elementor-element elementor-element-2bf4471 elementor-widget elementor-widget-text-editor\" data-id=\"2bf4471\" data-element_type=\"widget\" data-e-type=\"widget\" data-widget_type=\"text-editor.default\">\n\t\t\t\t\t\t\t\t\t<h2>QUI SOMMES-NOUS<\/h2><p>AFC Tests Psychom\u00e9triques est une compagnie familiale qu\u00e9b\u00e9coise qui \u00e9dite et rend disponible ses tests psychom\u00e9triques aux professionnels depuis 1999.<\/p><p>\u00a0<\/p><h2>NOTRE MISSION<\/h2><p>Notre mission est de vous fournir des tests psychom\u00e9triques de qualit\u00e9, tout en \u00e9tant concrets et vous permettant d\u2019aider les gens \u00e0 r\u00e9ussir. En ce qui concerne notre test AFC Holland, cette mission se traduit par un inventaire avec un contenu riche , des interpr\u00e9tations personnalis\u00e9es et concr\u00e8tes et qui a pour objectif que vos clients puissent r\u00e9aliser une introspection qui les aidera \u00e0 faire un choix de carri\u00e8re ou d&rsquo;\u00e9tudes motivant et satisfaisant.<\/p><p>\u00a0<\/p><h2>NOS PRINCIPALES VALEURS<\/h2><p><strong>Innovation et am\u00e9lioration continue<\/strong><\/p><p>Nous sommes guid\u00e9s par un d\u00e9sir d\u2019innover et d\u2019am\u00e9liorer nos produits de fa\u00e7on continue. Par exemple, c\u2019est pourquoi notre test AFC Comp\u00e9tences G\u00e9n\u00e9riques a \u00e9t\u00e9 rendu disponible en ligne d\u00e8s l\u2019an 2000, que nous avons r\u00e9alis\u00e9 de nombreuses r\u00e9visions et recherches scientifiques en lien avec celui-ci et qu\u2019il en est maintenant \u00e0 sa 10e \u00e9dition. C\u2019est aussi pourquoi notre test AFC Holland innove dans le domaine de la typologie de Holland en y incluant des dimensions nouvelles, que son contenu peut \u00eatre adapt\u00e9 aux diff\u00e9rentes client\u00e8les, que nous en sommes d\u00e9j\u00e0 \u00e0 sa troisi\u00e8me \u00e9dition depuis son lancement en 2015 et qu&rsquo;il est maintenant adapt\u00e9 \u00e0 une passation non seulement sur ordinateur ou une tablette, mais \u00e9galement sur t\u00e9l\u00e9phone intelligent.<\/p><p><strong>\u00c9coute des besoins de la client\u00e8le<\/strong><\/p><p>Nous sommes \u00e0 votre \u00e9coute. Par cons\u00e9quent, de nombreux \u00e9l\u00e9ments inclus dans nos tests, nos rapports et nos formations sont issus de recommandations exprim\u00e9es par professionnels comme vous et permettent ainsi de mieux r\u00e9pondre \u00e0 vos besoins.<\/p><p><strong>Rigueur<\/strong><\/p><p>Une valeur importante qui guide nos actions est la rigueur scientifique dans la cr\u00e9ation et l\u2019am\u00e9lioration continue de nos tests. Nous investissons temps et argent dans diff\u00e9rentes \u00e9tudes scientifiques et statistiques visant \u00e0 toujours pousser plus loin la compr\u00e9hension, la pr\u00e9cision, la fiabilit\u00e9, la validit\u00e9 et l&rsquo;\u00e9tendue des \u00e9chantillons normatifs de ce que nous mesurons dans nos tests.<\/p><p>\u00a0<\/p>\t\t\t\t\t\t\t\t<\/div>\n\t\t\t\t<\/div>\n\t\t\t\t\t<\/div>\n\t\t\t\t<\/div>\n\t\t\t\t<\/div>\n\t\t","protected":false},"excerpt":{"rendered":"<p>QUI SOMMES-NOUS AFC Tests Psychom\u00e9triques est une compagnie familiale qu\u00e9b\u00e9coise qui \u00e9dite et rend disponible ses tests psychom\u00e9triques aux professionnels depuis 1999. \u00a0 NOTRE MISSION Notre mission est de vous fournir des tests psychom\u00e9triques de qualit\u00e9, tout en \u00e9tant concrets et vous permettant d\u2019aider les gens \u00e0 r\u00e9ussir. En ce qui concerne notre test AFC Holland, cette mission se traduit par un inventaire avec un contenu riche , des interpr\u00e9tations personnalis\u00e9es et concr\u00e8tes et qui a pour objectif que vos clients puissent r\u00e9aliser une introspection qui les aidera \u00e0 faire un choix de carri\u00e8re ou d&rsquo;\u00e9tudes motivant et satisfaisant. \u00a0 NOS PRINCIPALES VALEURS Innovation et am\u00e9lioration continue Nous sommes guid\u00e9s par un d\u00e9sir d\u2019innover et d\u2019am\u00e9liorer nos produits de fa\u00e7on continue. Par exemple, c\u2019est pourquoi notre test AFC Comp\u00e9tences G\u00e9n\u00e9riques a \u00e9t\u00e9 rendu disponible en ligne d\u00e8s l\u2019an 2000, que nous avons r\u00e9alis\u00e9 de nombreuses r\u00e9visions et recherches scientifiques en lien avec celui-ci et qu\u2019il en est maintenant \u00e0 sa 10e \u00e9dition. C\u2019est aussi pourquoi notre test AFC Holland innove dans le domaine de la typologie de Holland en y incluant des dimensions nouvelles, que son contenu peut \u00eatre adapt\u00e9 aux diff\u00e9rentes client\u00e8les, que nous en sommes d\u00e9j\u00e0 \u00e0 sa troisi\u00e8me \u00e9dition depuis son lancement en 2015 et qu&rsquo;il est maintenant adapt\u00e9 \u00e0 une passation non seulement sur ordinateur ou une tablette, mais \u00e9galement sur t\u00e9l\u00e9phone intelligent. \u00c9coute des besoins de la client\u00e8le Nous sommes \u00e0 votre \u00e9coute. Par cons\u00e9quent, de nombreux \u00e9l\u00e9ments inclus dans nos tests, nos rapports et nos formations sont issus de recommandations exprim\u00e9es par professionnels comme vous et permettent ainsi de mieux r\u00e9pondre \u00e0 vos besoins. Rigueur Une valeur importante qui guide nos actions est la rigueur scientifique dans la cr\u00e9ation et l\u2019am\u00e9lioration continue de nos tests. Nous investissons temps et argent dans diff\u00e9rentes \u00e9tudes scientifiques et statistiques visant \u00e0 toujours pousser plus loin la compr\u00e9hension, la pr\u00e9cision, la fiabilit\u00e9, la validit\u00e9 et l&rsquo;\u00e9tendue des \u00e9chantillons normatifs de ce que nous mesurons dans nos tests. \u00a0<\/p>\n","protected":false},"author":2,"featured_media":0,"parent":0,"menu_order":0,"comment_status":"closed","ping_status":"open","template":"","meta":{"_monsterinsights_skip_tracking":false,"_monsterinsights_sitenote_active":false,"_monsterinsights_sitenote_note":"","_monsterinsights_sitenote_category":0,"site-sidebar-layout":"default","site-content-layout":"","ast-site-content-layout":"default","site-content-style":"default","site-sidebar-style":"default","ast-global-header-display":"","ast-banner-title-visibility":"","ast-main-header-display":"","ast-hfb-above-header-display":"","ast-hfb-below-header-display":"","ast-hfb-mobile-header-display":"","site-post-title":"","ast-breadcrumbs-content":"","ast-featured-img":"","footer-sml-layout":"","ast-disable-related-posts":"","theme-transparent-header-meta":"default","adv-header-id-meta":"","stick-header-meta":"","header-above-stick-meta":"","header-main-stick-meta":"","header-below-stick-meta":"","astra-migrate-meta-layouts":"set","ast-page-background-enabled":"default","ast-page-background-meta":{"desktop":{"background-color":"var(--ast-global-color-4)","background-image":"","background-repeat":"repeat","background-position":"center center","background-size":"auto","background-attachment":"scroll","background-type":"","background-media":"","overlay-type":"","overlay-color":"","overlay-opacity":"","overlay-gradient":""},"tablet":{"background-color":"","background-image":"","background-repeat":"repeat","background-position":"center center","background-size":"auto","background-attachment":"scroll","background-type":"","background-media":"","overlay-type":"","overlay-color":"","overlay-opacity":"","overlay-gradient":""},"mobile":{"background-color":"","background-image":"","background-repeat":"repeat","background-position":"center center","background-size":"auto","background-attachment":"scroll","background-type":"","background-media":"","overlay-type":"","overlay-color":"","overlay-opacity":"","overlay-gradient":""}},"ast-content-background-meta":{"desktop":{"background-color":"var(--ast-global-color-5)","background-image":"","background-repeat":"repeat","background-position":"center center","background-size":"auto","background-attachment":"scroll","background-type":"","background-media":"","overlay-type":"","overlay-color":"","overlay-opacity":"","overlay-gradient":""},"tablet":{"background-color":"var(--ast-global-color-5)","background-image":"","background-repeat":"repeat","background-position":"center center","background-size":"auto","background-attachment":"scroll","background-type":"","background-media":"","overlay-type":"","overlay-color":"","overlay-opacity":"","overlay-gradient":""},"mobile":{"background-color":"var(--ast-global-color-5)","background-image":"","background-repeat":"repeat","background-position":"center center","background-size":"auto","background-attachment":"scroll","background-type":"","background-media":"","overlay-type":"","overlay-color":"","overlay-opacity":"","overlay-gradient":""}},"footnotes":""},"class_list":["post-432","page","type-page","status-publish","hentry"],"_links":{"self":[{"href":"https:\/\/afcholland.com\/fr\/wp-json\/wp\/v2\/pages\/432","targetHints":{"allow":["GET"]}}],"collection":[{"href":"https:\/\/afcholland.com\/fr\/wp-json\/wp\/v2\/pages"}],"about":[{"href":"https:\/\/afcholland.com\/fr\/wp-json\/wp\/v2\/types\/page"}],"author":[{"embeddable":true,"href":"https:\/\/afcholland.com\/fr\/wp-json\/wp\/v2\/users\/2"}],"replies":[{"embeddable":true,"href":"https:\/\/afcholland.com\/fr\/wp-json\/wp\/v2\/comments?post=432"}],"version-history":[{"count":0,"href":"https:\/\/afcholland.com\/fr\/wp-json\/wp\/v2\/pages\/432\/revisions"}],"wp:attachment":[{"href":"https:\/\/afcholland.com\/fr\/wp-json\/wp\/v2\/media?parent=432"}],"curies":[{"name":"wp","href":"https:\/\/api.w.org\/{rel}","templated":true}]}}