{"id":9240,"date":"2024-10-31T16:13:02","date_gmt":"2024-10-31T16:13:02","guid":{"rendered":"https:\/\/afcholland.com\/?page_id=9240"},"modified":"2025-02-13T21:24:12","modified_gmt":"2025-02-13T21:24:12","slug":"temoignage-marie-emilie-dumais","status":"publish","type":"page","link":"https:\/\/afcholland.com\/fr\/temoignage-marie-emilie-dumais\/","title":{"rendered":"Marie-Emilie Dumais, conseill\u00e8re d&rsquo;orientation"},"content":{"rendered":"\t\t<div data-elementor-type=\"wp-page\" data-elementor-id=\"9240\" class=\"elementor elementor-9240\" data-elementor-post-type=\"page\">\n\t\t\t\t<div class=\"elementor-element elementor-element-1c8c9cf e-flex e-con-boxed wpr-particle-no wpr-jarallax-no wpr-parallax-no wpr-sticky-section-no wpr-equal-height-no e-con e-parent\" data-id=\"1c8c9cf\" data-element_type=\"container\" data-e-type=\"container\">\n\t\t\t\t\t<div class=\"e-con-inner\">\n\t\t<div class=\"elementor-element elementor-element-e9f6932 e-con-full e-flex wpr-particle-no wpr-jarallax-no wpr-parallax-no wpr-sticky-section-no wpr-equal-height-no e-con e-child\" data-id=\"e9f6932\" data-element_type=\"container\" data-e-type=\"container\" data-settings=\"{&quot;background_background&quot;:&quot;classic&quot;}\">\n\t\t\t\t<div class=\"elementor-element elementor-element-de0e4a5 elementor-widget elementor-widget-text-editor\" data-id=\"de0e4a5\" data-element_type=\"widget\" data-e-type=\"widget\" data-widget_type=\"text-editor.default\">\n\t\t\t\t\t\t\t\t\t<p><a href=\"https:\/\/afcholland.com\/wp-content\/uploads\/2024\/10\/Marie-Emilie-Dumais-1-scaled.jpg\"><img loading=\"lazy\" decoding=\"async\" class=\"size-medium wp-image-9266 alignright\" src=\"https:\/\/afcholland.com\/wp-content\/uploads\/2024\/10\/Marie-Emilie-Dumais-1-240x300.jpg\" alt=\"\" width=\"240\" height=\"300\" srcset=\"https:\/\/afcholland.com\/wp-content\/uploads\/2024\/10\/Marie-Emilie-Dumais-1-240x300.jpg 240w, https:\/\/afcholland.com\/wp-content\/uploads\/2024\/10\/Marie-Emilie-Dumais-1-819x1024.jpg 819w, https:\/\/afcholland.com\/wp-content\/uploads\/2024\/10\/Marie-Emilie-Dumais-1-768x960.jpg 768w, https:\/\/afcholland.com\/wp-content\/uploads\/2024\/10\/Marie-Emilie-Dumais-1-1229x1536.jpg 1229w, https:\/\/afcholland.com\/wp-content\/uploads\/2024\/10\/Marie-Emilie-Dumais-1-scaled.jpg 2048w\" sizes=\"auto, (max-width: 240px) 100vw, 240px\" \/><\/a><\/p><p>\u00ab Les services offerts sont des services d&#8217;emploi (aide \u00e0 la recherche d&#8217;emploi, conseils d&rsquo;orientation, services de recherche d&#8217;emploi et plus). L&rsquo;objectif est d&rsquo;offrir de l&rsquo;aide aux individus qui cherchent \u00e0 r\u00e9fl\u00e9chir sur leurs objectifs de carri\u00e8re ou qui ont besoin de soutien pour r\u00e9int\u00e9grer le march\u00e9 du travail.<\/p><p>Le domaine de l&rsquo;orientation professionnelle comporte de nombreux d\u00e9fis. La client\u00e8le avec laquelle je travaille est principalement compos\u00e9e d&rsquo;adultes de tous horizons (nouveaux arrivants, Qu\u00e9b\u00e9cois de souche, Canadiens, etc.) Cela nourrit une belle complexit\u00e9 tout au long de l&rsquo;intervention.<\/p><p>L&rsquo;AFC Holland est un merveilleux outil psychom\u00e9trique. Les r\u00e9sultats permettent au client de confirmer sa perception de soi, ce qui est tr\u00e8s positif dans la trajectoire d&rsquo;exploration. Cette validation de l&rsquo;identit\u00e9 professionnelle, qui est tr\u00e8s floue au d\u00e9but du processus, a \u00e9t\u00e9 observ\u00e9e comme contribuant \u00e0 des r\u00e9sultats positifs (meilleure compr\u00e9hension de son exp\u00e9rience et de sa trajectoire).\u00a0 Les commentaires re\u00e7us par les clients sont toujours positifs. Ils ont vraiment l&rsquo;impression que l&rsquo;\u00e9valuation refl\u00e8te leur profil. Il s&rsquo;agit d&rsquo;un puissant levier pour ouvrir les horizons de l&rsquo;exploration professionnelle. De plus, son aspect visuel le rend convivial et les clients en appr\u00e9cient la lecture. Il permet \u00e9galement de d\u00e9velopper une meilleure compr\u00e9hension des m\u00e9tiers et des professions en les faisant correspondre au profil RIASEC.<\/p><p>Je peux confirmer que j&rsquo;ai confiance dans les propri\u00e9t\u00e9s de fiabilit\u00e9 et de validit\u00e9 de l\u2019outil. Le psychom\u00e9tricien se soucie vraiment de la compr\u00e9hension du praticien et met constamment \u00e0 jour les propri\u00e9t\u00e9s psychom\u00e9triques. Je recommande vivement l&rsquo;utilisation de cette \u00e9valuation pour promouvoir des conseils en orientation meilleurs et plus efficaces. \u00bb<\/p><p><strong>Marie-Emilie Dumais est conseill\u00e8re d&rsquo;orientation au sein d&rsquo;un organisme \u00e0 but non lucratif offrant des services aux anglophones.<\/strong><\/p><p><!-- notionvc: 96175e56-f3b8-40f3-9479-22a03fecfe26 --><\/p>\t\t\t\t\t\t\t\t<\/div>\n\t\t\t\t<\/div>\n\t\t\t\t\t<\/div>\n\t\t\t\t<\/div>\n\t\t\t\t<\/div>\n\t\t","protected":false},"excerpt":{"rendered":"<p>\u00ab Les services offerts sont des services d&#8217;emploi (aide \u00e0 la recherche d&#8217;emploi, conseils d&rsquo;orientation, services de recherche d&#8217;emploi et plus). L&rsquo;objectif est d&rsquo;offrir de l&rsquo;aide aux individus qui cherchent \u00e0 r\u00e9fl\u00e9chir sur leurs objectifs de carri\u00e8re ou qui ont besoin de soutien pour r\u00e9int\u00e9grer le march\u00e9 du travail. Le domaine de l&rsquo;orientation professionnelle comporte de nombreux d\u00e9fis. La client\u00e8le avec laquelle je travaille est principalement compos\u00e9e d&rsquo;adultes de tous horizons (nouveaux arrivants, Qu\u00e9b\u00e9cois de souche, Canadiens, etc.) Cela nourrit une belle complexit\u00e9 tout au long de l&rsquo;intervention. L&rsquo;AFC Holland est un merveilleux outil psychom\u00e9trique. Les r\u00e9sultats permettent au client de confirmer sa perception de soi, ce qui est tr\u00e8s positif dans la trajectoire d&rsquo;exploration. Cette validation de l&rsquo;identit\u00e9 professionnelle, qui est tr\u00e8s floue au d\u00e9but du processus, a \u00e9t\u00e9 observ\u00e9e comme contribuant \u00e0 des r\u00e9sultats positifs (meilleure compr\u00e9hension de son exp\u00e9rience et de sa trajectoire).\u00a0 Les commentaires re\u00e7us par les clients sont toujours positifs. Ils ont vraiment l&rsquo;impression que l&rsquo;\u00e9valuation refl\u00e8te leur profil. Il s&rsquo;agit d&rsquo;un puissant levier pour ouvrir les horizons de l&rsquo;exploration professionnelle. De plus, son aspect visuel le rend convivial et les clients en appr\u00e9cient la lecture. Il permet \u00e9galement de d\u00e9velopper une meilleure compr\u00e9hension des m\u00e9tiers et des professions en les faisant correspondre au profil RIASEC. Je peux confirmer que j&rsquo;ai confiance dans les propri\u00e9t\u00e9s de fiabilit\u00e9 et de validit\u00e9 de l\u2019outil. Le psychom\u00e9tricien se soucie vraiment de la compr\u00e9hension du praticien et met constamment \u00e0 jour les propri\u00e9t\u00e9s psychom\u00e9triques. Je recommande vivement l&rsquo;utilisation de cette \u00e9valuation pour promouvoir des conseils en orientation meilleurs et plus efficaces. \u00bb Marie-Emilie Dumais est conseill\u00e8re d&rsquo;orientation au sein d&rsquo;un organisme \u00e0 but non lucratif offrant des services aux anglophones.<\/p>\n","protected":false},"author":88901,"featured_media":9266,"parent":0,"menu_order":0,"comment_status":"closed","ping_status":"closed","template":"","meta":{"_monsterinsights_skip_tracking":false,"_monsterinsights_sitenote_active":false,"_monsterinsights_sitenote_note":"","_monsterinsights_sitenote_category":0,"site-sidebar-layout":"no-sidebar","site-content-layout":"","ast-site-content-layout":"full-width-container","site-content-style":"default","site-sidebar-style":"default","ast-global-header-display":"","ast-banner-title-visibility":"","ast-main-header-display":"","ast-hfb-above-header-display":"","ast-hfb-below-header-display":"","ast-hfb-mobile-header-display":"","site-post-title":"disabled","ast-breadcrumbs-content":"","ast-featured-img":"disabled","footer-sml-layout":"","ast-disable-related-posts":"","theme-transparent-header-meta":"","adv-header-id-meta":"","stick-header-meta":"","header-above-stick-meta":"","header-main-stick-meta":"","header-below-stick-meta":"","astra-migrate-meta-layouts":"default","ast-page-background-enabled":"default","ast-page-background-meta":{"desktop":{"background-color":"var(--ast-global-color-4)","background-image":"","background-repeat":"repeat","background-position":"center center","background-size":"auto","background-attachment":"scroll","background-type":"","background-media":"","overlay-type":"","overlay-color":"","overlay-opacity":"","overlay-gradient":""},"tablet":{"background-color":"","background-image":"","background-repeat":"repeat","background-position":"center center","background-size":"auto","background-attachment":"scroll","background-type":"","background-media":"","overlay-type":"","overlay-color":"","overlay-opacity":"","overlay-gradient":""},"mobile":{"background-color":"","background-image":"","background-repeat":"repeat","background-position":"center center","background-size":"auto","background-attachment":"scroll","background-type":"","background-media":"","overlay-type":"","overlay-color":"","overlay-opacity":"","overlay-gradient":""}},"ast-content-background-meta":{"desktop":{"background-color":"var(--ast-global-color-5)","background-image":"","background-repeat":"repeat","background-position":"center center","background-size":"auto","background-attachment":"scroll","background-type":"","background-media":"","overlay-type":"","overlay-color":"","overlay-opacity":"","overlay-gradient":""},"tablet":{"background-color":"var(--ast-global-color-5)","background-image":"","background-repeat":"repeat","background-position":"center center","background-size":"auto","background-attachment":"scroll","background-type":"","background-media":"","overlay-type":"","overlay-color":"","overlay-opacity":"","overlay-gradient":""},"mobile":{"background-color":"var(--ast-global-color-5)","background-image":"","background-repeat":"repeat","background-position":"center center","background-size":"auto","background-attachment":"scroll","background-type":"","background-media":"","overlay-type":"","overlay-color":"","overlay-opacity":"","overlay-gradient":""}},"footnotes":""},"class_list":["post-9240","page","type-page","status-publish","has-post-thumbnail","hentry"],"_links":{"self":[{"href":"https:\/\/afcholland.com\/fr\/wp-json\/wp\/v2\/pages\/9240","targetHints":{"allow":["GET"]}}],"collection":[{"href":"https:\/\/afcholland.com\/fr\/wp-json\/wp\/v2\/pages"}],"about":[{"href":"https:\/\/afcholland.com\/fr\/wp-json\/wp\/v2\/types\/page"}],"author":[{"embeddable":true,"href":"https:\/\/afcholland.com\/fr\/wp-json\/wp\/v2\/users\/88901"}],"replies":[{"embeddable":true,"href":"https:\/\/afcholland.com\/fr\/wp-json\/wp\/v2\/comments?post=9240"}],"version-history":[{"count":0,"href":"https:\/\/afcholland.com\/fr\/wp-json\/wp\/v2\/pages\/9240\/revisions"}],"wp:featuredmedia":[{"embeddable":true,"href":"https:\/\/afcholland.com\/fr\/wp-json\/wp\/v2\/media\/9266"}],"wp:attachment":[{"href":"https:\/\/afcholland.com\/fr\/wp-json\/wp\/v2\/media?parent=9240"}],"curies":[{"name":"wp","href":"https:\/\/api.w.org\/{rel}","templated":true}]}}