{"id":9655,"date":"2025-01-31T14:26:28","date_gmt":"2025-01-31T14:26:28","guid":{"rendered":"https:\/\/afcholland.com\/?page_id=9655"},"modified":"2025-02-27T01:53:44","modified_gmt":"2025-02-27T01:53:44","slug":"veronique-forget-conseillere-en-developpement-de-carriere","status":"publish","type":"page","link":"https:\/\/afcholland.com\/fr\/veronique-forget-conseillere-en-developpement-de-carriere\/","title":{"rendered":"V\u00e9ronique Forget, Conseill\u00e8re en d\u00e9veloppement de carri\u00e8re"},"content":{"rendered":"\t\t<div data-elementor-type=\"wp-page\" data-elementor-id=\"9655\" class=\"elementor elementor-9655\" data-elementor-post-type=\"page\">\n\t\t\t\t<div class=\"elementor-element elementor-element-6fe8bc53 e-flex e-con-boxed wpr-particle-no wpr-jarallax-no wpr-parallax-no wpr-sticky-section-no wpr-column-slider-no wpr-equal-height-no e-con e-parent\" data-id=\"6fe8bc53\" data-element_type=\"container\" data-e-type=\"container\">\n\t\t\t\t\t<div class=\"e-con-inner\">\n\t\t<div class=\"elementor-element elementor-element-4cd9fd0 e-con-full e-flex wpr-particle-no wpr-jarallax-no wpr-parallax-no wpr-sticky-section-no wpr-column-slider-no wpr-equal-height-no e-con e-child\" data-id=\"4cd9fd0\" data-element_type=\"container\" data-e-type=\"container\" data-settings=\"{&quot;background_background&quot;:&quot;classic&quot;}\">\n\t\t\t\t<div class=\"elementor-element elementor-element-31eb034d elementor-widget elementor-widget-text-editor\" data-id=\"31eb034d\" data-element_type=\"widget\" data-e-type=\"widget\" data-widget_type=\"text-editor.default\">\n\t\t\t\t\t\t\t\t\t\u00ab Quelle formation compl\u00e8te et pertinente! Je suis maintenant confiante et enthousiaste d\u2019utiliser le test AFC Holland avec ma client\u00e8le, qu\u2019elle soit en r\u00e9flexion vers un choix de formation, une r\u00e9orientation de carri\u00e8re ou une connaissance approfondie de soi. En plus d\u2019\u00eatre le cr\u00e9ateur de ce test, Philippe sait transmettre les informations essentielles de chaque partie avec une aisance et une attention \u00e0 la compr\u00e9hension de chaque personne du groupe.\n<br><br>\n\nLes 4 profils, bas\u00e9s sur la typologie RIASEC, sont pr\u00e9sent\u00e9s de fa\u00e7on \u00e0 mettre en lumi\u00e8re les nuances entre les int\u00e9r\u00eats professionnels, le sentiment de comp\u00e9tence, les traits de personnalit\u00e9 et le bonheur au travail. Le rapport d\u2019interpr\u00e9tation du test, d\u00e9taill\u00e9 tout en \u00e9tant vulgaris\u00e9, favorise la discussion avec la personne cliente qui peut clarifier ou valider ses pr\u00e9f\u00e9rences li\u00e9es aux domaines professionnels.\n<br><br>\n\n\u00c0 la fin de la formation, maintes mises en situations exposent comment communiquer le rapport d\u2019interpr\u00e9tation, tout en impliquant la personne cliente dans son processus. J\u2019en profite pour remercier l\u2019\u00e9quipe qui est accueillante pour toute question \u00e0 la suite de la formation. Un grand merci! \u00bb\n<p style=\"font-size: 14px; line-height: 18px; margin-left: 25px; margin-top: 20px;\"><strong>V\u00e9ronique Forget<br>\nConseill\u00e8re en d\u00e9veloppement de carri\u00e8re<br>\nCanada<\/strong><\/p>\t\t\t\t\t\t\t\t<\/div>\n\t\t\t\t<\/div>\n\t\t\t\t\t<\/div>\n\t\t\t\t<\/div>\n\t\t\t\t<\/div>\n\t\t","protected":false},"excerpt":{"rendered":"<p>\u00ab Quelle formation compl\u00e8te et pertinente! Je suis maintenant confiante et enthousiaste d\u2019utiliser le test AFC Holland avec ma client\u00e8le, qu\u2019elle soit en r\u00e9flexion vers un choix de formation, une r\u00e9orientation de carri\u00e8re ou une connaissance approfondie de soi. En plus d\u2019\u00eatre le cr\u00e9ateur de ce test, Philippe sait transmettre les informations essentielles de chaque partie avec une aisance et une attention \u00e0 la compr\u00e9hension de chaque personne du groupe. Les 4 profils, bas\u00e9s sur la typologie RIASEC, sont pr\u00e9sent\u00e9s de fa\u00e7on \u00e0 mettre en lumi\u00e8re les nuances entre les int\u00e9r\u00eats professionnels, le sentiment de comp\u00e9tence, les traits de personnalit\u00e9 et le bonheur au travail. Le rapport d\u2019interpr\u00e9tation du test, d\u00e9taill\u00e9 tout en \u00e9tant vulgaris\u00e9, favorise la discussion avec la personne cliente qui peut clarifier ou valider ses pr\u00e9f\u00e9rences li\u00e9es aux domaines professionnels. \u00c0 la fin de la formation, maintes mises en situations exposent comment communiquer le rapport d\u2019interpr\u00e9tation, tout en impliquant la personne cliente dans son processus. J\u2019en profite pour remercier l\u2019\u00e9quipe qui est accueillante pour toute question \u00e0 la suite de la formation. Un grand merci! \u00bb V\u00e9ronique Forget Conseill\u00e8re en d\u00e9veloppement de carri\u00e8re Canada<\/p>\n","protected":false},"author":88902,"featured_media":0,"parent":0,"menu_order":0,"comment_status":"closed","ping_status":"closed","template":"","meta":{"_monsterinsights_skip_tracking":false,"_monsterinsights_sitenote_active":false,"_monsterinsights_sitenote_note":"","_monsterinsights_sitenote_category":0,"site-sidebar-layout":"default","site-content-layout":"","ast-site-content-layout":"default","site-content-style":"default","site-sidebar-style":"default","ast-global-header-display":"","ast-banner-title-visibility":"","ast-main-header-display":"","ast-hfb-above-header-display":"","ast-hfb-below-header-display":"","ast-hfb-mobile-header-display":"","site-post-title":"","ast-breadcrumbs-content":"","ast-featured-img":"","footer-sml-layout":"","ast-disable-related-posts":"","theme-transparent-header-meta":"default","adv-header-id-meta":"","stick-header-meta":"","header-above-stick-meta":"","header-main-stick-meta":"","header-below-stick-meta":"","astra-migrate-meta-layouts":"set","ast-page-background-enabled":"default","ast-page-background-meta":{"desktop":{"background-color":"var(--ast-global-color-4)","background-image":"","background-repeat":"repeat","background-position":"center center","background-size":"auto","background-attachment":"scroll","background-type":"","background-media":"","overlay-type":"","overlay-color":"","overlay-opacity":"","overlay-gradient":""},"tablet":{"background-color":"","background-image":"","background-repeat":"repeat","background-position":"center center","background-size":"auto","background-attachment":"scroll","background-type":"","background-media":"","overlay-type":"","overlay-color":"","overlay-opacity":"","overlay-gradient":""},"mobile":{"background-color":"","background-image":"","background-repeat":"repeat","background-position":"center center","background-size":"auto","background-attachment":"scroll","background-type":"","background-media":"","overlay-type":"","overlay-color":"","overlay-opacity":"","overlay-gradient":""}},"ast-content-background-meta":{"desktop":{"background-color":"var(--ast-global-color-5)","background-image":"","background-repeat":"repeat","background-position":"center center","background-size":"auto","background-attachment":"scroll","background-type":"","background-media":"","overlay-type":"","overlay-color":"","overlay-opacity":"","overlay-gradient":""},"tablet":{"background-color":"var(--ast-global-color-5)","background-image":"","background-repeat":"repeat","background-position":"center center","background-size":"auto","background-attachment":"scroll","background-type":"","background-media":"","overlay-type":"","overlay-color":"","overlay-opacity":"","overlay-gradient":""},"mobile":{"background-color":"var(--ast-global-color-5)","background-image":"","background-repeat":"repeat","background-position":"center center","background-size":"auto","background-attachment":"scroll","background-type":"","background-media":"","overlay-type":"","overlay-color":"","overlay-opacity":"","overlay-gradient":""}},"footnotes":""},"class_list":["post-9655","page","type-page","status-publish","hentry"],"_links":{"self":[{"href":"https:\/\/afcholland.com\/fr\/wp-json\/wp\/v2\/pages\/9655","targetHints":{"allow":["GET"]}}],"collection":[{"href":"https:\/\/afcholland.com\/fr\/wp-json\/wp\/v2\/pages"}],"about":[{"href":"https:\/\/afcholland.com\/fr\/wp-json\/wp\/v2\/types\/page"}],"author":[{"embeddable":true,"href":"https:\/\/afcholland.com\/fr\/wp-json\/wp\/v2\/users\/88902"}],"replies":[{"embeddable":true,"href":"https:\/\/afcholland.com\/fr\/wp-json\/wp\/v2\/comments?post=9655"}],"version-history":[{"count":0,"href":"https:\/\/afcholland.com\/fr\/wp-json\/wp\/v2\/pages\/9655\/revisions"}],"wp:attachment":[{"href":"https:\/\/afcholland.com\/fr\/wp-json\/wp\/v2\/media?parent=9655"}],"curies":[{"name":"wp","href":"https:\/\/api.w.org\/{rel}","templated":true}]}}