{"id":9662,"date":"2025-01-31T14:38:50","date_gmt":"2025-01-31T14:38:50","guid":{"rendered":"https:\/\/afcholland.com\/?page_id=9662"},"modified":"2025-02-27T01:48:11","modified_gmt":"2025-02-27T01:48:11","slug":"jerome-jeandillou-consultant-en-bilan-de-competences","status":"publish","type":"page","link":"https:\/\/afcholland.com\/fr\/jerome-jeandillou-consultant-en-bilan-de-competences\/","title":{"rendered":"J\u00e9r\u00f4me Jeandillou, consultant en bilan de comp\u00e9tences"},"content":{"rendered":"\t\t<div data-elementor-type=\"wp-page\" data-elementor-id=\"9662\" class=\"elementor elementor-9662\" data-elementor-post-type=\"page\">\n\t\t\t\t<div class=\"elementor-element elementor-element-6fe8bc53 e-flex e-con-boxed wpr-particle-no wpr-jarallax-no wpr-parallax-no wpr-sticky-section-no wpr-column-slider-no wpr-equal-height-no e-con e-parent\" data-id=\"6fe8bc53\" data-element_type=\"container\" data-e-type=\"container\">\n\t\t\t\t\t<div class=\"e-con-inner\">\n\t\t<div class=\"elementor-element elementor-element-4cd9fd0 e-con-full e-flex wpr-particle-no wpr-jarallax-no wpr-parallax-no wpr-sticky-section-no wpr-column-slider-no wpr-equal-height-no e-con e-child\" data-id=\"4cd9fd0\" data-element_type=\"container\" data-e-type=\"container\" data-settings=\"{&quot;background_background&quot;:&quot;classic&quot;}\">\n\t\t\t\t<div class=\"elementor-element elementor-element-31eb034d elementor-widget elementor-widget-text-editor\" data-id=\"31eb034d\" data-element_type=\"widget\" data-e-type=\"widget\" data-widget_type=\"text-editor.default\">\n\t\t\t\t\t\t\t\t\t\u00ab J\u2019ai suivi la formation sur le test AFC Holland (RIASEC) et j\u2019ai trouv\u00e9 cela extr\u00eamement int\u00e9ressant. Elle m\u2019a permis de mieux comprendre les types de personnalit\u00e9 et leurs interactions avec les choix professionnels. Les explications \u00e9taient claires, concr\u00e8tes et directement applicables dans un cadre professionnel, notamment pour accompagner des reconversions ou des bilans de comp\u00e9tences.\n<br><br>\nUne formation enrichissante que je recommande \u00e0 tous ceux qui souhaitent approfondir leurs connaissances sur ce mod\u00e8le ! \u00bb\n<p style=\"font-size: 14px; line-height: 18px; margin-left: 25px; margin-top: 20px;\"><strong>J\u00e9r\u00f4me Jeandillou<br>\nconsultant en bilan de comp\u00e9tences<br>\nFrance<\/strong><\/p>\t\t\t\t\t\t\t\t<\/div>\n\t\t\t\t<\/div>\n\t\t\t\t\t<\/div>\n\t\t\t\t<\/div>\n\t\t\t\t<\/div>\n\t\t","protected":false},"excerpt":{"rendered":"<p>\u00ab J\u2019ai suivi la formation sur le test AFC Holland (RIASEC) et j\u2019ai trouv\u00e9 cela extr\u00eamement int\u00e9ressant. Elle m\u2019a permis de mieux comprendre les types de personnalit\u00e9 et leurs interactions avec les choix professionnels. Les explications \u00e9taient claires, concr\u00e8tes et directement applicables dans un cadre professionnel, notamment pour accompagner des reconversions ou des bilans de comp\u00e9tences. Une formation enrichissante que je recommande \u00e0 tous ceux qui souhaitent approfondir leurs connaissances sur ce mod\u00e8le ! \u00bb J\u00e9r\u00f4me Jeandillou consultant en bilan de comp\u00e9tences France<\/p>\n","protected":false},"author":88902,"featured_media":0,"parent":0,"menu_order":0,"comment_status":"closed","ping_status":"closed","template":"","meta":{"_monsterinsights_skip_tracking":false,"_monsterinsights_sitenote_active":false,"_monsterinsights_sitenote_note":"","_monsterinsights_sitenote_category":0,"site-sidebar-layout":"default","site-content-layout":"","ast-site-content-layout":"default","site-content-style":"default","site-sidebar-style":"default","ast-global-header-display":"","ast-banner-title-visibility":"","ast-main-header-display":"","ast-hfb-above-header-display":"","ast-hfb-below-header-display":"","ast-hfb-mobile-header-display":"","site-post-title":"","ast-breadcrumbs-content":"","ast-featured-img":"","footer-sml-layout":"","ast-disable-related-posts":"","theme-transparent-header-meta":"default","adv-header-id-meta":"","stick-header-meta":"","header-above-stick-meta":"","header-main-stick-meta":"","header-below-stick-meta":"","astra-migrate-meta-layouts":"set","ast-page-background-enabled":"default","ast-page-background-meta":{"desktop":{"background-color":"var(--ast-global-color-4)","background-image":"","background-repeat":"repeat","background-position":"center center","background-size":"auto","background-attachment":"scroll","background-type":"","background-media":"","overlay-type":"","overlay-color":"","overlay-opacity":"","overlay-gradient":""},"tablet":{"background-color":"","background-image":"","background-repeat":"repeat","background-position":"center center","background-size":"auto","background-attachment":"scroll","background-type":"","background-media":"","overlay-type":"","overlay-color":"","overlay-opacity":"","overlay-gradient":""},"mobile":{"background-color":"","background-image":"","background-repeat":"repeat","background-position":"center center","background-size":"auto","background-attachment":"scroll","background-type":"","background-media":"","overlay-type":"","overlay-color":"","overlay-opacity":"","overlay-gradient":""}},"ast-content-background-meta":{"desktop":{"background-color":"var(--ast-global-color-5)","background-image":"","background-repeat":"repeat","background-position":"center center","background-size":"auto","background-attachment":"scroll","background-type":"","background-media":"","overlay-type":"","overlay-color":"","overlay-opacity":"","overlay-gradient":""},"tablet":{"background-color":"var(--ast-global-color-5)","background-image":"","background-repeat":"repeat","background-position":"center center","background-size":"auto","background-attachment":"scroll","background-type":"","background-media":"","overlay-type":"","overlay-color":"","overlay-opacity":"","overlay-gradient":""},"mobile":{"background-color":"var(--ast-global-color-5)","background-image":"","background-repeat":"repeat","background-position":"center center","background-size":"auto","background-attachment":"scroll","background-type":"","background-media":"","overlay-type":"","overlay-color":"","overlay-opacity":"","overlay-gradient":""}},"footnotes":""},"class_list":["post-9662","page","type-page","status-publish","hentry"],"_links":{"self":[{"href":"https:\/\/afcholland.com\/fr\/wp-json\/wp\/v2\/pages\/9662","targetHints":{"allow":["GET"]}}],"collection":[{"href":"https:\/\/afcholland.com\/fr\/wp-json\/wp\/v2\/pages"}],"about":[{"href":"https:\/\/afcholland.com\/fr\/wp-json\/wp\/v2\/types\/page"}],"author":[{"embeddable":true,"href":"https:\/\/afcholland.com\/fr\/wp-json\/wp\/v2\/users\/88902"}],"replies":[{"embeddable":true,"href":"https:\/\/afcholland.com\/fr\/wp-json\/wp\/v2\/comments?post=9662"}],"version-history":[{"count":0,"href":"https:\/\/afcholland.com\/fr\/wp-json\/wp\/v2\/pages\/9662\/revisions"}],"wp:attachment":[{"href":"https:\/\/afcholland.com\/fr\/wp-json\/wp\/v2\/media?parent=9662"}],"curies":[{"name":"wp","href":"https:\/\/api.w.org\/{rel}","templated":true}]}}