{"id":9669,"date":"2025-02-03T19:49:05","date_gmt":"2025-02-03T19:49:05","guid":{"rendered":"https:\/\/afcholland.com\/?page_id=9669"},"modified":"2025-02-27T01:46:37","modified_gmt":"2025-02-27T01:46:37","slug":"claudine-vergaert-formatrice-et-consultante-en-bilan-de-competences","status":"publish","type":"page","link":"https:\/\/afcholland.com\/fr\/claudine-vergaert-formatrice-et-consultante-en-bilan-de-competences\/","title":{"rendered":"Claudine Vergaert, formatrice et consultante en bilan de comp\u00e9tences"},"content":{"rendered":"\t\t<div data-elementor-type=\"wp-page\" data-elementor-id=\"9669\" class=\"elementor elementor-9669\" data-elementor-post-type=\"page\">\n\t\t\t\t<div class=\"elementor-element elementor-element-6fe8bc53 e-flex e-con-boxed wpr-particle-no wpr-jarallax-no wpr-parallax-no wpr-sticky-section-no wpr-column-slider-no wpr-equal-height-no e-con e-parent\" data-id=\"6fe8bc53\" data-element_type=\"container\" data-e-type=\"container\">\n\t\t\t\t\t<div class=\"e-con-inner\">\n\t\t<div class=\"elementor-element elementor-element-4cd9fd0 e-con-full e-flex wpr-particle-no wpr-jarallax-no wpr-parallax-no wpr-sticky-section-no wpr-column-slider-no wpr-equal-height-no e-con e-child\" data-id=\"4cd9fd0\" data-element_type=\"container\" data-e-type=\"container\" data-settings=\"{&quot;background_background&quot;:&quot;classic&quot;}\">\n\t\t\t\t<div class=\"elementor-element elementor-element-31eb034d elementor-widget elementor-widget-text-editor\" data-id=\"31eb034d\" data-element_type=\"widget\" data-e-type=\"widget\" data-widget_type=\"text-editor.default\">\n\t\t\t\t\t\t\t\t\t\u00ab Je propose, depuis plusieurs ann\u00e9es, le test du RIASEC de Holland \u00e0 mes accompagnant.es en Bilan de comp\u00e9tences. C\u2019est un outil que je trouve particuli\u00e8rement int\u00e9ressant.\n<br><br>\nLorsque j\u2019ai d\u00e9couvert le test AFC Holland, de Philippe Chevrette, j\u2019ai directement adh\u00e9r\u00e9 \u00e0 cette pr\u00e9sentation et aux r\u00e9sultats.\n<br><br>\nIl me manquait la formation pour avoir une expertise plus approfondie.\n<br><br>\nCette journ\u00e9e de formation m\u2019a apport\u00e9e toutes les informations n\u00e9cessaires \u00e0 son utilisation et \u00e0 la lecture aupr\u00e8s de mes client.es.\n<br><br>\nTh\u00e9orique le matin et, ensuite, analytique sur plusieurs cas pratiques, la formatrice a r\u00e9pondu de mani\u00e8re claire \u00e0 nos questions.\n<br><br>\nJe conseille vivement cette formation qui apportera aux accompagnatrices\/teurs en Bilan de comp\u00e9tences, une expertise professionnelle tr\u00e8s pertinente.\n\nUn vrai plus ! \u00bb\n<p style=\"font-size: 14px; line-height: 18px; margin-left: 25px; margin-top: 20px;\"><strong>Claudine Vergaert<br>Formatrice et consultante en bilan de comp\u00e9tences<br>France<\/strong><\/p>\t\t\t\t\t\t\t\t<\/div>\n\t\t\t\t<\/div>\n\t\t\t\t\t<\/div>\n\t\t\t\t<\/div>\n\t\t\t\t<\/div>\n\t\t","protected":false},"excerpt":{"rendered":"<p>\u00ab Je propose, depuis plusieurs ann\u00e9es, le test du RIASEC de Holland \u00e0 mes accompagnant.es en Bilan de comp\u00e9tences. C\u2019est un outil que je trouve particuli\u00e8rement int\u00e9ressant. Lorsque j\u2019ai d\u00e9couvert le test AFC Holland, de Philippe Chevrette, j\u2019ai directement adh\u00e9r\u00e9 \u00e0 cette pr\u00e9sentation et aux r\u00e9sultats. Il me manquait la formation pour avoir une expertise plus approfondie. Cette journ\u00e9e de formation m\u2019a apport\u00e9e toutes les informations n\u00e9cessaires \u00e0 son utilisation et \u00e0 la lecture aupr\u00e8s de mes client.es. Th\u00e9orique le matin et, ensuite, analytique sur plusieurs cas pratiques, la formatrice a r\u00e9pondu de mani\u00e8re claire \u00e0 nos questions. Je conseille vivement cette formation qui apportera aux accompagnatrices\/teurs en Bilan de comp\u00e9tences, une expertise professionnelle tr\u00e8s pertinente. Un vrai plus ! \u00bb Claudine Vergaert Formatrice et consultante en bilan de comp\u00e9tences France<\/p>\n","protected":false},"author":88902,"featured_media":0,"parent":0,"menu_order":0,"comment_status":"closed","ping_status":"closed","template":"","meta":{"_monsterinsights_skip_tracking":false,"_monsterinsights_sitenote_active":false,"_monsterinsights_sitenote_note":"","_monsterinsights_sitenote_category":0,"site-sidebar-layout":"default","site-content-layout":"","ast-site-content-layout":"default","site-content-style":"default","site-sidebar-style":"default","ast-global-header-display":"","ast-banner-title-visibility":"","ast-main-header-display":"","ast-hfb-above-header-display":"","ast-hfb-below-header-display":"","ast-hfb-mobile-header-display":"","site-post-title":"","ast-breadcrumbs-content":"","ast-featured-img":"","footer-sml-layout":"","ast-disable-related-posts":"","theme-transparent-header-meta":"default","adv-header-id-meta":"","stick-header-meta":"","header-above-stick-meta":"","header-main-stick-meta":"","header-below-stick-meta":"","astra-migrate-meta-layouts":"set","ast-page-background-enabled":"default","ast-page-background-meta":{"desktop":{"background-color":"var(--ast-global-color-4)","background-image":"","background-repeat":"repeat","background-position":"center center","background-size":"auto","background-attachment":"scroll","background-type":"","background-media":"","overlay-type":"","overlay-color":"","overlay-opacity":"","overlay-gradient":""},"tablet":{"background-color":"","background-image":"","background-repeat":"repeat","background-position":"center center","background-size":"auto","background-attachment":"scroll","background-type":"","background-media":"","overlay-type":"","overlay-color":"","overlay-opacity":"","overlay-gradient":""},"mobile":{"background-color":"","background-image":"","background-repeat":"repeat","background-position":"center center","background-size":"auto","background-attachment":"scroll","background-type":"","background-media":"","overlay-type":"","overlay-color":"","overlay-opacity":"","overlay-gradient":""}},"ast-content-background-meta":{"desktop":{"background-color":"var(--ast-global-color-5)","background-image":"","background-repeat":"repeat","background-position":"center center","background-size":"auto","background-attachment":"scroll","background-type":"","background-media":"","overlay-type":"","overlay-color":"","overlay-opacity":"","overlay-gradient":""},"tablet":{"background-color":"var(--ast-global-color-5)","background-image":"","background-repeat":"repeat","background-position":"center center","background-size":"auto","background-attachment":"scroll","background-type":"","background-media":"","overlay-type":"","overlay-color":"","overlay-opacity":"","overlay-gradient":""},"mobile":{"background-color":"var(--ast-global-color-5)","background-image":"","background-repeat":"repeat","background-position":"center center","background-size":"auto","background-attachment":"scroll","background-type":"","background-media":"","overlay-type":"","overlay-color":"","overlay-opacity":"","overlay-gradient":""}},"footnotes":""},"class_list":["post-9669","page","type-page","status-publish","hentry"],"_links":{"self":[{"href":"https:\/\/afcholland.com\/fr\/wp-json\/wp\/v2\/pages\/9669","targetHints":{"allow":["GET"]}}],"collection":[{"href":"https:\/\/afcholland.com\/fr\/wp-json\/wp\/v2\/pages"}],"about":[{"href":"https:\/\/afcholland.com\/fr\/wp-json\/wp\/v2\/types\/page"}],"author":[{"embeddable":true,"href":"https:\/\/afcholland.com\/fr\/wp-json\/wp\/v2\/users\/88902"}],"replies":[{"embeddable":true,"href":"https:\/\/afcholland.com\/fr\/wp-json\/wp\/v2\/comments?post=9669"}],"version-history":[{"count":0,"href":"https:\/\/afcholland.com\/fr\/wp-json\/wp\/v2\/pages\/9669\/revisions"}],"wp:attachment":[{"href":"https:\/\/afcholland.com\/fr\/wp-json\/wp\/v2\/media?parent=9669"}],"curies":[{"name":"wp","href":"https:\/\/api.w.org\/{rel}","templated":true}]}}